{"id":15513,"date":"2020-06-19T14:02:16","date_gmt":"2020-06-19T12:02:16","guid":{"rendered":"https:\/\/flanca.si\/izdelek\/cover-rose-die-fee\/"},"modified":"2020-06-19T14:02:16","modified_gmt":"2020-06-19T12:02:16","slug":"cover-rose-die-fee","status":"publish","type":"product","link":"https:\/\/flanca.si\/de\/produkt\/cover-rose-die-fee\/","title":{"rendered":"Cover Rose &#8222;Die Fee&#8220;"},"content":{"rendered":"<p>Eine Rose mit kleinen, zartrosa Bl\u00fcten. Sie beginnt im Juni zu bl\u00fchen und bl\u00fcht bis September. Zahlreiche Bl\u00fcten erscheinen in reichen traubenf\u00f6rmigen Bl\u00fctenst\u00e4nden. Er hat zahlreiche kleine gl\u00e4nzende Bl\u00e4tter. Die Rose w\u00e4chst tief am Boden und hat viele gesunde Triebe. Er eignet sich gut f\u00fcr den Hausgarten. Sie ist eine der widerstandsf\u00e4higsten Deckrosen. Sie wird auf n\u00e4hrstoffreichen, feuchten und durchl\u00e4ssigen B\u00f6den an sonnigen bis halbschattigen Standorten gepflanzt. Wir pflanzen 2 \u2013 3 Setzlinge \/ m2. N\u00fctzlich als Abdeckung oder freistehende Strauchrose, auch als Gef\u00e4\u00df. Die H\u00f6he des oberirdischen Teils des S\u00e4mlings: 25 cm   <\/p>\n","protected":false},"excerpt":{"rendered":"<ul>\n<li>Alte britische Sorte<\/li>\n<li>rosa bl\u00fchende Bodendecker, Rose<\/li>\n<li>bl\u00fchende Staude<\/li>\n<li>bl\u00fcht von Juni bis September<\/li>\n<li>H\u00f6he des S\u00e4mlings: 25 cm<\/li>\n<\/ul>\n<h4><strong>Verpackt 1 S\u00e4mling auf einmal!<\/strong><\/h4>\n","protected":false},"featured_media":12876,"template":"","meta":{"site-sidebar-layout":"default","site-content-layout":"default","ast-site-content-layout":"default","site-content-style":"default","site-sidebar-style":"default","ast-global-header-display":"","ast-banner-title-visibility":"","ast-main-header-display":"","ast-hfb-above-header-display":"","ast-hfb-below-header-display":"","ast-hfb-mobile-header-display":"","site-post-title":"","ast-breadcrumbs-content":"","ast-featured-img":"","footer-sml-layout":"","ast-disable-related-posts":"","theme-transparent-header-meta":"default","adv-header-id-meta":"","stick-header-meta":"default","header-above-stick-meta":"","header-main-stick-meta":"","header-below-stick-meta":"","astra-migrate-meta-layouts":"default","ast-page-background-enabled":"default","ast-page-background-meta":{"desktop":{"background-color":"","background-image":"","background-repeat":"repeat","background-position":"center center","background-size":"auto","background-attachment":"scroll","background-type":"","background-media":"","overlay-type":"","overlay-color":"","overlay-opacity":"","overlay-gradient":""},"tablet":{"background-color":"","background-image":"","background-repeat":"repeat","background-position":"center center","background-size":"auto","background-attachment":"scroll","background-type":"","background-media":"","overlay-type":"","overlay-color":"","overlay-opacity":"","overlay-gradient":""},"mobile":{"background-color":"","background-image":"","background-repeat":"repeat","background-position":"center center","background-size":"auto","background-attachment":"scroll","background-type":"","background-media":"","overlay-type":"","overlay-color":"","overlay-opacity":"","overlay-gradient":""}},"ast-content-background-meta":{"desktop":{"background-color":"var(--ast-global-color-5)","background-image":"","background-repeat":"repeat","background-position":"center center","background-size":"auto","background-attachment":"scroll","background-type":"","background-media":"","overlay-type":"","overlay-color":"","overlay-opacity":"","overlay-gradient":""},"tablet":{"background-color":"var(--ast-global-color-5)","background-image":"","background-repeat":"repeat","background-position":"center center","background-size":"auto","background-attachment":"scroll","background-type":"","background-media":"","overlay-type":"","overlay-color":"","overlay-opacity":"","overlay-gradient":""},"mobile":{"background-color":"var(--ast-global-color-5)","background-image":"","background-repeat":"repeat","background-position":"center center","background-size":"auto","background-attachment":"scroll","background-type":"","background-media":"","overlay-type":"","overlay-color":"","overlay-opacity":"","overlay-gradient":""}}},"product_brand":[],"product_cat":[960],"product_tag":[957,979,978],"class_list":{"0":"post-15513","1":"product","2":"type-product","3":"status-publish","4":"has-post-thumbnail","6":"product_cat-straucher-und-baume","7":"product_tag-blumenbeete","8":"product_tag-bodendecker-rosa","9":"product_tag-rose","10":"desktop-align-left","11":"tablet-align-left","12":"mobile-align-left","13":"ast-product-gallery-layout-horizontal","14":"ast-product-tabs-layout-horizontal","15":"ast-qv-on-image","17":"first","18":"outofstock","19":"taxable","20":"shipping-taxable","21":"purchasable","22":"product-type-simple"},"aioseo_notices":[],"_links":{"self":[{"href":"https:\/\/flanca.si\/de\/wp-json\/wp\/v2\/product\/15513","targetHints":{"allow":["GET"]}}],"collection":[{"href":"https:\/\/flanca.si\/de\/wp-json\/wp\/v2\/product"}],"about":[{"href":"https:\/\/flanca.si\/de\/wp-json\/wp\/v2\/types\/product"}],"wp:featuredmedia":[{"embeddable":true,"href":"https:\/\/flanca.si\/de\/wp-json\/wp\/v2\/media\/12876"}],"wp:attachment":[{"href":"https:\/\/flanca.si\/de\/wp-json\/wp\/v2\/media?parent=15513"}],"wp:term":[{"taxonomy":"product_brand","embeddable":true,"href":"https:\/\/flanca.si\/de\/wp-json\/wp\/v2\/product_brand?post=15513"},{"taxonomy":"product_cat","embeddable":true,"href":"https:\/\/flanca.si\/de\/wp-json\/wp\/v2\/product_cat?post=15513"},{"taxonomy":"product_tag","embeddable":true,"href":"https:\/\/flanca.si\/de\/wp-json\/wp\/v2\/product_tag?post=15513"}],"curies":[{"name":"wp","href":"https:\/\/api.w.org\/{rel}","templated":true}]}}