{"id":15512,"date":"2020-07-10T10:01:03","date_gmt":"2020-07-10T08:01:03","guid":{"rendered":"https:\/\/flanca.si\/izdelek\/azet-duenger-fuer-erdbeeren\/"},"modified":"2025-01-15T09:49:52","modified_gmt":"2025-01-15T08:49:52","slug":"azet-duenger-fuer-erdbeeren","status":"publish","type":"product","link":"https:\/\/flanca.si\/de\/produkt\/azet-duenger-fuer-erdbeeren\/","title":{"rendered":"Azet D\u00fcnger f\u00fcr Erdbeeren"},"content":{"rendered":"<p>Organischer Mehrn\u00e4hrstoffd\u00fcnger eignet sich zum D\u00fcngen aller Arten von Fr\u00fcchten. D\u00fcnger wird am besten beim Pflanzen verwendet, wo er im Pflanzloch vergraben wird. In bestehenden Plantagen wird der D\u00fcnger oberfl\u00e4chlich ausgebracht und mit einem 5-10 cm tiefen Rechen geharkt. Nach der D\u00fcngung mit etwas Niederschlag m\u00fcssen die Pflanzen gr\u00fcndlich gegossen werden. Der D\u00fcnger besteht zu 7 % aus Stickstoff, zu 3 % aus wasserl\u00f6slichem Phosphor und zu 10 % aus Kalium, das ebenfalls wasserl\u00f6slich ist. Der D\u00fcnger enth\u00e4lt mindestens 60 % organische Substanz. Die empfohlene Dosierung f\u00fcr die D\u00fcngung von Gartenerdbeeren beim Pflanzen betr\u00e4gt 1 vollen Essl\u00f6ffel pro Pflanzgrube. D\u00fcngen Sie w\u00e4hrend der Vegetationsperiode nach der Ernte mit 1-2 vollen Essl\u00f6ffeln D\u00fcnger. D\u00fcngen Sie im April mit einer halben Dosis. Bei der D\u00fcngung von Beeren werden 4X h\u00f6here Dosen verwendet als bei Erdbeeren. D\u00fcngen Sie jedoch nur beim Umtopfen und im Monat April. F\u00fcr die D\u00fcngung von Fr\u00fcchten werden 8x h\u00f6here Dosen verwendet als f\u00fcr Erdbeeren. Die D\u00fcngung erfolgt auf die gleiche Weise wie bei Beeren beim Umtopfen und im Monat April. Die Dosis von 1 Essl\u00f6ffel D\u00fcnger entspricht 12,5 g D\u00fcnger.   <\/p>\n","protected":false},"excerpt":{"rendered":"<ul>\n<li>Organischer D\u00fcnger<\/li>\n<li>D\u00fcngung aller Obstsorten<\/li>\n<li>D\u00fcngen bei der Pflanzung<\/li>\n<li>Geeignet f\u00fcr die Zucht<\/li>\n<\/ul>\n<h4><strong>Verpackt mit 1kg!<\/strong><\/h4>\n","protected":false},"featured_media":12883,"template":"","meta":{"site-sidebar-layout":"default","site-content-layout":"default","ast-site-content-layout":"default","site-content-style":"default","site-sidebar-style":"default","ast-global-header-display":"","ast-banner-title-visibility":"","ast-main-header-display":"","ast-hfb-above-header-display":"","ast-hfb-below-header-display":"","ast-hfb-mobile-header-display":"","site-post-title":"","ast-breadcrumbs-content":"","ast-featured-img":"","footer-sml-layout":"","ast-disable-related-posts":"","theme-transparent-header-meta":"default","adv-header-id-meta":"","stick-header-meta":"default","header-above-stick-meta":"","header-main-stick-meta":"","header-below-stick-meta":"","astra-migrate-meta-layouts":"default","ast-page-background-enabled":"default","ast-page-background-meta":{"desktop":{"background-color":"","background-image":"","background-repeat":"repeat","background-position":"center center","background-size":"auto","background-attachment":"scroll","background-type":"","background-media":"","overlay-type":"","overlay-color":"","overlay-opacity":"","overlay-gradient":""},"tablet":{"background-color":"","background-image":"","background-repeat":"repeat","background-position":"center center","background-size":"auto","background-attachment":"scroll","background-type":"","background-media":"","overlay-type":"","overlay-color":"","overlay-opacity":"","overlay-gradient":""},"mobile":{"background-color":"","background-image":"","background-repeat":"repeat","background-position":"center center","background-size":"auto","background-attachment":"scroll","background-type":"","background-media":"","overlay-type":"","overlay-color":"","overlay-opacity":"","overlay-gradient":""}},"ast-content-background-meta":{"desktop":{"background-color":"var(--ast-global-color-5)","background-image":"","background-repeat":"repeat","background-position":"center center","background-size":"auto","background-attachment":"scroll","background-type":"","background-media":"","overlay-type":"","overlay-color":"","overlay-opacity":"","overlay-gradient":""},"tablet":{"background-color":"var(--ast-global-color-5)","background-image":"","background-repeat":"repeat","background-position":"center center","background-size":"auto","background-attachment":"scroll","background-type":"","background-media":"","overlay-type":"","overlay-color":"","overlay-opacity":"","overlay-gradient":""},"mobile":{"background-color":"var(--ast-global-color-5)","background-image":"","background-repeat":"repeat","background-position":"center center","background-size":"auto","background-attachment":"scroll","background-type":"","background-media":"","overlay-type":"","overlay-color":"","overlay-opacity":"","overlay-gradient":""}}},"product_brand":[],"product_cat":[904],"product_tag":[1504,1450,916,1492],"class_list":{"0":"post-15512","1":"product","2":"type-product","3":"status-publish","4":"has-post-thumbnail","6":"product_cat-dungemittel","7":"product_tag-dunger-fur-erdbeeren","8":"product_tag-erdbeeren","9":"product_tag-obst","10":"product_tag-organischer-dunger","11":"desktop-align-left","12":"tablet-align-left","13":"mobile-align-left","14":"ast-product-gallery-layout-horizontal","15":"ast-product-gallery-with-no-image","16":"ast-product-tabs-layout-horizontal","17":"ast-qv-on-image","19":"first","20":"outofstock","21":"taxable","22":"shipping-taxable","23":"purchasable","24":"product-type-simple"},"aioseo_notices":[],"_links":{"self":[{"href":"https:\/\/flanca.si\/de\/wp-json\/wp\/v2\/product\/15512","targetHints":{"allow":["GET"]}}],"collection":[{"href":"https:\/\/flanca.si\/de\/wp-json\/wp\/v2\/product"}],"about":[{"href":"https:\/\/flanca.si\/de\/wp-json\/wp\/v2\/types\/product"}],"wp:featuredmedia":[{"embeddable":true,"href":"https:\/\/flanca.si\/de\/wp-json\/wp\/v2\/media\/12883"}],"wp:attachment":[{"href":"https:\/\/flanca.si\/de\/wp-json\/wp\/v2\/media?parent=15512"}],"wp:term":[{"taxonomy":"product_brand","embeddable":true,"href":"https:\/\/flanca.si\/de\/wp-json\/wp\/v2\/product_brand?post=15512"},{"taxonomy":"product_cat","embeddable":true,"href":"https:\/\/flanca.si\/de\/wp-json\/wp\/v2\/product_cat?post=15512"},{"taxonomy":"product_tag","embeddable":true,"href":"https:\/\/flanca.si\/de\/wp-json\/wp\/v2\/product_tag?post=15512"}],"curies":[{"name":"wp","href":"https:\/\/api.w.org\/{rel}","templated":true}]}}