{"id":15511,"date":"2020-07-10T10:09:29","date_gmt":"2020-07-10T08:09:29","guid":{"rendered":"https:\/\/flanca.si\/izdelek\/azet-duenger-fuer-tomaten\/"},"modified":"2020-07-10T10:09:29","modified_gmt":"2020-07-10T08:09:29","slug":"azet-duenger-fuer-tomaten","status":"publish","type":"product","link":"https:\/\/flanca.si\/de\/produkt\/azet-duenger-fuer-tomaten\/","title":{"rendered":"Azet D\u00fcnger f\u00fcr Tomaten"},"content":{"rendered":"<p>Langwirksamer organischer D\u00fcnger enth\u00e4lt mindestens 70 % organische Substanz. D\u00fcnger wird am besten direkt nach der Pflanzung in das Pflanzloch gemischt. Wenn wir d\u00fcngen wollen, wenn die Pflanzen schon gr\u00f6\u00dfer sind, streuen wir den D\u00fcnger \u00fcber die Oberfl\u00e4che und harken ihn mit einem Rechen zusammen. Wichtig ist, die Pflanzen nach der D\u00fcngung gr\u00fcndlich zu gie\u00dfen. Der D\u00fcnger eignet sich zur D\u00fcngung aller Fruchtpflanzen (Tomaten, Paprika, Gurken, Zucchini).<\/p>\n","protected":false},"excerpt":{"rendered":"<ul>\n<li>Organischer D\u00fcnger<\/li>\n<li>langfristiger Betrieb<\/li>\n<li>70% organische Substanz<\/li>\n<li>geeignet zur D\u00fcngung aller Fruchtpflanzen<\/li>\n<\/ul>\n<h4><strong>Verpackt mit 1kg!<\/strong><\/h4>\n","protected":false},"featured_media":12884,"template":"","meta":{"site-sidebar-layout":"default","site-content-layout":"default","ast-site-content-layout":"default","site-content-style":"default","site-sidebar-style":"default","ast-global-header-display":"","ast-banner-title-visibility":"","ast-main-header-display":"","ast-hfb-above-header-display":"","ast-hfb-below-header-display":"","ast-hfb-mobile-header-display":"","site-post-title":"","ast-breadcrumbs-content":"","ast-featured-img":"","footer-sml-layout":"","ast-disable-related-posts":"","theme-transparent-header-meta":"default","adv-header-id-meta":"","stick-header-meta":"default","header-above-stick-meta":"","header-main-stick-meta":"","header-below-stick-meta":"","astra-migrate-meta-layouts":"default","ast-page-background-enabled":"default","ast-page-background-meta":{"desktop":{"background-color":"","background-image":"","background-repeat":"repeat","background-position":"center center","background-size":"auto","background-attachment":"scroll","background-type":"","background-media":"","overlay-type":"","overlay-color":"","overlay-opacity":"","overlay-gradient":""},"tablet":{"background-color":"","background-image":"","background-repeat":"repeat","background-position":"center center","background-size":"auto","background-attachment":"scroll","background-type":"","background-media":"","overlay-type":"","overlay-color":"","overlay-opacity":"","overlay-gradient":""},"mobile":{"background-color":"","background-image":"","background-repeat":"repeat","background-position":"center center","background-size":"auto","background-attachment":"scroll","background-type":"","background-media":"","overlay-type":"","overlay-color":"","overlay-opacity":"","overlay-gradient":""}},"ast-content-background-meta":{"desktop":{"background-color":"var(--ast-global-color-5)","background-image":"","background-repeat":"repeat","background-position":"center center","background-size":"auto","background-attachment":"scroll","background-type":"","background-media":"","overlay-type":"","overlay-color":"","overlay-opacity":"","overlay-gradient":""},"tablet":{"background-color":"var(--ast-global-color-5)","background-image":"","background-repeat":"repeat","background-position":"center center","background-size":"auto","background-attachment":"scroll","background-type":"","background-media":"","overlay-type":"","overlay-color":"","overlay-opacity":"","overlay-gradient":""},"mobile":{"background-color":"var(--ast-global-color-5)","background-image":"","background-repeat":"repeat","background-position":"center center","background-size":"auto","background-attachment":"scroll","background-type":"","background-media":"","overlay-type":"","overlay-color":"","overlay-opacity":"","overlay-gradient":""}}},"product_brand":[],"product_cat":[904],"product_tag":[901,1501,1492,1018],"class_list":{"0":"post-15511","1":"product","2":"type-product","3":"status-publish","4":"has-post-thumbnail","6":"product_cat-dungemittel","7":"product_tag-dunger","8":"product_tag-dunger-fur-tomaten","9":"product_tag-organischer-dunger","10":"product_tag-tomaten","11":"desktop-align-left","12":"tablet-align-left","13":"mobile-align-left","14":"ast-product-gallery-layout-horizontal","15":"ast-product-gallery-with-no-image","16":"ast-product-tabs-layout-horizontal","17":"ast-qv-on-image","19":"first","20":"outofstock","21":"taxable","22":"shipping-taxable","23":"purchasable","24":"product-type-simple"},"aioseo_notices":[],"_links":{"self":[{"href":"https:\/\/flanca.si\/de\/wp-json\/wp\/v2\/product\/15511","targetHints":{"allow":["GET"]}}],"collection":[{"href":"https:\/\/flanca.si\/de\/wp-json\/wp\/v2\/product"}],"about":[{"href":"https:\/\/flanca.si\/de\/wp-json\/wp\/v2\/types\/product"}],"wp:featuredmedia":[{"embeddable":true,"href":"https:\/\/flanca.si\/de\/wp-json\/wp\/v2\/media\/12884"}],"wp:attachment":[{"href":"https:\/\/flanca.si\/de\/wp-json\/wp\/v2\/media?parent=15511"}],"wp:term":[{"taxonomy":"product_brand","embeddable":true,"href":"https:\/\/flanca.si\/de\/wp-json\/wp\/v2\/product_brand?post=15511"},{"taxonomy":"product_cat","embeddable":true,"href":"https:\/\/flanca.si\/de\/wp-json\/wp\/v2\/product_cat?post=15511"},{"taxonomy":"product_tag","embeddable":true,"href":"https:\/\/flanca.si\/de\/wp-json\/wp\/v2\/product_tag?post=15511"}],"curies":[{"name":"wp","href":"https:\/\/api.w.org\/{rel}","templated":true}]}}