{"id":15505,"date":"2020-07-24T08:02:39","date_gmt":"2020-07-24T06:02:39","guid":{"rendered":"https:\/\/flanca.si\/izdelek\/basfoliar-duenger-zur-erhoehung-der-widerstandsfaehigkeit-der-pflanze\/"},"modified":"2020-07-24T08:02:39","modified_gmt":"2020-07-24T06:02:39","slug":"basfoliar-duenger-zur-erhoehung-der-widerstandsfaehigkeit-der-pflanze","status":"publish","type":"product","link":"https:\/\/flanca.si\/de\/produkt\/basfoliar-duenger-zur-erhoehung-der-widerstandsfaehigkeit-der-pflanze\/","title":{"rendered":"Basfoliar &#8211; D\u00fcnger zur Erh\u00f6hung der Widerstandsf\u00e4higkeit der Pflanze"},"content":{"rendered":"<p>Organisch-mineralischer Fl\u00fcssigd\u00fcnger NPK 3+27+18, zur Bew\u00e4sserung und Blattd\u00fcngung von Pflanzen. Basfoliar Aktiv ist ein organisch-mineralischer D\u00fcnger f\u00fcr den Gartenbau und Sonderkulturen, der aus Gr\u00fcnalgenextrakt gewonnen wird, der nach einem patentierten Kaltpressverfahren verarbeitet wird, das die Konservierung aller wertvollen Zellbestandteile erm\u00f6glicht. Der D\u00fcnger stimuliert das Wachstum von Trieben und Wurzeln, st\u00e4rkt die nat\u00fcrlichen Abwehrkr\u00e4fte der Pflanzen, erh\u00f6ht die Vitalit\u00e4t und Widerstandsf\u00e4higkeit der Pflanzen,&#8230; Schnelle und effiziente Wirkung durch Bl\u00e4tter und Wurzeln. Es ist ideal in Kombination mit fungiziden Ma\u00dfnahmen gegen verschiedene Pilzkrankheiten. Es wird in einer Dosis von 30 ml\/10 l Wasser, 3 ml\/1 l Wasser zum Gie\u00dfen oder Blattauftragen verwendet.<\/p>\n","protected":false},"excerpt":{"rendered":"<ul>\n<li>Fl\u00fcssiger organisch-mineralischer D\u00fcnger<\/li>\n<li>zur Bew\u00e4sserung und Blattd\u00fcngung<\/li>\n<li>f\u00fcr den Gartenbau und Spezialkulturen<\/li>\n<li>stimuliert das Wachstum, st\u00e4rkt die Pflanzen, erh\u00f6ht die Widerstandskraft der Pflanze<\/li>\n<li>schneller und effizienter Betrieb<\/li>\n<\/ul>\n<h4><strong>Verpackt in 0,25l!<\/strong><\/h4>\n","protected":false},"featured_media":12887,"template":"","meta":{"site-sidebar-layout":"default","site-content-layout":"default","ast-site-content-layout":"default","site-content-style":"default","site-sidebar-style":"default","ast-global-header-display":"","ast-banner-title-visibility":"","ast-main-header-display":"","ast-hfb-above-header-display":"","ast-hfb-below-header-display":"","ast-hfb-mobile-header-display":"","site-post-title":"","ast-breadcrumbs-content":"","ast-featured-img":"","footer-sml-layout":"","ast-disable-related-posts":"","theme-transparent-header-meta":"default","adv-header-id-meta":"","stick-header-meta":"default","header-above-stick-meta":"","header-main-stick-meta":"","header-below-stick-meta":"","astra-migrate-meta-layouts":"default","ast-page-background-enabled":"default","ast-page-background-meta":{"desktop":{"background-color":"","background-image":"","background-repeat":"repeat","background-position":"center center","background-size":"auto","background-attachment":"scroll","background-type":"","background-media":"","overlay-type":"","overlay-color":"","overlay-opacity":"","overlay-gradient":""},"tablet":{"background-color":"","background-image":"","background-repeat":"repeat","background-position":"center center","background-size":"auto","background-attachment":"scroll","background-type":"","background-media":"","overlay-type":"","overlay-color":"","overlay-opacity":"","overlay-gradient":""},"mobile":{"background-color":"","background-image":"","background-repeat":"repeat","background-position":"center center","background-size":"auto","background-attachment":"scroll","background-type":"","background-media":"","overlay-type":"","overlay-color":"","overlay-opacity":"","overlay-gradient":""}},"ast-content-background-meta":{"desktop":{"background-color":"var(--ast-global-color-5)","background-image":"","background-repeat":"repeat","background-position":"center center","background-size":"auto","background-attachment":"scroll","background-type":"","background-media":"","overlay-type":"","overlay-color":"","overlay-opacity":"","overlay-gradient":""},"tablet":{"background-color":"var(--ast-global-color-5)","background-image":"","background-repeat":"repeat","background-position":"center center","background-size":"auto","background-attachment":"scroll","background-type":"","background-media":"","overlay-type":"","overlay-color":"","overlay-opacity":"","overlay-gradient":""},"mobile":{"background-color":"var(--ast-global-color-5)","background-image":"","background-repeat":"repeat","background-position":"center center","background-size":"auto","background-attachment":"scroll","background-type":"","background-media":"","overlay-type":"","overlay-color":"","overlay-opacity":"","overlay-gradient":""}}},"product_brand":[],"product_cat":[904],"product_tag":[1493,1492,1494],"class_list":{"0":"post-15505","1":"product","2":"type-product","3":"status-publish","4":"has-post-thumbnail","6":"product_cat-dungemittel","7":"product_tag-mineraldunger","8":"product_tag-organischer-dunger","9":"product_tag-starkung-der-pflanze","10":"desktop-align-left","11":"tablet-align-left","12":"mobile-align-left","13":"ast-product-gallery-layout-horizontal","14":"ast-product-gallery-with-no-image","15":"ast-product-tabs-layout-horizontal","16":"ast-qv-on-image","18":"first","19":"outofstock","20":"taxable","21":"shipping-taxable","22":"purchasable","23":"product-type-simple"},"aioseo_notices":[],"_links":{"self":[{"href":"https:\/\/flanca.si\/de\/wp-json\/wp\/v2\/product\/15505","targetHints":{"allow":["GET"]}}],"collection":[{"href":"https:\/\/flanca.si\/de\/wp-json\/wp\/v2\/product"}],"about":[{"href":"https:\/\/flanca.si\/de\/wp-json\/wp\/v2\/types\/product"}],"wp:featuredmedia":[{"embeddable":true,"href":"https:\/\/flanca.si\/de\/wp-json\/wp\/v2\/media\/12887"}],"wp:attachment":[{"href":"https:\/\/flanca.si\/de\/wp-json\/wp\/v2\/media?parent=15505"}],"wp:term":[{"taxonomy":"product_brand","embeddable":true,"href":"https:\/\/flanca.si\/de\/wp-json\/wp\/v2\/product_brand?post=15505"},{"taxonomy":"product_cat","embeddable":true,"href":"https:\/\/flanca.si\/de\/wp-json\/wp\/v2\/product_cat?post=15505"},{"taxonomy":"product_tag","embeddable":true,"href":"https:\/\/flanca.si\/de\/wp-json\/wp\/v2\/product_tag?post=15505"}],"curies":[{"name":"wp","href":"https:\/\/api.w.org\/{rel}","templated":true}]}}