{"id":15503,"date":"2020-07-28T14:11:54","date_gmt":"2020-07-28T12:11:54","guid":{"rendered":"https:\/\/flanca.si\/izdelek\/rote-tuerkische-nelke-niedrig\/"},"modified":"2020-07-28T14:11:54","modified_gmt":"2020-07-28T12:11:54","slug":"rote-tuerkische-nelke-niedrig","status":"publish","type":"product","link":"https:\/\/flanca.si\/de\/produkt\/rote-tuerkische-nelke-niedrig\/","title":{"rendered":"Rote t\u00fcrkische Nelke &#8211; Niedrig"},"content":{"rendered":"<p>Kompakt wachsende t\u00fcrkische Nelke, die nur bis zu 20 cm hoch wird.<\/p>\n<p>Es eignet sich zum Bepflanzen von T\u00f6pfen oder Tr\u00f6gen. Es kann auch in Gartenbeeten und Steing\u00e4rten gepflanzt werden. Die Bl\u00fcten sind dunkelrot.<\/p>\n<p>Wenn wir sie im Herbst pflanzen, wird sie im Fr\u00fchsommer n\u00e4chsten Jahres bl\u00fchen.<\/p>\n","protected":false},"excerpt":{"rendered":"<ul>\n<li>niedrige t\u00fcrkische Nelke<\/li>\n<li>Pflanztr\u00f6ge und T\u00f6pfe<\/li>\n<li>Blumenbeete pflanzen<\/li>\n<li>rote Bl\u00fcten<\/li>\n<li>Kompaktes Wachstum<\/li>\n<\/ul>\n<h4><strong>Verpackt 1 Pflanze auf einmal!<\/strong><\/h4>\n","protected":false},"featured_media":13569,"template":"","meta":{"site-sidebar-layout":"default","site-content-layout":"default","ast-site-content-layout":"default","site-content-style":"default","site-sidebar-style":"default","ast-global-header-display":"","ast-banner-title-visibility":"","ast-main-header-display":"","ast-hfb-above-header-display":"","ast-hfb-below-header-display":"","ast-hfb-mobile-header-display":"","site-post-title":"","ast-breadcrumbs-content":"","ast-featured-img":"","footer-sml-layout":"","ast-disable-related-posts":"","theme-transparent-header-meta":"default","adv-header-id-meta":"","stick-header-meta":"default","header-above-stick-meta":"","header-main-stick-meta":"","header-below-stick-meta":"","astra-migrate-meta-layouts":"default","ast-page-background-enabled":"default","ast-page-background-meta":{"desktop":{"background-color":"","background-image":"","background-repeat":"repeat","background-position":"center center","background-size":"auto","background-attachment":"scroll","background-type":"","background-media":"","overlay-type":"","overlay-color":"","overlay-opacity":"","overlay-gradient":""},"tablet":{"background-color":"","background-image":"","background-repeat":"repeat","background-position":"center center","background-size":"auto","background-attachment":"scroll","background-type":"","background-media":"","overlay-type":"","overlay-color":"","overlay-opacity":"","overlay-gradient":""},"mobile":{"background-color":"","background-image":"","background-repeat":"repeat","background-position":"center center","background-size":"auto","background-attachment":"scroll","background-type":"","background-media":"","overlay-type":"","overlay-color":"","overlay-opacity":"","overlay-gradient":""}},"ast-content-background-meta":{"desktop":{"background-color":"var(--ast-global-color-5)","background-image":"","background-repeat":"repeat","background-position":"center center","background-size":"auto","background-attachment":"scroll","background-type":"","background-media":"","overlay-type":"","overlay-color":"","overlay-opacity":"","overlay-gradient":""},"tablet":{"background-color":"var(--ast-global-color-5)","background-image":"","background-repeat":"repeat","background-position":"center center","background-size":"auto","background-attachment":"scroll","background-type":"","background-media":"","overlay-type":"","overlay-color":"","overlay-opacity":"","overlay-gradient":""},"mobile":{"background-color":"var(--ast-global-color-5)","background-image":"","background-repeat":"repeat","background-position":"center center","background-size":"auto","background-attachment":"scroll","background-type":"","background-media":"","overlay-type":"","overlay-color":"","overlay-opacity":"","overlay-gradient":""}}},"product_brand":[],"product_cat":[925],"product_tag":[957,956,1166,1165,1164,1163],"class_list":{"0":"post-15503","1":"product","2":"type-product","3":"status-publish","4":"has-post-thumbnail","6":"product_cat-pflanzen-fur-troge-und-beete","7":"product_tag-blumenbeete","8":"product_tag-blumentroge","9":"product_tag-kochtopfe","10":"product_tag-kompaktes-wachstum","11":"product_tag-niedrig","12":"product_tag-turkische-nelke","13":"desktop-align-left","14":"tablet-align-left","15":"mobile-align-left","16":"ast-product-gallery-layout-horizontal","17":"ast-product-gallery-with-no-image","18":"ast-product-tabs-layout-horizontal","19":"ast-qv-on-image","21":"first","22":"outofstock","23":"taxable","24":"shipping-taxable","25":"purchasable","26":"product-type-simple"},"aioseo_notices":[],"_links":{"self":[{"href":"https:\/\/flanca.si\/de\/wp-json\/wp\/v2\/product\/15503","targetHints":{"allow":["GET"]}}],"collection":[{"href":"https:\/\/flanca.si\/de\/wp-json\/wp\/v2\/product"}],"about":[{"href":"https:\/\/flanca.si\/de\/wp-json\/wp\/v2\/types\/product"}],"wp:featuredmedia":[{"embeddable":true,"href":"https:\/\/flanca.si\/de\/wp-json\/wp\/v2\/media\/13569"}],"wp:attachment":[{"href":"https:\/\/flanca.si\/de\/wp-json\/wp\/v2\/media?parent=15503"}],"wp:term":[{"taxonomy":"product_brand","embeddable":true,"href":"https:\/\/flanca.si\/de\/wp-json\/wp\/v2\/product_brand?post=15503"},{"taxonomy":"product_cat","embeddable":true,"href":"https:\/\/flanca.si\/de\/wp-json\/wp\/v2\/product_cat?post=15503"},{"taxonomy":"product_tag","embeddable":true,"href":"https:\/\/flanca.si\/de\/wp-json\/wp\/v2\/product_tag?post=15503"}],"curies":[{"name":"wp","href":"https:\/\/api.w.org\/{rel}","templated":true}]}}