{"id":15488,"date":"2020-07-30T14:21:56","date_gmt":"2020-07-30T12:21:56","guid":{"rendered":"https:\/\/flanca.si\/izdelek\/karpaten-glockenblume-blau\/"},"modified":"2020-07-30T14:21:56","modified_gmt":"2020-07-30T12:21:56","slug":"karpaten-glockenblume-blau","status":"publish","type":"product","link":"https:\/\/flanca.si\/de\/produkt\/karpaten-glockenblume-blau\/","title":{"rendered":"Karpaten Glockenblume &#8211; Blau"},"content":{"rendered":"<p>Die Glockenblume der Karpaten ist eine niedrige, mehrj\u00e4hrige Pflanze, die sich langsam ausbreitet und einen attraktiven Bodendecker bildet. Im Sommer explodiert die Pflanze mit becherf\u00f6rmigen, 5 Zentimeter gro\u00dfen, kr\u00e4ftigen, blauen Bl\u00fcten. Die Bl\u00fcten erscheinen an kurzen Stielen, die aus hellgr\u00fcnen, herzf\u00f6rmigen Bl\u00e4ttern wachsen. Die Pflanze vertr\u00e4gt bis zu -34\u00b0C und ist bei warmen Winterbedingungen halbimmergr\u00fcn bis immergr\u00fcn. Sie ist eine sonnenliebende Staude. Der Schnitt f\u00f6rdert die zus\u00e4tzliche Bl\u00fcte. Glockenblumen sind eher ungeeignet f\u00fcr die Bepflanzung von Steing\u00e4rten, Wegr\u00e4ndern, Blumenbeeten, Kleiderb\u00fcgeln, Tr\u00f6gen,&#8230;<\/p>\n","protected":false},"excerpt":{"rendered":"<ul>\n<li><em>Campanula carpatica \/ Perle Tiefblau<\/em><\/li>\n<li>Bodendecker mehrj\u00e4hrig<\/li>\n<li>sonnige Lagen<\/li>\n<li>reichlich bl\u00fchend<\/li>\n<li>lila Bl\u00fcten<\/li>\n<li>unpr\u00e4tenti\u00f6s zu erziehen<\/li>\n<\/ul>\n<h4><strong>Verpackt 1 Pflanze auf einmal!<\/strong><\/h4>\n","protected":false},"featured_media":12910,"template":"","meta":{"site-sidebar-layout":"default","site-content-layout":"default","ast-site-content-layout":"default","site-content-style":"default","site-sidebar-style":"default","ast-global-header-display":"","ast-banner-title-visibility":"","ast-main-header-display":"","ast-hfb-above-header-display":"","ast-hfb-below-header-display":"","ast-hfb-mobile-header-display":"","site-post-title":"","ast-breadcrumbs-content":"","ast-featured-img":"","footer-sml-layout":"","ast-disable-related-posts":"","theme-transparent-header-meta":"default","adv-header-id-meta":"","stick-header-meta":"default","header-above-stick-meta":"","header-main-stick-meta":"","header-below-stick-meta":"","astra-migrate-meta-layouts":"default","ast-page-background-enabled":"default","ast-page-background-meta":{"desktop":{"background-color":"","background-image":"","background-repeat":"repeat","background-position":"center center","background-size":"auto","background-attachment":"scroll","background-type":"","background-media":"","overlay-type":"","overlay-color":"","overlay-opacity":"","overlay-gradient":""},"tablet":{"background-color":"","background-image":"","background-repeat":"repeat","background-position":"center center","background-size":"auto","background-attachment":"scroll","background-type":"","background-media":"","overlay-type":"","overlay-color":"","overlay-opacity":"","overlay-gradient":""},"mobile":{"background-color":"","background-image":"","background-repeat":"repeat","background-position":"center center","background-size":"auto","background-attachment":"scroll","background-type":"","background-media":"","overlay-type":"","overlay-color":"","overlay-opacity":"","overlay-gradient":""}},"ast-content-background-meta":{"desktop":{"background-color":"var(--ast-global-color-5)","background-image":"","background-repeat":"repeat","background-position":"center center","background-size":"auto","background-attachment":"scroll","background-type":"","background-media":"","overlay-type":"","overlay-color":"","overlay-opacity":"","overlay-gradient":""},"tablet":{"background-color":"var(--ast-global-color-5)","background-image":"","background-repeat":"repeat","background-position":"center center","background-size":"auto","background-attachment":"scroll","background-type":"","background-media":"","overlay-type":"","overlay-color":"","overlay-opacity":"","overlay-gradient":""},"mobile":{"background-color":"var(--ast-global-color-5)","background-image":"","background-repeat":"repeat","background-position":"center center","background-size":"auto","background-attachment":"scroll","background-type":"","background-media":"","overlay-type":"","overlay-color":"","overlay-opacity":"","overlay-gradient":""}}},"product_brand":[],"product_cat":[925],"product_tag":[957,1440,1179,1019],"class_list":{"0":"post-15488","1":"product","2":"type-product","3":"status-publish","4":"has-post-thumbnail","6":"product_cat-pflanzen-fur-troge-und-beete","7":"product_tag-blumenbeete","8":"product_tag-bodendecker-mehrjahrig","9":"product_tag-laubabwerfende-staude","10":"product_tag-steingarten","11":"desktop-align-left","12":"tablet-align-left","13":"mobile-align-left","14":"ast-product-gallery-layout-horizontal","15":"ast-product-gallery-with-no-image","16":"ast-product-tabs-layout-horizontal","17":"ast-qv-on-image","19":"first","20":"outofstock","21":"taxable","22":"shipping-taxable","23":"purchasable","24":"product-type-simple"},"aioseo_notices":[],"_links":{"self":[{"href":"https:\/\/flanca.si\/de\/wp-json\/wp\/v2\/product\/15488","targetHints":{"allow":["GET"]}}],"collection":[{"href":"https:\/\/flanca.si\/de\/wp-json\/wp\/v2\/product"}],"about":[{"href":"https:\/\/flanca.si\/de\/wp-json\/wp\/v2\/types\/product"}],"wp:featuredmedia":[{"embeddable":true,"href":"https:\/\/flanca.si\/de\/wp-json\/wp\/v2\/media\/12910"}],"wp:attachment":[{"href":"https:\/\/flanca.si\/de\/wp-json\/wp\/v2\/media?parent=15488"}],"wp:term":[{"taxonomy":"product_brand","embeddable":true,"href":"https:\/\/flanca.si\/de\/wp-json\/wp\/v2\/product_brand?post=15488"},{"taxonomy":"product_cat","embeddable":true,"href":"https:\/\/flanca.si\/de\/wp-json\/wp\/v2\/product_cat?post=15488"},{"taxonomy":"product_tag","embeddable":true,"href":"https:\/\/flanca.si\/de\/wp-json\/wp\/v2\/product_tag?post=15488"}],"curies":[{"name":"wp","href":"https:\/\/api.w.org\/{rel}","templated":true}]}}