{"id":15465,"date":"2020-09-02T10:28:31","date_gmt":"2020-09-02T08:28:31","guid":{"rendered":"https:\/\/flanca.si\/izdelek\/herbstliches-heide-trio\/"},"modified":"2020-09-02T10:28:31","modified_gmt":"2020-09-02T08:28:31","slug":"herbstliches-heide-trio","status":"publish","type":"product","link":"https:\/\/flanca.si\/de\/produkt\/herbstliches-heide-trio\/","title":{"rendered":"Herbstliches Heide-Trio"},"content":{"rendered":"<p>Die Herbstheide ist eine kleine, gepolsterte, sich langsam bewegende Pflanze und geh\u00f6rt zu den beliebtesten Herbstpflanzen. Die Bl\u00fcten sind zahlreich, in aufrechten traubenf\u00f6rmigen Bl\u00fctenst\u00e4nden, glockenf\u00f6rmig, wei\u00df, rosa bis rot. Sie bl\u00fcht von August bis in den Sp\u00e4therbst. Sie w\u00e4chst gut auf sauren, hum\u00f6sen, teilweise sandigen, lockeren B\u00f6den. Er eignet sich f\u00fcr sonnige bis halbschattige Standorte. Zwei Farben sind in einem Topf miteinander verflochten. Die Pflanze eignet sich f\u00fcr die Bildung von Herbstpflanzungen einzeln oder in Kombination mit anderen Herbstbl\u00fchern. Es ist v\u00f6llig unpr\u00e4tenti\u00f6s in Bezug auf seine Erziehung und Wartung. Mit seinen Farben verleiht es den Herbsttagen einen Hauch von Lebendigkeit.<\/p>\n","protected":false},"excerpt":{"rendered":"<ul>\n<li><em>Calluna vulgaris<\/em><\/li>\n<li>Herbstliche Pflanzungen<\/li>\n<li>Beliebte Herbstpflanze<\/li>\n<li>Diversifizierung von Blumentr\u00f6gen und T\u00f6pfen<\/li>\n<li>unpr\u00e4tenti\u00f6s<\/li>\n<\/ul>\n<h4><strong>Verpackt 1 S\u00e4mling auf einmal!<\/strong><\/h4>\n","protected":false},"featured_media":13619,"template":"","meta":{"site-sidebar-layout":"default","site-content-layout":"default","ast-site-content-layout":"default","site-content-style":"default","site-sidebar-style":"default","ast-global-header-display":"","ast-banner-title-visibility":"","ast-main-header-display":"","ast-hfb-above-header-display":"","ast-hfb-below-header-display":"","ast-hfb-mobile-header-display":"","site-post-title":"","ast-breadcrumbs-content":"","ast-featured-img":"","footer-sml-layout":"","ast-disable-related-posts":"","theme-transparent-header-meta":"default","adv-header-id-meta":"","stick-header-meta":"default","header-above-stick-meta":"","header-main-stick-meta":"","header-below-stick-meta":"","astra-migrate-meta-layouts":"default","ast-page-background-enabled":"default","ast-page-background-meta":{"desktop":{"background-color":"","background-image":"","background-repeat":"repeat","background-position":"center center","background-size":"auto","background-attachment":"scroll","background-type":"","background-media":"","overlay-type":"","overlay-color":"","overlay-opacity":"","overlay-gradient":""},"tablet":{"background-color":"","background-image":"","background-repeat":"repeat","background-position":"center center","background-size":"auto","background-attachment":"scroll","background-type":"","background-media":"","overlay-type":"","overlay-color":"","overlay-opacity":"","overlay-gradient":""},"mobile":{"background-color":"","background-image":"","background-repeat":"repeat","background-position":"center center","background-size":"auto","background-attachment":"scroll","background-type":"","background-media":"","overlay-type":"","overlay-color":"","overlay-opacity":"","overlay-gradient":""}},"ast-content-background-meta":{"desktop":{"background-color":"var(--ast-global-color-5)","background-image":"","background-repeat":"repeat","background-position":"center center","background-size":"auto","background-attachment":"scroll","background-type":"","background-media":"","overlay-type":"","overlay-color":"","overlay-opacity":"","overlay-gradient":""},"tablet":{"background-color":"var(--ast-global-color-5)","background-image":"","background-repeat":"repeat","background-position":"center center","background-size":"auto","background-attachment":"scroll","background-type":"","background-media":"","overlay-type":"","overlay-color":"","overlay-opacity":"","overlay-gradient":""},"mobile":{"background-color":"var(--ast-global-color-5)","background-image":"","background-repeat":"repeat","background-position":"center center","background-size":"auto","background-attachment":"scroll","background-type":"","background-media":"","overlay-type":"","overlay-color":"","overlay-opacity":"","overlay-gradient":""}}},"product_brand":[],"product_cat":[925],"product_tag":[956,1160,1172,1459,924],"class_list":{"0":"post-15465","1":"product","2":"type-product","3":"status-publish","4":"has-post-thumbnail","6":"product_cat-pflanzen-fur-troge-und-beete","7":"product_tag-blumentroge","8":"product_tag-herbst","9":"product_tag-herbstliche-pflanzungen","10":"product_tag-telugu-de-10","11":"product_tag-troge-und-blumenbeete","12":"desktop-align-left","13":"tablet-align-left","14":"mobile-align-left","15":"ast-product-gallery-layout-horizontal","16":"ast-product-tabs-layout-horizontal","17":"ast-qv-on-image","19":"first","20":"outofstock","21":"taxable","22":"shipping-taxable","23":"purchasable","24":"product-type-simple"},"aioseo_notices":[],"_links":{"self":[{"href":"https:\/\/flanca.si\/de\/wp-json\/wp\/v2\/product\/15465","targetHints":{"allow":["GET"]}}],"collection":[{"href":"https:\/\/flanca.si\/de\/wp-json\/wp\/v2\/product"}],"about":[{"href":"https:\/\/flanca.si\/de\/wp-json\/wp\/v2\/types\/product"}],"wp:featuredmedia":[{"embeddable":true,"href":"https:\/\/flanca.si\/de\/wp-json\/wp\/v2\/media\/13619"}],"wp:attachment":[{"href":"https:\/\/flanca.si\/de\/wp-json\/wp\/v2\/media?parent=15465"}],"wp:term":[{"taxonomy":"product_brand","embeddable":true,"href":"https:\/\/flanca.si\/de\/wp-json\/wp\/v2\/product_brand?post=15465"},{"taxonomy":"product_cat","embeddable":true,"href":"https:\/\/flanca.si\/de\/wp-json\/wp\/v2\/product_cat?post=15465"},{"taxonomy":"product_tag","embeddable":true,"href":"https:\/\/flanca.si\/de\/wp-json\/wp\/v2\/product_tag?post=15465"}],"curies":[{"name":"wp","href":"https:\/\/api.w.org\/{rel}","templated":true}]}}