{"id":15463,"date":"2020-09-02T11:41:45","date_gmt":"2020-09-02T09:41:45","guid":{"rendered":"https:\/\/flanca.si\/izdelek\/salat-im-eco-topf\/"},"modified":"2020-09-02T11:41:45","modified_gmt":"2020-09-02T09:41:45","slug":"salat-im-eco-topf","status":"publish","type":"product","link":"https:\/\/flanca.si\/de\/produkt\/salat-im-eco-topf\/","title":{"rendered":"Salat im ECO-Topf"},"content":{"rendered":"<p>Salat im \u00d6ko-Topf eignet sich f\u00fcr alle, die auch in den Herbsttagen einen hausgemachten Qualit\u00e4tssalat herstellen m\u00f6chten. Es handelt sich um eine Herbstsorte von Nichtjudensalat, die eine geschwollene, gut gef\u00fcllte offene Rosette von hellgr\u00fcner Farbe mit lockigen Bl\u00e4ttern bildet. Salat, der resistent gegen Auslaufen in die Bl\u00fcte und \u00dcberwucherung ist. Salat wird in einen \u00d6ko-Topf und ein \u00d6ko-Substrat gepflanzt. Du kannst den Salat auf dem Balkon in einen Topf geben und warten, bis er eine Rosette bildet. Oder toppen Sie es in einen gr\u00f6\u00dferen Topf oder eine Sp\u00fcle. Sie k\u00f6nnen den Salat mit einer richtig geformten Rosette sch\u00e4len, und die Rosette wird wiederhergestellt. Auf diese Weise k\u00f6nnen Sie den ganzen Herbst \u00fcber einen frischen hausgemachten Salat zubereiten.<\/p>\n","protected":false},"excerpt":{"rendered":"<ul>\n<li>Salat im \u00d6ko-Topf<\/li>\n<li>Anbau im Topf oder Trog<\/li>\n<li>Setzlinge f\u00fcr den schnellen Anbau von hausgemachtem Salat<\/li>\n<li>Anbau auf dem Balkon oder der Fensterbank<\/li>\n<li>Knackiger Salat auch im Herbst<\/li>\n<\/ul>\n<h4><strong>Verpackt 1 S\u00e4mling auf einmal!<\/strong><\/h4>\n","protected":false},"featured_media":12947,"template":"","meta":{"site-sidebar-layout":"default","site-content-layout":"default","ast-site-content-layout":"default","site-content-style":"default","site-sidebar-style":"default","ast-global-header-display":"","ast-banner-title-visibility":"","ast-main-header-display":"","ast-hfb-above-header-display":"","ast-hfb-below-header-display":"","ast-hfb-mobile-header-display":"","site-post-title":"","ast-breadcrumbs-content":"","ast-featured-img":"","footer-sml-layout":"","ast-disable-related-posts":"","theme-transparent-header-meta":"default","adv-header-id-meta":"","stick-header-meta":"default","header-above-stick-meta":"","header-main-stick-meta":"","header-below-stick-meta":"","astra-migrate-meta-layouts":"default","ast-page-background-enabled":"default","ast-page-background-meta":{"desktop":{"background-color":"","background-image":"","background-repeat":"repeat","background-position":"center center","background-size":"auto","background-attachment":"scroll","background-type":"","background-media":"","overlay-type":"","overlay-color":"","overlay-opacity":"","overlay-gradient":""},"tablet":{"background-color":"","background-image":"","background-repeat":"repeat","background-position":"center center","background-size":"auto","background-attachment":"scroll","background-type":"","background-media":"","overlay-type":"","overlay-color":"","overlay-opacity":"","overlay-gradient":""},"mobile":{"background-color":"","background-image":"","background-repeat":"repeat","background-position":"center center","background-size":"auto","background-attachment":"scroll","background-type":"","background-media":"","overlay-type":"","overlay-color":"","overlay-opacity":"","overlay-gradient":""}},"ast-content-background-meta":{"desktop":{"background-color":"var(--ast-global-color-5)","background-image":"","background-repeat":"repeat","background-position":"center center","background-size":"auto","background-attachment":"scroll","background-type":"","background-media":"","overlay-type":"","overlay-color":"","overlay-opacity":"","overlay-gradient":""},"tablet":{"background-color":"var(--ast-global-color-5)","background-image":"","background-repeat":"repeat","background-position":"center center","background-size":"auto","background-attachment":"scroll","background-type":"","background-media":"","overlay-type":"","overlay-color":"","overlay-opacity":"","overlay-gradient":""},"mobile":{"background-color":"var(--ast-global-color-5)","background-image":"","background-repeat":"repeat","background-position":"center center","background-size":"auto","background-attachment":"scroll","background-type":"","background-media":"","overlay-type":"","overlay-color":"","overlay-opacity":"","overlay-gradient":""}}},"product_brand":[],"product_cat":[865],"product_tag":[1437,1160,1461,1036],"class_list":{"0":"post-15463","1":"product","2":"type-product","3":"status-publish","4":"has-post-thumbnail","6":"product_cat-salate","7":"product_tag-eichhornchen-salat","8":"product_tag-herbst","9":"product_tag-oko-topf","10":"product_tag-salat","11":"desktop-align-left","12":"tablet-align-left","13":"mobile-align-left","14":"ast-product-gallery-layout-horizontal","15":"ast-product-gallery-with-no-image","16":"ast-product-tabs-layout-horizontal","17":"ast-qv-on-image","19":"first","20":"outofstock","21":"taxable","22":"shipping-taxable","23":"purchasable","24":"product-type-simple"},"aioseo_notices":[],"_links":{"self":[{"href":"https:\/\/flanca.si\/de\/wp-json\/wp\/v2\/product\/15463","targetHints":{"allow":["GET"]}}],"collection":[{"href":"https:\/\/flanca.si\/de\/wp-json\/wp\/v2\/product"}],"about":[{"href":"https:\/\/flanca.si\/de\/wp-json\/wp\/v2\/types\/product"}],"wp:featuredmedia":[{"embeddable":true,"href":"https:\/\/flanca.si\/de\/wp-json\/wp\/v2\/media\/12947"}],"wp:attachment":[{"href":"https:\/\/flanca.si\/de\/wp-json\/wp\/v2\/media?parent=15463"}],"wp:term":[{"taxonomy":"product_brand","embeddable":true,"href":"https:\/\/flanca.si\/de\/wp-json\/wp\/v2\/product_brand?post=15463"},{"taxonomy":"product_cat","embeddable":true,"href":"https:\/\/flanca.si\/de\/wp-json\/wp\/v2\/product_cat?post=15463"},{"taxonomy":"product_tag","embeddable":true,"href":"https:\/\/flanca.si\/de\/wp-json\/wp\/v2\/product_tag?post=15463"}],"curies":[{"name":"wp","href":"https:\/\/api.w.org\/{rel}","templated":true}]}}