{"id":15460,"date":"2020-10-08T11:30:54","date_gmt":"2020-10-08T09:30:54","guid":{"rendered":"https:\/\/flanca.si\/izdelek\/gewoehnlicher-eintueriger-weissdorn\/"},"modified":"2020-10-08T11:30:54","modified_gmt":"2020-10-08T09:30:54","slug":"gewoehnlicher-eintueriger-weissdorn","status":"publish","type":"product","link":"https:\/\/flanca.si\/de\/produkt\/gewoehnlicher-eintueriger-weissdorn\/","title":{"rendered":"Gew\u00f6hnlicher (eint\u00fcriger) Wei\u00dfdorn"},"content":{"rendered":"<p>Die Pflanze, die den Busch bildet, w\u00e4chst an w\u00e4rmeren und helleren Standorten. In der H\u00f6he kann sie bis zu 6 m hoch werden. Wei\u00dfe Bl\u00fcten erscheinen von Mai bis Juni, dunkelrote runde Fr\u00fcchte mit einer Steinfrucht entwickeln sich aus ihnen. Die Bl\u00e4tter sind deutlich fleckig. Die Pflanze bildet dornige Triebe. In der h\u00e4uslichen Krankenpflege ist es seit langem eine gesch\u00e4tzte Heilpflanze, die hilft, Kreislauf-, Magen-Darm- oder Atemwegsprobleme zu lindern. Dar\u00fcber hinaus gilt Wei\u00dfdorn seit langem als Mittel zur St\u00e4rkung eines geschw\u00e4chten Herzens. Zur Herstellung von Tinkturen, Teemischungen,&#8230; Wir k\u00f6nnen Bl\u00e4tter, Bl\u00fcten oder Fr\u00fcchte verwenden. Verschiedene Teile der Pflanze enthalten unterschiedliche Mengen an medizinischen Substanzen. Die H\u00f6he des oberirdischen Teils des S\u00e4mlings: 60 &#8211; 80 cm <\/p>\n","protected":false},"excerpt":{"rendered":"<ul>\n<li><em>Crataegus monogyna<\/em><\/li>\n<li>Laubbaum<\/li>\n<li>Eine gesch\u00e4tzte Pflanze f\u00fcr die h\u00e4usliche Gesundheit<\/li>\n<li>Zubereitung von Tinkturen, Tees,&#8230;<\/li>\n<li>wird bis zu 6 m hoch<\/li>\n<li>H\u00f6he des S\u00e4mlings: 60 &#8211; 80 cm<\/li>\n<\/ul>\n<h4><strong>Verpackt 1 S\u00e4mling auf einmal!<\/strong><\/h4>\n","protected":false},"featured_media":12957,"template":"","meta":{"site-sidebar-layout":"default","site-content-layout":"default","ast-site-content-layout":"default","site-content-style":"default","site-sidebar-style":"default","ast-global-header-display":"","ast-banner-title-visibility":"","ast-main-header-display":"","ast-hfb-above-header-display":"","ast-hfb-below-header-display":"","ast-hfb-mobile-header-display":"","site-post-title":"","ast-breadcrumbs-content":"","ast-featured-img":"","footer-sml-layout":"","ast-disable-related-posts":"","theme-transparent-header-meta":"default","adv-header-id-meta":"","stick-header-meta":"default","header-above-stick-meta":"","header-main-stick-meta":"","header-below-stick-meta":"","astra-migrate-meta-layouts":"default","ast-page-background-enabled":"default","ast-page-background-meta":{"desktop":{"background-color":"","background-image":"","background-repeat":"repeat","background-position":"center center","background-size":"auto","background-attachment":"scroll","background-type":"","background-media":"","overlay-type":"","overlay-color":"","overlay-opacity":"","overlay-gradient":""},"tablet":{"background-color":"","background-image":"","background-repeat":"repeat","background-position":"center center","background-size":"auto","background-attachment":"scroll","background-type":"","background-media":"","overlay-type":"","overlay-color":"","overlay-opacity":"","overlay-gradient":""},"mobile":{"background-color":"","background-image":"","background-repeat":"repeat","background-position":"center center","background-size":"auto","background-attachment":"scroll","background-type":"","background-media":"","overlay-type":"","overlay-color":"","overlay-opacity":"","overlay-gradient":""}},"ast-content-background-meta":{"desktop":{"background-color":"var(--ast-global-color-5)","background-image":"","background-repeat":"repeat","background-position":"center center","background-size":"auto","background-attachment":"scroll","background-type":"","background-media":"","overlay-type":"","overlay-color":"","overlay-opacity":"","overlay-gradient":""},"tablet":{"background-color":"var(--ast-global-color-5)","background-image":"","background-repeat":"repeat","background-position":"center center","background-size":"auto","background-attachment":"scroll","background-type":"","background-media":"","overlay-type":"","overlay-color":"","overlay-opacity":"","overlay-gradient":""},"mobile":{"background-color":"var(--ast-global-color-5)","background-image":"","background-repeat":"repeat","background-position":"center center","background-size":"auto","background-attachment":"scroll","background-type":"","background-media":"","overlay-type":"","overlay-color":"","overlay-opacity":"","overlay-gradient":""}}},"product_brand":[],"product_cat":[960],"product_tag":[],"class_list":{"0":"post-15460","1":"product","2":"type-product","3":"status-publish","4":"has-post-thumbnail","6":"product_cat-straucher-und-baume","7":"desktop-align-left","8":"tablet-align-left","9":"mobile-align-left","10":"ast-product-gallery-layout-horizontal","11":"ast-product-tabs-layout-horizontal","12":"ast-qv-on-image","14":"first","15":"outofstock","16":"taxable","17":"shipping-taxable","18":"purchasable","19":"product-type-simple"},"aioseo_notices":[],"_links":{"self":[{"href":"https:\/\/flanca.si\/de\/wp-json\/wp\/v2\/product\/15460","targetHints":{"allow":["GET"]}}],"collection":[{"href":"https:\/\/flanca.si\/de\/wp-json\/wp\/v2\/product"}],"about":[{"href":"https:\/\/flanca.si\/de\/wp-json\/wp\/v2\/types\/product"}],"wp:featuredmedia":[{"embeddable":true,"href":"https:\/\/flanca.si\/de\/wp-json\/wp\/v2\/media\/12957"}],"wp:attachment":[{"href":"https:\/\/flanca.si\/de\/wp-json\/wp\/v2\/media?parent=15460"}],"wp:term":[{"taxonomy":"product_brand","embeddable":true,"href":"https:\/\/flanca.si\/de\/wp-json\/wp\/v2\/product_brand?post=15460"},{"taxonomy":"product_cat","embeddable":true,"href":"https:\/\/flanca.si\/de\/wp-json\/wp\/v2\/product_cat?post=15460"},{"taxonomy":"product_tag","embeddable":true,"href":"https:\/\/flanca.si\/de\/wp-json\/wp\/v2\/product_tag?post=15460"}],"curies":[{"name":"wp","href":"https:\/\/api.w.org\/{rel}","templated":true}]}}