{"id":15456,"date":"2020-10-08T13:29:32","date_gmt":"2020-10-08T11:29:32","guid":{"rendered":"https:\/\/flanca.si\/izdelek\/smarshwood-birne-smokey\/"},"modified":"2020-10-08T13:29:32","modified_gmt":"2020-10-08T11:29:32","slug":"smarshwood-birne-smokey","status":"publish","type":"product","link":"https:\/\/flanca.si\/de\/produkt\/smarshwood-birne-smokey\/","title":{"rendered":"Smarshwood Birne &#8220;Smokey&#8220;"},"content":{"rendered":"<p>Ein gro\u00dfer, mehrst\u00e4mmiger Strauch, der durch den Schnitt im zeitigen Fr\u00fchjahr nach Belieben geformt werden kann. Im April erscheinen satte wei\u00dfe Bl\u00fcten an der Pflanze. Im Juli werden s\u00fc\u00dfe und saftige dunkle runde Beeren geerntet, die auch in Marmeladen, S\u00e4ften und Kompotten verwendet werden k\u00f6nnen. Kinder lieben sie einfach. Im Herbst hingegen beobachten wir wundersch\u00f6n gef\u00e4rbtes Laub in Rot-, Gelb- und Oranget\u00f6nen. Ein Strauch, der Sie zu jeder Jahreszeit erfreut. Die H\u00f6he des oberirdischen Teils des S\u00e4mlings: 20 &#8211; 30 cm<\/p>\n","protected":false},"excerpt":{"rendered":"<ul>\n<li><em>Amelanchier lamarckii<\/em><\/li>\n<li>Essbare Fr\u00fcchte<\/li>\n<li>Sch\u00f6ner fr\u00fchlingsbl\u00fchender Baum<\/li>\n<li>Attraktives r\u00f6tlich gef\u00e4rbtes Laub im Herbst<\/li>\n<li>H\u00f6he des S\u00e4mlings: 20 &#8211; 30 cm<\/li>\n<\/ul>\n<p>&nbsp;<\/p>\n<h4><strong>Verpackt 1 S\u00e4mling auf einmal!<\/strong><\/h4>\n","protected":false},"featured_media":12961,"template":"","meta":{"site-sidebar-layout":"default","site-content-layout":"default","ast-site-content-layout":"default","site-content-style":"default","site-sidebar-style":"default","ast-global-header-display":"","ast-banner-title-visibility":"","ast-main-header-display":"","ast-hfb-above-header-display":"","ast-hfb-below-header-display":"","ast-hfb-mobile-header-display":"","site-post-title":"","ast-breadcrumbs-content":"","ast-featured-img":"","footer-sml-layout":"","ast-disable-related-posts":"","theme-transparent-header-meta":"default","adv-header-id-meta":"","stick-header-meta":"default","header-above-stick-meta":"","header-main-stick-meta":"","header-below-stick-meta":"","astra-migrate-meta-layouts":"default","ast-page-background-enabled":"default","ast-page-background-meta":{"desktop":{"background-color":"","background-image":"","background-repeat":"repeat","background-position":"center center","background-size":"auto","background-attachment":"scroll","background-type":"","background-media":"","overlay-type":"","overlay-color":"","overlay-opacity":"","overlay-gradient":""},"tablet":{"background-color":"","background-image":"","background-repeat":"repeat","background-position":"center center","background-size":"auto","background-attachment":"scroll","background-type":"","background-media":"","overlay-type":"","overlay-color":"","overlay-opacity":"","overlay-gradient":""},"mobile":{"background-color":"","background-image":"","background-repeat":"repeat","background-position":"center center","background-size":"auto","background-attachment":"scroll","background-type":"","background-media":"","overlay-type":"","overlay-color":"","overlay-opacity":"","overlay-gradient":""}},"ast-content-background-meta":{"desktop":{"background-color":"var(--ast-global-color-5)","background-image":"","background-repeat":"repeat","background-position":"center center","background-size":"auto","background-attachment":"scroll","background-type":"","background-media":"","overlay-type":"","overlay-color":"","overlay-opacity":"","overlay-gradient":""},"tablet":{"background-color":"var(--ast-global-color-5)","background-image":"","background-repeat":"repeat","background-position":"center center","background-size":"auto","background-attachment":"scroll","background-type":"","background-media":"","overlay-type":"","overlay-color":"","overlay-opacity":"","overlay-gradient":""},"mobile":{"background-color":"var(--ast-global-color-5)","background-image":"","background-repeat":"repeat","background-position":"center center","background-size":"auto","background-attachment":"scroll","background-type":"","background-media":"","overlay-type":"","overlay-color":"","overlay-opacity":"","overlay-gradient":""}}},"product_brand":[],"product_cat":[913],"product_tag":[1029,1027,969],"class_list":{"0":"post-15456","1":"product","2":"type-product","3":"status-publish","4":"has-post-thumbnail","6":"product_cat-erdbeeren","7":"product_tag-ausgezeichneter-geschmack","8":"product_tag-essbare-fruchte","9":"product_tag-laubbaum","10":"product_shipping_class-personliche-abholung","11":"desktop-align-left","12":"tablet-align-left","13":"mobile-align-left","14":"ast-product-gallery-layout-horizontal","15":"ast-product-tabs-layout-horizontal","16":"ast-qv-on-image","18":"first","19":"instock","20":"taxable","21":"shipping-taxable","22":"purchasable","23":"product-type-simple"},"aioseo_notices":[],"_links":{"self":[{"href":"https:\/\/flanca.si\/de\/wp-json\/wp\/v2\/product\/15456","targetHints":{"allow":["GET"]}}],"collection":[{"href":"https:\/\/flanca.si\/de\/wp-json\/wp\/v2\/product"}],"about":[{"href":"https:\/\/flanca.si\/de\/wp-json\/wp\/v2\/types\/product"}],"wp:featuredmedia":[{"embeddable":true,"href":"https:\/\/flanca.si\/de\/wp-json\/wp\/v2\/media\/12961"}],"wp:attachment":[{"href":"https:\/\/flanca.si\/de\/wp-json\/wp\/v2\/media?parent=15456"}],"wp:term":[{"taxonomy":"product_brand","embeddable":true,"href":"https:\/\/flanca.si\/de\/wp-json\/wp\/v2\/product_brand?post=15456"},{"taxonomy":"product_cat","embeddable":true,"href":"https:\/\/flanca.si\/de\/wp-json\/wp\/v2\/product_cat?post=15456"},{"taxonomy":"product_tag","embeddable":true,"href":"https:\/\/flanca.si\/de\/wp-json\/wp\/v2\/product_tag?post=15456"}],"curies":[{"name":"wp","href":"https:\/\/api.w.org\/{rel}","templated":true}]}}