{"id":15453,"date":"2020-10-14T09:48:01","date_gmt":"2020-10-14T07:48:01","guid":{"rendered":"https:\/\/flanca.si\/izdelek\/hibiskus-oiseau-bleu\/"},"modified":"2025-01-21T11:18:22","modified_gmt":"2025-01-21T10:18:22","slug":"hibiskus-oiseau-bleu","status":"publish","type":"product","link":"https:\/\/flanca.si\/de\/produkt\/hibiskus-oiseau-bleu\/","title":{"rendered":"Hibiskus &#8218;Oiseau Bleu&#8216;"},"content":{"rendered":"<p>Laubabwerfender Strauch mit aufrechtem Wuchs. Sie bl\u00fcht vom Sp\u00e4tsommer bis Mitte Herbst. Die Bl\u00fcten sind blau-violett gef\u00e4rbt mit einer dunkelroten Mitte der Bl\u00fcte. Sie reagiert auf anhaltende Trockenheit, indem sie Knospen abwirft. Er lockt Schmetterlinge und Bienen an. Sehr unpr\u00e4tenti\u00f6ser Strauch, auch f\u00fcr die st\u00e4dtische Umgebung geeignet. Sie wird an sonnigen Standorten mit feuchten, n\u00e4hrstoffreichen und durchl\u00e4ssigen B\u00f6den gepflanzt. Die H\u00f6he des oberirdischen Teils des S\u00e4mlings: 40 &#8211; 60 cm  <\/p>\n","protected":false},"excerpt":{"rendered":"<ul>\n<li><em>Hibiskus-K\u00e4se. &#8222;Oiseau Bleu&#8220; <\/em><\/li>\n<li>Zwergstrauch<\/li>\n<li>bl\u00fcht vom Sp\u00e4tsommer bis zur Mitte des Herbstes<\/li>\n<li>aufrechtes Wachstum<\/li>\n<li>zieht Schmetterlinge und Bienen an<\/li>\n<li>H\u00f6he der S\u00e4mlinge: 40 &#8211; 60 cm<\/li>\n<\/ul>\n<h4><strong>Verpackt 1 S\u00e4mling auf einmal!<\/strong><\/h4>\n","protected":false},"featured_media":21535,"template":"","meta":{"site-sidebar-layout":"default","site-content-layout":"default","ast-site-content-layout":"default","site-content-style":"default","site-sidebar-style":"default","ast-global-header-display":"","ast-banner-title-visibility":"","ast-main-header-display":"","ast-hfb-above-header-display":"","ast-hfb-below-header-display":"","ast-hfb-mobile-header-display":"","site-post-title":"","ast-breadcrumbs-content":"","ast-featured-img":"","footer-sml-layout":"","ast-disable-related-posts":"","theme-transparent-header-meta":"default","adv-header-id-meta":"","stick-header-meta":"default","header-above-stick-meta":"","header-main-stick-meta":"","header-below-stick-meta":"","astra-migrate-meta-layouts":"default","ast-page-background-enabled":"default","ast-page-background-meta":{"desktop":{"background-color":"","background-image":"","background-repeat":"repeat","background-position":"center center","background-size":"auto","background-attachment":"scroll","background-type":"","background-media":"","overlay-type":"","overlay-color":"","overlay-opacity":"","overlay-gradient":""},"tablet":{"background-color":"","background-image":"","background-repeat":"repeat","background-position":"center center","background-size":"auto","background-attachment":"scroll","background-type":"","background-media":"","overlay-type":"","overlay-color":"","overlay-opacity":"","overlay-gradient":""},"mobile":{"background-color":"","background-image":"","background-repeat":"repeat","background-position":"center center","background-size":"auto","background-attachment":"scroll","background-type":"","background-media":"","overlay-type":"","overlay-color":"","overlay-opacity":"","overlay-gradient":""}},"ast-content-background-meta":{"desktop":{"background-color":"var(--ast-global-color-5)","background-image":"","background-repeat":"repeat","background-position":"center center","background-size":"auto","background-attachment":"scroll","background-type":"","background-media":"","overlay-type":"","overlay-color":"","overlay-opacity":"","overlay-gradient":""},"tablet":{"background-color":"var(--ast-global-color-5)","background-image":"","background-repeat":"repeat","background-position":"center center","background-size":"auto","background-attachment":"scroll","background-type":"","background-media":"","overlay-type":"","overlay-color":"","overlay-opacity":"","overlay-gradient":""},"mobile":{"background-color":"var(--ast-global-color-5)","background-image":"","background-repeat":"repeat","background-position":"center center","background-size":"auto","background-attachment":"scroll","background-type":"","background-media":"","overlay-type":"","overlay-color":"","overlay-opacity":"","overlay-gradient":""}}},"product_brand":[],"product_cat":[960],"product_tag":[1096,950,963],"class_list":{"0":"post-15453","1":"product","2":"type-product","3":"status-publish","4":"has-post-thumbnail","6":"product_cat-straucher-und-baume","7":"product_tag-hecken","8":"product_tag-strauch","9":"product_tag-zierpflanze","10":"desktop-align-left","11":"tablet-align-left","12":"mobile-align-left","13":"ast-product-gallery-layout-horizontal","14":"ast-product-gallery-with-no-image","15":"ast-product-tabs-layout-horizontal","16":"ast-qv-on-image","18":"first","19":"outofstock","20":"taxable","21":"shipping-taxable","22":"purchasable","23":"product-type-simple"},"aioseo_notices":[],"_links":{"self":[{"href":"https:\/\/flanca.si\/de\/wp-json\/wp\/v2\/product\/15453","targetHints":{"allow":["GET"]}}],"collection":[{"href":"https:\/\/flanca.si\/de\/wp-json\/wp\/v2\/product"}],"about":[{"href":"https:\/\/flanca.si\/de\/wp-json\/wp\/v2\/types\/product"}],"wp:featuredmedia":[{"embeddable":true,"href":"https:\/\/flanca.si\/de\/wp-json\/wp\/v2\/media\/21535"}],"wp:attachment":[{"href":"https:\/\/flanca.si\/de\/wp-json\/wp\/v2\/media?parent=15453"}],"wp:term":[{"taxonomy":"product_brand","embeddable":true,"href":"https:\/\/flanca.si\/de\/wp-json\/wp\/v2\/product_brand?post=15453"},{"taxonomy":"product_cat","embeddable":true,"href":"https:\/\/flanca.si\/de\/wp-json\/wp\/v2\/product_cat?post=15453"},{"taxonomy":"product_tag","embeddable":true,"href":"https:\/\/flanca.si\/de\/wp-json\/wp\/v2\/product_tag?post=15453"}],"curies":[{"name":"wp","href":"https:\/\/api.w.org\/{rel}","templated":true}]}}