{"id":15451,"date":"2020-10-14T10:14:16","date_gmt":"2020-10-14T08:14:16","guid":{"rendered":"https:\/\/flanca.si\/izdelek\/die-beatles-von-little-angel\/"},"modified":"2020-10-14T10:14:16","modified_gmt":"2020-10-14T08:14:16","slug":"die-beatles-von-little-angel","status":"publish","type":"product","link":"https:\/\/flanca.si\/de\/produkt\/die-beatles-von-little-angel\/","title":{"rendered":"Die Beatles von &#8222;Little Angel&#8220;"},"content":{"rendered":"<p>Kleiner, kompakter, aufrechter, schnell wachsender Laubstrauch. Sie bildet aufrechte, teilweise offene \u00c4ste. Die Rinde l\u00f6st sich in Streifen ab und verleiht dem Strauch eine zus\u00e4tzliche dekorative Note. Junge Bl\u00e4tter sind orangerot, sp\u00e4ter dunkelviolettrot bis weinrot, im Herbst orangerot bis purpurrot. Zahlreiche Bl\u00fcten in k\u00fcgelchenen Bl\u00fctenst\u00e4nden, sehr duftend, wei\u00df, mit einem rosa Schimmer, erscheinen von Juni bis Juli. Die Pflanze zieht Schmetterlinge und Bienen an. Es ist ein unpr\u00e4tenti\u00f6ser, anpassungsf\u00e4higer Strauch, der die st\u00e4dtische Umgebung, Wind und K\u00e4lte sehr gut vertr\u00e4gt.  <\/p>\n","protected":false},"excerpt":{"rendered":"<ul>\n<li><em>Physocarpus op. &#8218;Kleiner Engel&#8216; <\/em><\/li>\n<li>Kompaktes Wachstum<\/li>\n<li>Geeignet f\u00fcr Sp\u00fclen und T\u00f6pfe<\/li>\n<li>Zwergstrauch<\/li>\n<\/ul>\n<h4><strong>Verpackt 1 S\u00e4mling auf einmal!<\/strong><\/h4>\n","protected":false},"featured_media":12979,"template":"","meta":{"site-sidebar-layout":"default","site-content-layout":"default","ast-site-content-layout":"default","site-content-style":"default","site-sidebar-style":"default","ast-global-header-display":"","ast-banner-title-visibility":"","ast-main-header-display":"","ast-hfb-above-header-display":"","ast-hfb-below-header-display":"","ast-hfb-mobile-header-display":"","site-post-title":"","ast-breadcrumbs-content":"","ast-featured-img":"","footer-sml-layout":"","ast-disable-related-posts":"","theme-transparent-header-meta":"default","adv-header-id-meta":"","stick-header-meta":"default","header-above-stick-meta":"","header-main-stick-meta":"","header-below-stick-meta":"","astra-migrate-meta-layouts":"default","ast-page-background-enabled":"default","ast-page-background-meta":{"desktop":{"background-color":"","background-image":"","background-repeat":"repeat","background-position":"center center","background-size":"auto","background-attachment":"scroll","background-type":"","background-media":"","overlay-type":"","overlay-color":"","overlay-opacity":"","overlay-gradient":""},"tablet":{"background-color":"","background-image":"","background-repeat":"repeat","background-position":"center center","background-size":"auto","background-attachment":"scroll","background-type":"","background-media":"","overlay-type":"","overlay-color":"","overlay-opacity":"","overlay-gradient":""},"mobile":{"background-color":"","background-image":"","background-repeat":"repeat","background-position":"center center","background-size":"auto","background-attachment":"scroll","background-type":"","background-media":"","overlay-type":"","overlay-color":"","overlay-opacity":"","overlay-gradient":""}},"ast-content-background-meta":{"desktop":{"background-color":"var(--ast-global-color-5)","background-image":"","background-repeat":"repeat","background-position":"center center","background-size":"auto","background-attachment":"scroll","background-type":"","background-media":"","overlay-type":"","overlay-color":"","overlay-opacity":"","overlay-gradient":""},"tablet":{"background-color":"var(--ast-global-color-5)","background-image":"","background-repeat":"repeat","background-position":"center center","background-size":"auto","background-attachment":"scroll","background-type":"","background-media":"","overlay-type":"","overlay-color":"","overlay-opacity":"","overlay-gradient":""},"mobile":{"background-color":"var(--ast-global-color-5)","background-image":"","background-repeat":"repeat","background-position":"center center","background-size":"auto","background-attachment":"scroll","background-type":"","background-media":"","overlay-type":"","overlay-color":"","overlay-opacity":"","overlay-gradient":""}}},"product_brand":[],"product_cat":[960],"product_tag":[950,924,963],"class_list":{"0":"post-15451","1":"product","2":"type-product","3":"status-publish","4":"has-post-thumbnail","6":"product_cat-straucher-und-baume","7":"product_tag-strauch","8":"product_tag-troge-und-blumenbeete","9":"product_tag-zierpflanze","10":"product_shipping_class-personliche-abholung","11":"desktop-align-left","12":"tablet-align-left","13":"mobile-align-left","14":"ast-product-gallery-layout-horizontal","15":"ast-product-tabs-layout-horizontal","16":"ast-qv-on-image","18":"first","19":"outofstock","20":"taxable","21":"shipping-taxable","22":"purchasable","23":"product-type-simple"},"aioseo_notices":[],"_links":{"self":[{"href":"https:\/\/flanca.si\/de\/wp-json\/wp\/v2\/product\/15451","targetHints":{"allow":["GET"]}}],"collection":[{"href":"https:\/\/flanca.si\/de\/wp-json\/wp\/v2\/product"}],"about":[{"href":"https:\/\/flanca.si\/de\/wp-json\/wp\/v2\/types\/product"}],"wp:featuredmedia":[{"embeddable":true,"href":"https:\/\/flanca.si\/de\/wp-json\/wp\/v2\/media\/12979"}],"wp:attachment":[{"href":"https:\/\/flanca.si\/de\/wp-json\/wp\/v2\/media?parent=15451"}],"wp:term":[{"taxonomy":"product_brand","embeddable":true,"href":"https:\/\/flanca.si\/de\/wp-json\/wp\/v2\/product_brand?post=15451"},{"taxonomy":"product_cat","embeddable":true,"href":"https:\/\/flanca.si\/de\/wp-json\/wp\/v2\/product_cat?post=15451"},{"taxonomy":"product_tag","embeddable":true,"href":"https:\/\/flanca.si\/de\/wp-json\/wp\/v2\/product_tag?post=15451"}],"curies":[{"name":"wp","href":"https:\/\/api.w.org\/{rel}","templated":true}]}}