{"id":15434,"date":"2021-01-13T07:29:37","date_gmt":"2021-01-13T06:29:37","guid":{"rendered":"https:\/\/flanca.si\/izdelek\/basilikum-zimt\/"},"modified":"2021-01-13T07:29:37","modified_gmt":"2021-01-13T06:29:37","slug":"basilikum-zimt","status":"publish","type":"product","link":"https:\/\/flanca.si\/de\/produkt\/basilikum-zimt\/","title":{"rendered":"Basilikum Zimt"},"content":{"rendered":"<p>Basilikum mit Zimtgeschmack ist eine einfach anzubauende Sorte, wenn Sie einen Platz f\u00fcr sie an einem sonnigen Standort und in gut durchl\u00e4ssigem Boden finden. Die Sorte stammt urspr\u00fcnglich aus Mexiko, ihr Geschmack und Geruch \u00e4hneln Zimt. Sie bildet gro\u00dfe gr\u00fcn-violette Bl\u00e4tter und violette Bl\u00fcten. Es kann in Gew\u00fcrzmischungen, bei der Zubereitung von Teegetr\u00e4nken und in verschiedenen s\u00fc\u00dfen und herzhaften Gerichten verwendet werden, bei denen wir den Geschmack spezieller haben m\u00f6chten. Der Geruch von Zimt kommt zum Vorschein, wenn die Bl\u00e4tter gehackt oder zerkleinert werden. Die Pflanze hat einen kompakten Wuchs und wird bis zu 55 cm hoch, die Bl\u00e4tter sind breit, hell- bis dunkelgr\u00fcn gef\u00e4rbt, lanzettlich geformt mit einem gezackten Blattrand und haben ein Zimtaroma. Die Pflanze reagiert empfindlich auf niedrigere Temperaturen und nasse B\u00f6den.  <\/p>\n","protected":false},"excerpt":{"rendered":"<ul>\n<li>Geruch und Geschmack von Zimt<\/li>\n<li>urspr\u00fcnglich aus Mexiko<\/li>\n<li>geeignet zum Trocknen<\/li>\n<li>Zugabe zu Gerichten, Teemischungen<\/li>\n<li>zieht Bienen und Schmetterlinge an<\/li>\n<\/ul>\n<h4><strong>Verpackt 1 S\u00e4mling auf einmal!<\/strong><\/h4>\n","protected":false},"featured_media":13051,"template":"","meta":{"site-sidebar-layout":"default","site-content-layout":"default","ast-site-content-layout":"default","site-content-style":"default","site-sidebar-style":"default","ast-global-header-display":"","ast-banner-title-visibility":"","ast-main-header-display":"","ast-hfb-above-header-display":"","ast-hfb-below-header-display":"","ast-hfb-mobile-header-display":"","site-post-title":"","ast-breadcrumbs-content":"","ast-featured-img":"","footer-sml-layout":"","ast-disable-related-posts":"","theme-transparent-header-meta":"default","adv-header-id-meta":"","stick-header-meta":"default","header-above-stick-meta":"","header-main-stick-meta":"","header-below-stick-meta":"","astra-migrate-meta-layouts":"default","ast-page-background-enabled":"default","ast-page-background-meta":{"desktop":{"background-color":"","background-image":"","background-repeat":"repeat","background-position":"center center","background-size":"auto","background-attachment":"scroll","background-type":"","background-media":"","overlay-type":"","overlay-color":"","overlay-opacity":"","overlay-gradient":""},"tablet":{"background-color":"","background-image":"","background-repeat":"repeat","background-position":"center center","background-size":"auto","background-attachment":"scroll","background-type":"","background-media":"","overlay-type":"","overlay-color":"","overlay-opacity":"","overlay-gradient":""},"mobile":{"background-color":"","background-image":"","background-repeat":"repeat","background-position":"center center","background-size":"auto","background-attachment":"scroll","background-type":"","background-media":"","overlay-type":"","overlay-color":"","overlay-opacity":"","overlay-gradient":""}},"ast-content-background-meta":{"desktop":{"background-color":"var(--ast-global-color-5)","background-image":"","background-repeat":"repeat","background-position":"center center","background-size":"auto","background-attachment":"scroll","background-type":"","background-media":"","overlay-type":"","overlay-color":"","overlay-opacity":"","overlay-gradient":""},"tablet":{"background-color":"var(--ast-global-color-5)","background-image":"","background-repeat":"repeat","background-position":"center center","background-size":"auto","background-attachment":"scroll","background-type":"","background-media":"","overlay-type":"","overlay-color":"","overlay-opacity":"","overlay-gradient":""},"mobile":{"background-color":"var(--ast-global-color-5)","background-image":"","background-repeat":"repeat","background-position":"center center","background-size":"auto","background-attachment":"scroll","background-type":"","background-media":"","overlay-type":"","overlay-color":"","overlay-opacity":"","overlay-gradient":""}}},"product_brand":[],"product_cat":[1002],"product_tag":[1066,1004,1449],"class_list":{"0":"post-15434","1":"product","2":"type-product","3":"status-publish","4":"has-post-thumbnail","6":"product_cat-andere-krauter","7":"product_tag-basilikum","8":"product_tag-krauter","9":"product_tag-zimt","10":"desktop-align-left","11":"tablet-align-left","12":"mobile-align-left","13":"ast-product-gallery-layout-horizontal","14":"ast-product-gallery-with-no-image","15":"ast-product-tabs-layout-horizontal","16":"ast-qv-on-image","18":"first","19":"outofstock","20":"taxable","21":"shipping-taxable","22":"purchasable","23":"product-type-simple"},"aioseo_notices":[],"_links":{"self":[{"href":"https:\/\/flanca.si\/de\/wp-json\/wp\/v2\/product\/15434","targetHints":{"allow":["GET"]}}],"collection":[{"href":"https:\/\/flanca.si\/de\/wp-json\/wp\/v2\/product"}],"about":[{"href":"https:\/\/flanca.si\/de\/wp-json\/wp\/v2\/types\/product"}],"wp:featuredmedia":[{"embeddable":true,"href":"https:\/\/flanca.si\/de\/wp-json\/wp\/v2\/media\/13051"}],"wp:attachment":[{"href":"https:\/\/flanca.si\/de\/wp-json\/wp\/v2\/media?parent=15434"}],"wp:term":[{"taxonomy":"product_brand","embeddable":true,"href":"https:\/\/flanca.si\/de\/wp-json\/wp\/v2\/product_brand?post=15434"},{"taxonomy":"product_cat","embeddable":true,"href":"https:\/\/flanca.si\/de\/wp-json\/wp\/v2\/product_cat?post=15434"},{"taxonomy":"product_tag","embeddable":true,"href":"https:\/\/flanca.si\/de\/wp-json\/wp\/v2\/product_tag?post=15434"}],"curies":[{"name":"wp","href":"https:\/\/api.w.org\/{rel}","templated":true}]}}