{"id":15419,"date":"2021-01-14T07:09:04","date_gmt":"2021-01-14T06:09:04","guid":{"rendered":"https:\/\/flanca.si\/izdelek\/gentiana-lutea-gelbes-murmeltier-oder-murmeltier\/"},"modified":"2021-01-14T07:09:04","modified_gmt":"2021-01-14T06:09:04","slug":"gentiana-lutea-gelbes-murmeltier-oder-murmeltier","status":"publish","type":"product","link":"https:\/\/flanca.si\/de\/produkt\/gentiana-lutea-gelbes-murmeltier-oder-murmeltier\/","title":{"rendered":"Gentiana lutea (Gelbes Murmeltier oder Murmeltier)"},"content":{"rendered":"<p>In der Volksmedizin ist es unter einer Reihe interessanter Namen bekannt: Fenchel, Enzian, Cyan, Enzian, Senf, Senf, Bitter, Lykian, Steckr\u00fcbe, Kn\u00f6terich, Herzkraut. Es wird bei Magenproblemen, Verdauungsst\u00f6rungen, starkem Wind und Appetitlosigkeit eingesetzt. Sie bl\u00fcht erst nach sechs Jahren und bl\u00fcht von Juni bis August. Die Pflanze kann bis zu 50 Jahre alt werden. In Slowenien und vielen anderen L\u00e4ndern ist es gesch\u00fctzt, so dass es nicht erlaubt ist, es zu sammeln. Ein n\u00fctzlicher Teil ist die Wurzel einer Pflanze, die bereits mindestens einmal gebl\u00fcht hat. Die Wurzeln werden im zeitigen Fr\u00fchjahr oder sp\u00e4ten Herbst ausgegraben und dann sofort getrocknet. <\/p>\n","protected":false},"excerpt":{"rendered":"<ul>\n<li>Gentiana lutea<\/li>\n<li>Zahlreiche positive Effekte<\/li>\n<li>Nur die Wurzel ist n\u00fctzlich<\/li>\n<li>Gesch\u00fctzte Pflanze in Slowenien<\/li>\n<\/ul>\n<h4><strong>Verpackt 1 S\u00e4mling auf einmal!<\/strong><\/h4>\n","protected":false},"featured_media":13069,"template":"","meta":{"site-sidebar-layout":"default","site-content-layout":"default","ast-site-content-layout":"default","site-content-style":"default","site-sidebar-style":"default","ast-global-header-display":"","ast-banner-title-visibility":"","ast-main-header-display":"","ast-hfb-above-header-display":"","ast-hfb-below-header-display":"","ast-hfb-mobile-header-display":"","site-post-title":"","ast-breadcrumbs-content":"","ast-featured-img":"","footer-sml-layout":"","ast-disable-related-posts":"","theme-transparent-header-meta":"default","adv-header-id-meta":"","stick-header-meta":"default","header-above-stick-meta":"","header-main-stick-meta":"","header-below-stick-meta":"","astra-migrate-meta-layouts":"default","ast-page-background-enabled":"default","ast-page-background-meta":{"desktop":{"background-color":"","background-image":"","background-repeat":"repeat","background-position":"center center","background-size":"auto","background-attachment":"scroll","background-type":"","background-media":"","overlay-type":"","overlay-color":"","overlay-opacity":"","overlay-gradient":""},"tablet":{"background-color":"","background-image":"","background-repeat":"repeat","background-position":"center center","background-size":"auto","background-attachment":"scroll","background-type":"","background-media":"","overlay-type":"","overlay-color":"","overlay-opacity":"","overlay-gradient":""},"mobile":{"background-color":"","background-image":"","background-repeat":"repeat","background-position":"center center","background-size":"auto","background-attachment":"scroll","background-type":"","background-media":"","overlay-type":"","overlay-color":"","overlay-opacity":"","overlay-gradient":""}},"ast-content-background-meta":{"desktop":{"background-color":"var(--ast-global-color-5)","background-image":"","background-repeat":"repeat","background-position":"center center","background-size":"auto","background-attachment":"scroll","background-type":"","background-media":"","overlay-type":"","overlay-color":"","overlay-opacity":"","overlay-gradient":""},"tablet":{"background-color":"var(--ast-global-color-5)","background-image":"","background-repeat":"repeat","background-position":"center center","background-size":"auto","background-attachment":"scroll","background-type":"","background-media":"","overlay-type":"","overlay-color":"","overlay-opacity":"","overlay-gradient":""},"mobile":{"background-color":"var(--ast-global-color-5)","background-image":"","background-repeat":"repeat","background-position":"center center","background-size":"auto","background-attachment":"scroll","background-type":"","background-media":"","overlay-type":"","overlay-color":"","overlay-opacity":"","overlay-gradient":""}}},"product_brand":[],"product_cat":[1002],"product_tag":[1006,1448,1005],"class_list":{"0":"post-15419","1":"product","2":"type-product","3":"status-publish","4":"has-post-thumbnail","6":"product_cat-andere-krauter","7":"product_tag-heilpflanze","8":"product_tag-kosutnik-de","9":"product_tag-tee","10":"desktop-align-left","11":"tablet-align-left","12":"mobile-align-left","13":"ast-product-gallery-layout-horizontal","14":"ast-product-gallery-with-no-image","15":"ast-product-tabs-layout-horizontal","16":"ast-qv-on-image","18":"first","19":"outofstock","20":"taxable","21":"shipping-taxable","22":"purchasable","23":"product-type-simple"},"aioseo_notices":[],"_links":{"self":[{"href":"https:\/\/flanca.si\/de\/wp-json\/wp\/v2\/product\/15419","targetHints":{"allow":["GET"]}}],"collection":[{"href":"https:\/\/flanca.si\/de\/wp-json\/wp\/v2\/product"}],"about":[{"href":"https:\/\/flanca.si\/de\/wp-json\/wp\/v2\/types\/product"}],"wp:featuredmedia":[{"embeddable":true,"href":"https:\/\/flanca.si\/de\/wp-json\/wp\/v2\/media\/13069"}],"wp:attachment":[{"href":"https:\/\/flanca.si\/de\/wp-json\/wp\/v2\/media?parent=15419"}],"wp:term":[{"taxonomy":"product_brand","embeddable":true,"href":"https:\/\/flanca.si\/de\/wp-json\/wp\/v2\/product_brand?post=15419"},{"taxonomy":"product_cat","embeddable":true,"href":"https:\/\/flanca.si\/de\/wp-json\/wp\/v2\/product_cat?post=15419"},{"taxonomy":"product_tag","embeddable":true,"href":"https:\/\/flanca.si\/de\/wp-json\/wp\/v2\/product_tag?post=15419"}],"curies":[{"name":"wp","href":"https:\/\/api.w.org\/{rel}","templated":true}]}}