{"id":15404,"date":"2021-02-02T07:23:55","date_gmt":"2021-02-02T06:23:55","guid":{"rendered":"https:\/\/flanca.si\/izdelek\/armeria-ballerina-rot\/"},"modified":"2021-02-02T07:23:55","modified_gmt":"2021-02-02T06:23:55","slug":"armeria-ballerina-rot","status":"publish","type":"product","link":"https:\/\/flanca.si\/de\/produkt\/armeria-ballerina-rot\/","title":{"rendered":"Armeria Ballerina Rot"},"content":{"rendered":"<p>Schmale, l\u00e4ngliche Bl\u00e4tter werden in dichten Polstern gesammelt, aus ihnen sprie\u00dfen Bl\u00fctenstiele, die mit kleinen abgerundeten Kappen von Bl\u00fctenst\u00e4nden bedeckt sind. Die Bl\u00fcten stehen dicht beieinander und werden in kleinen Kugeln von nahezu perfekter Form gesammelt. Die Pflanze bildet einen durchgehenden Teppich und verhindert die Vermehrung von Unkraut. Armeria-Bl\u00fcten behalten nach dem Trocknen ihr Aussehen gut, so dass Sie aus ihnen sch\u00f6ne Str\u00e4u\u00dfe aus getrockneten Blumen formen k\u00f6nnen, die Ihr Zuhause das ganze Jahr \u00fcber schm\u00fccken. Armeria w\u00e4chst gut auf leichten steinigen und sandigen B\u00f6den mit guter Drainage.<\/p>\n","protected":false},"excerpt":{"rendered":"<ul>\n<li><em>Armeria pseudarmeria \/ Ballerina Rot<\/em><\/li>\n<li>mehrj\u00e4hrig<\/li>\n<li>Kissenf\u00f6rmiges Wachstum<\/li>\n<li>runde r\u00f6tliche Bl\u00fctenst\u00e4nde<\/li>\n<li>Steing\u00e4rten und Betten<\/li>\n<\/ul>\n<h4><strong>Verpackt 1 S\u00e4mling auf einmal!<\/strong><\/h4>\n","protected":false},"featured_media":13104,"template":"","meta":{"site-sidebar-layout":"default","site-content-layout":"default","ast-site-content-layout":"default","site-content-style":"default","site-sidebar-style":"default","ast-global-header-display":"","ast-banner-title-visibility":"","ast-main-header-display":"","ast-hfb-above-header-display":"","ast-hfb-below-header-display":"","ast-hfb-mobile-header-display":"","site-post-title":"","ast-breadcrumbs-content":"","ast-featured-img":"","footer-sml-layout":"","ast-disable-related-posts":"","theme-transparent-header-meta":"default","adv-header-id-meta":"","stick-header-meta":"default","header-above-stick-meta":"","header-main-stick-meta":"","header-below-stick-meta":"","astra-migrate-meta-layouts":"default","ast-page-background-enabled":"default","ast-page-background-meta":{"desktop":{"background-color":"","background-image":"","background-repeat":"repeat","background-position":"center center","background-size":"auto","background-attachment":"scroll","background-type":"","background-media":"","overlay-type":"","overlay-color":"","overlay-opacity":"","overlay-gradient":""},"tablet":{"background-color":"","background-image":"","background-repeat":"repeat","background-position":"center center","background-size":"auto","background-attachment":"scroll","background-type":"","background-media":"","overlay-type":"","overlay-color":"","overlay-opacity":"","overlay-gradient":""},"mobile":{"background-color":"","background-image":"","background-repeat":"repeat","background-position":"center center","background-size":"auto","background-attachment":"scroll","background-type":"","background-media":"","overlay-type":"","overlay-color":"","overlay-opacity":"","overlay-gradient":""}},"ast-content-background-meta":{"desktop":{"background-color":"var(--ast-global-color-5)","background-image":"","background-repeat":"repeat","background-position":"center center","background-size":"auto","background-attachment":"scroll","background-type":"","background-media":"","overlay-type":"","overlay-color":"","overlay-opacity":"","overlay-gradient":""},"tablet":{"background-color":"var(--ast-global-color-5)","background-image":"","background-repeat":"repeat","background-position":"center center","background-size":"auto","background-attachment":"scroll","background-type":"","background-media":"","overlay-type":"","overlay-color":"","overlay-opacity":"","overlay-gradient":""},"mobile":{"background-color":"var(--ast-global-color-5)","background-image":"","background-repeat":"repeat","background-position":"center center","background-size":"auto","background-attachment":"scroll","background-type":"","background-media":"","overlay-type":"","overlay-color":"","overlay-opacity":"","overlay-gradient":""}}},"product_brand":[],"product_cat":[925],"product_tag":[875,1019,924],"class_list":{"0":"post-15404","1":"product","2":"type-product","3":"status-publish","4":"has-post-thumbnail","6":"product_cat-pflanzen-fur-troge-und-beete","7":"product_tag-stauden","8":"product_tag-steingarten","9":"product_tag-troge-und-blumenbeete","10":"desktop-align-left","11":"tablet-align-left","12":"mobile-align-left","13":"ast-product-gallery-layout-horizontal","14":"ast-product-tabs-layout-horizontal","15":"ast-qv-on-image","17":"first","18":"outofstock","19":"taxable","20":"shipping-taxable","21":"purchasable","22":"product-type-simple"},"aioseo_notices":[],"_links":{"self":[{"href":"https:\/\/flanca.si\/de\/wp-json\/wp\/v2\/product\/15404","targetHints":{"allow":["GET"]}}],"collection":[{"href":"https:\/\/flanca.si\/de\/wp-json\/wp\/v2\/product"}],"about":[{"href":"https:\/\/flanca.si\/de\/wp-json\/wp\/v2\/types\/product"}],"wp:featuredmedia":[{"embeddable":true,"href":"https:\/\/flanca.si\/de\/wp-json\/wp\/v2\/media\/13104"}],"wp:attachment":[{"href":"https:\/\/flanca.si\/de\/wp-json\/wp\/v2\/media?parent=15404"}],"wp:term":[{"taxonomy":"product_brand","embeddable":true,"href":"https:\/\/flanca.si\/de\/wp-json\/wp\/v2\/product_brand?post=15404"},{"taxonomy":"product_cat","embeddable":true,"href":"https:\/\/flanca.si\/de\/wp-json\/wp\/v2\/product_cat?post=15404"},{"taxonomy":"product_tag","embeddable":true,"href":"https:\/\/flanca.si\/de\/wp-json\/wp\/v2\/product_tag?post=15404"}],"curies":[{"name":"wp","href":"https:\/\/api.w.org\/{rel}","templated":true}]}}