{"id":15376,"date":"2019-12-05T13:21:19","date_gmt":"2019-12-05T12:21:19","guid":{"rendered":"https:\/\/flanca.si\/izdelek\/chicoree-palla-rossa-winter\/"},"modified":"2019-12-05T13:21:19","modified_gmt":"2019-12-05T12:21:19","slug":"chicoree-palla-rossa-winter","status":"publish","type":"product","link":"https:\/\/flanca.si\/de\/produkt\/chicoree-palla-rossa-winter\/","title":{"rendered":"Chicor\u00e9e Palla Rossa Winter"},"content":{"rendered":"<p>Chicor\u00e9e der Sorte Palla Rossa 5 bildet kompakte, sch\u00f6ne K\u00f6pfe mit dunkelroten Bl\u00e4ttern, die in der Mitte eine breite Rippe bilden. Es handelt sich um einen mittelfr\u00fchen Chicor\u00e9e, der im Oktober oder November geerntet wird. Sie kann jedoch nur im Fr\u00fchjahr in den Beeten belassen und geerntet werden, da sie die winterlichen Temperaturen gut vertr\u00e4gt. Die ausgew\u00e4hlte Sorte ist f\u00fcr G\u00e4rtner und Marktz\u00fcchter bestimmt.<\/p>\n","protected":false},"excerpt":{"rendered":"<ul>\n<li>Bildet kompakte K\u00f6pfe<\/li>\n<li>mittlerer sp\u00e4ter Chicor\u00e9e<\/li>\n<li>Kann im Freien \u00fcberwintern<\/li>\n<li>breite Blattrippe<\/li>\n<\/ul>\n<h4><strong>Verpackt f\u00fcr 9 S\u00e4mlinge!<\/strong><\/h4>\n","protected":false},"featured_media":12320,"template":"","meta":{"site-sidebar-layout":"default","site-content-layout":"default","ast-site-content-layout":"default","site-content-style":"default","site-sidebar-style":"default","ast-global-header-display":"","ast-banner-title-visibility":"","ast-main-header-display":"","ast-hfb-above-header-display":"","ast-hfb-below-header-display":"","ast-hfb-mobile-header-display":"","site-post-title":"","ast-breadcrumbs-content":"","ast-featured-img":"","footer-sml-layout":"","ast-disable-related-posts":"","theme-transparent-header-meta":"default","adv-header-id-meta":"","stick-header-meta":"default","header-above-stick-meta":"","header-main-stick-meta":"","header-below-stick-meta":"","astra-migrate-meta-layouts":"default","ast-page-background-enabled":"default","ast-page-background-meta":{"desktop":{"background-color":"","background-image":"","background-repeat":"repeat","background-position":"center center","background-size":"auto","background-attachment":"scroll","background-type":"","background-media":"","overlay-type":"","overlay-color":"","overlay-opacity":"","overlay-gradient":""},"tablet":{"background-color":"","background-image":"","background-repeat":"repeat","background-position":"center center","background-size":"auto","background-attachment":"scroll","background-type":"","background-media":"","overlay-type":"","overlay-color":"","overlay-opacity":"","overlay-gradient":""},"mobile":{"background-color":"","background-image":"","background-repeat":"repeat","background-position":"center center","background-size":"auto","background-attachment":"scroll","background-type":"","background-media":"","overlay-type":"","overlay-color":"","overlay-opacity":"","overlay-gradient":""}},"ast-content-background-meta":{"desktop":{"background-color":"var(--ast-global-color-5)","background-image":"","background-repeat":"repeat","background-position":"center center","background-size":"auto","background-attachment":"scroll","background-type":"","background-media":"","overlay-type":"","overlay-color":"","overlay-opacity":"","overlay-gradient":""},"tablet":{"background-color":"var(--ast-global-color-5)","background-image":"","background-repeat":"repeat","background-position":"center center","background-size":"auto","background-attachment":"scroll","background-type":"","background-media":"","overlay-type":"","overlay-color":"","overlay-opacity":"","overlay-gradient":""},"mobile":{"background-color":"var(--ast-global-color-5)","background-image":"","background-repeat":"repeat","background-position":"center center","background-size":"auto","background-attachment":"scroll","background-type":"","background-media":"","overlay-type":"","overlay-color":"","overlay-opacity":"","overlay-gradient":""}}},"product_brand":[],"product_cat":[865],"product_tag":[1432,1216,1200],"class_list":{"0":"post-15376","1":"product","2":"type-product","3":"status-publish","4":"has-post-thumbnail","6":"product_cat-salate","7":"product_tag-chicoree","8":"product_tag-herbst-de","9":"product_tag-roter-salat","10":"desktop-align-left","11":"tablet-align-left","12":"mobile-align-left","13":"ast-product-gallery-layout-horizontal","14":"ast-product-tabs-layout-horizontal","15":"ast-qv-on-image","17":"first","18":"outofstock","19":"taxable","20":"shipping-taxable","21":"purchasable","22":"product-type-simple"},"aioseo_notices":[],"_links":{"self":[{"href":"https:\/\/flanca.si\/de\/wp-json\/wp\/v2\/product\/15376","targetHints":{"allow":["GET"]}}],"collection":[{"href":"https:\/\/flanca.si\/de\/wp-json\/wp\/v2\/product"}],"about":[{"href":"https:\/\/flanca.si\/de\/wp-json\/wp\/v2\/types\/product"}],"wp:featuredmedia":[{"embeddable":true,"href":"https:\/\/flanca.si\/de\/wp-json\/wp\/v2\/media\/12320"}],"wp:attachment":[{"href":"https:\/\/flanca.si\/de\/wp-json\/wp\/v2\/media?parent=15376"}],"wp:term":[{"taxonomy":"product_brand","embeddable":true,"href":"https:\/\/flanca.si\/de\/wp-json\/wp\/v2\/product_brand?post=15376"},{"taxonomy":"product_cat","embeddable":true,"href":"https:\/\/flanca.si\/de\/wp-json\/wp\/v2\/product_cat?post=15376"},{"taxonomy":"product_tag","embeddable":true,"href":"https:\/\/flanca.si\/de\/wp-json\/wp\/v2\/product_tag?post=15376"}],"curies":[{"name":"wp","href":"https:\/\/api.w.org\/{rel}","templated":true}]}}