{"id":15365,"date":"2019-12-06T13:08:01","date_gmt":"2019-12-06T12:08:01","guid":{"rendered":"https:\/\/flanca.si\/izdelek\/blumenkohl-lila\/"},"modified":"2019-12-06T13:08:01","modified_gmt":"2019-12-06T12:08:01","slug":"blumenkohl-lila","status":"publish","type":"product","link":"https:\/\/flanca.si\/de\/produkt\/blumenkohl-lila\/","title":{"rendered":"Blumenkohl lila"},"content":{"rendered":"<p>Neben ihrem hervorragenden Aussehen, dem gro\u00dfen Ertrag zeichnet sich die Sorte durch ein \u00e4u\u00dferst attraktives Erscheinungsbild aus. Der Kopf, umgeben von gr\u00fcnen Bl\u00e4ttern, ist eine echte Dekoration im Garten oder in der K\u00fcche. Wir pflanzen ihn wie anderen Blumenkohl auch, im zeitigen Fr\u00fchjahr oder in der zweiten Sommerh\u00e4lfte. Beim Kochen bleibt die violette Farbe der Bl\u00fcte erhalten. Sie liefert hervorragende Ertr\u00e4ge.<\/p>\n","protected":false},"excerpt":{"rendered":"<ul>\n<li>attraktive violette Farbe der Bl\u00fcte<\/li>\n<li>Enth\u00e4lt Antioxidantien<\/li>\n<li>Gepflanzt im zeitigen Fr\u00fchjahr oder in der zweiten Sommerh\u00e4lfte<\/li>\n<li>Beim Kochen bleibt die violette Farbe erhalten<\/li>\n<li>Qualit\u00e4tsernte<\/li>\n<\/ul>\n<h4><strong>Jeweils 6 Setzlinge verpackt!<\/strong><\/h4>\n","protected":false},"featured_media":12344,"template":"","meta":{"site-sidebar-layout":"default","site-content-layout":"default","ast-site-content-layout":"default","site-content-style":"default","site-sidebar-style":"default","ast-global-header-display":"","ast-banner-title-visibility":"","ast-main-header-display":"","ast-hfb-above-header-display":"","ast-hfb-below-header-display":"","ast-hfb-mobile-header-display":"","site-post-title":"","ast-breadcrumbs-content":"","ast-featured-img":"","footer-sml-layout":"","ast-disable-related-posts":"","theme-transparent-header-meta":"default","adv-header-id-meta":"","stick-header-meta":"default","header-above-stick-meta":"","header-main-stick-meta":"","header-below-stick-meta":"","astra-migrate-meta-layouts":"default","ast-page-background-enabled":"default","ast-page-background-meta":{"desktop":{"background-color":"","background-image":"","background-repeat":"repeat","background-position":"center center","background-size":"auto","background-attachment":"scroll","background-type":"","background-media":"","overlay-type":"","overlay-color":"","overlay-opacity":"","overlay-gradient":""},"tablet":{"background-color":"","background-image":"","background-repeat":"repeat","background-position":"center center","background-size":"auto","background-attachment":"scroll","background-type":"","background-media":"","overlay-type":"","overlay-color":"","overlay-opacity":"","overlay-gradient":""},"mobile":{"background-color":"","background-image":"","background-repeat":"repeat","background-position":"center center","background-size":"auto","background-attachment":"scroll","background-type":"","background-media":"","overlay-type":"","overlay-color":"","overlay-opacity":"","overlay-gradient":""}},"ast-content-background-meta":{"desktop":{"background-color":"var(--ast-global-color-5)","background-image":"","background-repeat":"repeat","background-position":"center center","background-size":"auto","background-attachment":"scroll","background-type":"","background-media":"","overlay-type":"","overlay-color":"","overlay-opacity":"","overlay-gradient":""},"tablet":{"background-color":"var(--ast-global-color-5)","background-image":"","background-repeat":"repeat","background-position":"center center","background-size":"auto","background-attachment":"scroll","background-type":"","background-media":"","overlay-type":"","overlay-color":"","overlay-opacity":"","overlay-gradient":""},"mobile":{"background-color":"var(--ast-global-color-5)","background-image":"","background-repeat":"repeat","background-position":"center center","background-size":"auto","background-attachment":"scroll","background-type":"","background-media":"","overlay-type":"","overlay-color":"","overlay-opacity":"","overlay-gradient":""}}},"product_brand":[],"product_cat":[927],"product_tag":[931,929],"class_list":{"0":"post-15365","1":"product","2":"type-product","3":"status-publish","4":"has-post-thumbnail","6":"product_cat-kohl","7":"product_tag-blumenkohl","8":"product_tag-kohl","9":"desktop-align-left","10":"tablet-align-left","11":"mobile-align-left","12":"ast-product-gallery-layout-horizontal","13":"ast-product-gallery-with-no-image","14":"ast-product-tabs-layout-horizontal","15":"ast-qv-on-image","17":"first","18":"outofstock","19":"taxable","20":"shipping-taxable","21":"purchasable","22":"product-type-simple"},"aioseo_notices":[],"_links":{"self":[{"href":"https:\/\/flanca.si\/de\/wp-json\/wp\/v2\/product\/15365","targetHints":{"allow":["GET"]}}],"collection":[{"href":"https:\/\/flanca.si\/de\/wp-json\/wp\/v2\/product"}],"about":[{"href":"https:\/\/flanca.si\/de\/wp-json\/wp\/v2\/types\/product"}],"wp:featuredmedia":[{"embeddable":true,"href":"https:\/\/flanca.si\/de\/wp-json\/wp\/v2\/media\/12344"}],"wp:attachment":[{"href":"https:\/\/flanca.si\/de\/wp-json\/wp\/v2\/media?parent=15365"}],"wp:term":[{"taxonomy":"product_brand","embeddable":true,"href":"https:\/\/flanca.si\/de\/wp-json\/wp\/v2\/product_brand?post=15365"},{"taxonomy":"product_cat","embeddable":true,"href":"https:\/\/flanca.si\/de\/wp-json\/wp\/v2\/product_cat?post=15365"},{"taxonomy":"product_tag","embeddable":true,"href":"https:\/\/flanca.si\/de\/wp-json\/wp\/v2\/product_tag?post=15365"}],"curies":[{"name":"wp","href":"https:\/\/api.w.org\/{rel}","templated":true}]}}