{"id":15332,"date":"2019-12-11T12:48:14","date_gmt":"2019-12-11T11:48:14","guid":{"rendered":"https:\/\/flanca.si\/izdelek\/melancan-weiss-niedrig\/"},"modified":"2019-12-11T12:48:14","modified_gmt":"2019-12-11T11:48:14","slug":"melancan-weiss-niedrig","status":"publish","type":"product","link":"https:\/\/flanca.si\/de\/produkt\/melancan-weiss-niedrig\/","title":{"rendered":"Melancan wei\u00df niedrig"},"content":{"rendered":"<p>Dimond Creme ist eine Auberginensorte, die f\u00fcr die Pflanzung in einen Topf geeignet ist. Er kann aber auch in Hochbeeten oder Gartenbeeten gepflanzt werden. Sie hat einen niedrigen und stabilen Wuchs. Sie tr\u00e4gt reichlich und fr\u00fch Fr\u00fcchte, die Fr\u00fcchte sind kleiner, attraktive cremefarbene Farbe. In Kombination mit anderem Balkongem\u00fcse k\u00f6nnen Sie auf Ihrer Terrasse oder Ihrem Balkon einen echten kleinen Garten anlegen. Setzlinge in T\u00f6pfen oder Tr\u00f6gen k\u00f6nnen bereits Ende April gepflanzt werden, da sie vor drohenden niedrigen Temperaturen gesch\u00fctzt werden k\u00f6nnen. <\/p>\n","protected":false},"excerpt":{"rendered":"<ul>\n<li>kleine Fr\u00fcchte<\/li>\n<li>gl\u00e4nzende cremefarbene Farbe<\/li>\n<li>Eine tolle Sorte f\u00fcr die Pflanzung in T\u00f6pfen oder Tr\u00f6gen<\/li>\n<li>Fr\u00fche Ernte<\/li>\n<li>ausgezeichneter Geschmack und Fruchtbarkeit<\/li>\n<\/ul>\n<h4><strong>Verpackt 1 S\u00e4mling auf einmal!<\/strong><\/h4>\n","protected":false},"featured_media":12397,"template":"","meta":{"site-sidebar-layout":"default","site-content-layout":"default","ast-site-content-layout":"default","site-content-style":"default","site-sidebar-style":"default","ast-global-header-display":"","ast-banner-title-visibility":"","ast-main-header-display":"","ast-hfb-above-header-display":"","ast-hfb-below-header-display":"","ast-hfb-mobile-header-display":"","site-post-title":"","ast-breadcrumbs-content":"","ast-featured-img":"","footer-sml-layout":"","ast-disable-related-posts":"","theme-transparent-header-meta":"default","adv-header-id-meta":"","stick-header-meta":"default","header-above-stick-meta":"","header-main-stick-meta":"","header-below-stick-meta":"","astra-migrate-meta-layouts":"default","ast-page-background-enabled":"default","ast-page-background-meta":{"desktop":{"background-color":"","background-image":"","background-repeat":"repeat","background-position":"center center","background-size":"auto","background-attachment":"scroll","background-type":"","background-media":"","overlay-type":"","overlay-color":"","overlay-opacity":"","overlay-gradient":""},"tablet":{"background-color":"","background-image":"","background-repeat":"repeat","background-position":"center center","background-size":"auto","background-attachment":"scroll","background-type":"","background-media":"","overlay-type":"","overlay-color":"","overlay-opacity":"","overlay-gradient":""},"mobile":{"background-color":"","background-image":"","background-repeat":"repeat","background-position":"center center","background-size":"auto","background-attachment":"scroll","background-type":"","background-media":"","overlay-type":"","overlay-color":"","overlay-opacity":"","overlay-gradient":""}},"ast-content-background-meta":{"desktop":{"background-color":"var(--ast-global-color-5)","background-image":"","background-repeat":"repeat","background-position":"center center","background-size":"auto","background-attachment":"scroll","background-type":"","background-media":"","overlay-type":"","overlay-color":"","overlay-opacity":"","overlay-gradient":""},"tablet":{"background-color":"var(--ast-global-color-5)","background-image":"","background-repeat":"repeat","background-position":"center center","background-size":"auto","background-attachment":"scroll","background-type":"","background-media":"","overlay-type":"","overlay-color":"","overlay-opacity":"","overlay-gradient":""},"mobile":{"background-color":"var(--ast-global-color-5)","background-image":"","background-repeat":"repeat","background-position":"center center","background-size":"auto","background-attachment":"scroll","background-type":"","background-media":"","overlay-type":"","overlay-color":"","overlay-opacity":"","overlay-gradient":""}}},"product_brand":[],"product_cat":[1024],"product_tag":[1050,885,884,1051],"class_list":{"0":"post-15332","1":"product","2":"type-product","3":"status-publish","4":"has-post-thumbnail","6":"product_cat-tomate","7":"product_tag-aubergine","8":"product_tag-buntes-gemuse","9":"product_tag-fruchtkorper","10":"product_tag-melancan-de","11":"desktop-align-left","12":"tablet-align-left","13":"mobile-align-left","14":"ast-product-gallery-layout-horizontal","15":"ast-product-gallery-with-no-image","16":"ast-product-tabs-layout-horizontal","17":"ast-qv-on-image","19":"first","20":"outofstock","21":"taxable","22":"shipping-taxable","23":"purchasable","24":"product-type-simple"},"aioseo_notices":[],"_links":{"self":[{"href":"https:\/\/flanca.si\/de\/wp-json\/wp\/v2\/product\/15332","targetHints":{"allow":["GET"]}}],"collection":[{"href":"https:\/\/flanca.si\/de\/wp-json\/wp\/v2\/product"}],"about":[{"href":"https:\/\/flanca.si\/de\/wp-json\/wp\/v2\/types\/product"}],"wp:featuredmedia":[{"embeddable":true,"href":"https:\/\/flanca.si\/de\/wp-json\/wp\/v2\/media\/12397"}],"wp:attachment":[{"href":"https:\/\/flanca.si\/de\/wp-json\/wp\/v2\/media?parent=15332"}],"wp:term":[{"taxonomy":"product_brand","embeddable":true,"href":"https:\/\/flanca.si\/de\/wp-json\/wp\/v2\/product_brand?post=15332"},{"taxonomy":"product_cat","embeddable":true,"href":"https:\/\/flanca.si\/de\/wp-json\/wp\/v2\/product_cat?post=15332"},{"taxonomy":"product_tag","embeddable":true,"href":"https:\/\/flanca.si\/de\/wp-json\/wp\/v2\/product_tag?post=15332"}],"curies":[{"name":"wp","href":"https:\/\/api.w.org\/{rel}","templated":true}]}}