{"id":15319,"date":"2019-12-13T07:23:33","date_gmt":"2019-12-13T06:23:33","guid":{"rendered":"https:\/\/flanca.si\/izdelek\/jumbo-pfeffer-von-gruen-bis-rot\/"},"modified":"2019-12-13T07:23:33","modified_gmt":"2019-12-13T06:23:33","slug":"jumbo-pfeffer-von-gruen-bis-rot","status":"publish","type":"product","link":"https:\/\/flanca.si\/de\/produkt\/jumbo-pfeffer-von-gruen-bis-rot\/","title":{"rendered":"Jumbo-Pfeffer von gr\u00fcn bis rot"},"content":{"rendered":"<p>Die Sorte Odino F1 ist eine fr\u00fche Hybride, die ein starkes Wachstum aufweist. Bildet besonders gro\u00dfe Fr\u00fcchte mit dicken W\u00e4nden. Die Farbe der Fr\u00fcchte geht von gr\u00fcn zu intensivem Rot \u00fcber. Die Fr\u00fcchte sind gleichm\u00e4\u00dfig, glatt, gro\u00df und fleischig. Neben der Pflanzung auf einem Gartenbeet oder Gew\u00e4chshaus kann sie auch in T\u00f6pfen oder Tr\u00f6gen gepflanzt werden. Paprika wird wie alle anderen Fr\u00fcchte im Freien gepflanzt, wenn die Gefahr niedriger Temperaturen gebannt ist.   <\/p>\n","protected":false},"excerpt":{"rendered":"<ul>\n<li>Starkes Wachstum<\/li>\n<li>Lamuyo Art von Pfeffer<\/li>\n<li>gleichm\u00e4\u00dfige, gro\u00dfe, fleischige Fr\u00fcchte<\/li>\n<li>Von Gr\u00fcn bis intensivem Rot<\/li>\n<\/ul>\n<h4><strong>Jeweils 6 Setzlinge verpackt!<\/strong><\/h4>\n","protected":false},"featured_media":12419,"template":"","meta":{"site-sidebar-layout":"default","site-content-layout":"default","ast-site-content-layout":"default","site-content-style":"default","site-sidebar-style":"default","ast-global-header-display":"","ast-banner-title-visibility":"","ast-main-header-display":"","ast-hfb-above-header-display":"","ast-hfb-below-header-display":"","ast-hfb-mobile-header-display":"","site-post-title":"","ast-breadcrumbs-content":"","ast-featured-img":"","footer-sml-layout":"","ast-disable-related-posts":"","theme-transparent-header-meta":"default","adv-header-id-meta":"","stick-header-meta":"default","header-above-stick-meta":"","header-main-stick-meta":"","header-below-stick-meta":"","astra-migrate-meta-layouts":"default","ast-page-background-enabled":"default","ast-page-background-meta":{"desktop":{"background-color":"","background-image":"","background-repeat":"repeat","background-position":"center center","background-size":"auto","background-attachment":"scroll","background-type":"","background-media":"","overlay-type":"","overlay-color":"","overlay-opacity":"","overlay-gradient":""},"tablet":{"background-color":"","background-image":"","background-repeat":"repeat","background-position":"center center","background-size":"auto","background-attachment":"scroll","background-type":"","background-media":"","overlay-type":"","overlay-color":"","overlay-opacity":"","overlay-gradient":""},"mobile":{"background-color":"","background-image":"","background-repeat":"repeat","background-position":"center center","background-size":"auto","background-attachment":"scroll","background-type":"","background-media":"","overlay-type":"","overlay-color":"","overlay-opacity":"","overlay-gradient":""}},"ast-content-background-meta":{"desktop":{"background-color":"var(--ast-global-color-5)","background-image":"","background-repeat":"repeat","background-position":"center center","background-size":"auto","background-attachment":"scroll","background-type":"","background-media":"","overlay-type":"","overlay-color":"","overlay-opacity":"","overlay-gradient":""},"tablet":{"background-color":"var(--ast-global-color-5)","background-image":"","background-repeat":"repeat","background-position":"center center","background-size":"auto","background-attachment":"scroll","background-type":"","background-media":"","overlay-type":"","overlay-color":"","overlay-opacity":"","overlay-gradient":""},"mobile":{"background-color":"var(--ast-global-color-5)","background-image":"","background-repeat":"repeat","background-position":"center center","background-size":"auto","background-attachment":"scroll","background-type":"","background-media":"","overlay-type":"","overlay-color":"","overlay-opacity":"","overlay-gradient":""}}},"product_brand":[],"product_cat":[1024],"product_tag":[885,884,1417,886],"class_list":{"0":"post-15319","1":"product","2":"type-product","3":"status-publish","4":"has-post-thumbnail","6":"product_cat-tomate","7":"product_tag-buntes-gemuse","8":"product_tag-fruchtkorper","9":"product_tag-paprika-grun","10":"product_tag-pfeffer","11":"desktop-align-left","12":"tablet-align-left","13":"mobile-align-left","14":"ast-product-gallery-layout-horizontal","15":"ast-product-tabs-layout-horizontal","16":"ast-qv-on-image","18":"first","19":"instock","20":"taxable","21":"shipping-taxable","22":"purchasable","23":"product-type-simple"},"aioseo_notices":[],"_links":{"self":[{"href":"https:\/\/flanca.si\/de\/wp-json\/wp\/v2\/product\/15319","targetHints":{"allow":["GET"]}}],"collection":[{"href":"https:\/\/flanca.si\/de\/wp-json\/wp\/v2\/product"}],"about":[{"href":"https:\/\/flanca.si\/de\/wp-json\/wp\/v2\/types\/product"}],"wp:featuredmedia":[{"embeddable":true,"href":"https:\/\/flanca.si\/de\/wp-json\/wp\/v2\/media\/12419"}],"wp:attachment":[{"href":"https:\/\/flanca.si\/de\/wp-json\/wp\/v2\/media?parent=15319"}],"wp:term":[{"taxonomy":"product_brand","embeddable":true,"href":"https:\/\/flanca.si\/de\/wp-json\/wp\/v2\/product_brand?post=15319"},{"taxonomy":"product_cat","embeddable":true,"href":"https:\/\/flanca.si\/de\/wp-json\/wp\/v2\/product_cat?post=15319"},{"taxonomy":"product_tag","embeddable":true,"href":"https:\/\/flanca.si\/de\/wp-json\/wp\/v2\/product_tag?post=15319"}],"curies":[{"name":"wp","href":"https:\/\/api.w.org\/{rel}","templated":true}]}}