{"id":15310,"date":"2019-12-13T08:45:46","date_gmt":"2019-12-13T07:45:46","guid":{"rendered":"https:\/\/flanca.si\/izdelek\/peperoni\/"},"modified":"2019-12-13T08:45:46","modified_gmt":"2019-12-13T07:45:46","slug":"peperoni","status":"publish","type":"product","link":"https:\/\/flanca.si\/de\/produkt\/peperoni\/","title":{"rendered":"Peperoni"},"content":{"rendered":"<p>Eine Vielzahl von sehr scharfen Paprikaschoten. Die Fr\u00fcchte sind von mittlerer L\u00e4nge, von dunkelgr\u00fcner bis roter Farbe. Die Rotweine werden gepfl\u00fcckt. Die Sorte tr\u00e4gt fr\u00fch Fr\u00fcchte und liefert einen hochwertigen und gro\u00dfen Ertrag. Vielen ist diese Peperonisorte besser unter dem Namen &#8222;Cayennepfeffer&#8220; bekannt. Cayennepfeffer Chili ist ein wahrer Klassiker unter den scharfen Gew\u00fcrzen. Die Fr\u00fcchte eignen sich hervorragend zum Trocknen oder f\u00fcr die Herstellung einer &#8222;Ristra&#8220;, bei der viele Paprikaschoten an einem langen St\u00fcck Schnur zusammengebunden werden. Die Fr\u00fcchte werden von August bis Oktober geerntet. Und unter freiem Himmel werden im Mai die Setzlinge gepflanzt.   <\/p>\n","protected":false},"excerpt":{"rendered":"<ul>\n<li>Scharfe Peperoni<\/li>\n<li>Cayennepfeffer<\/li>\n<li>Ideal zum Trocknen<\/li>\n<li>Klassiker unter den Gew\u00fcrzen<\/li>\n<\/ul>\n<h4><strong>Jeweils 6 Setzlinge verpackt!<\/strong><\/h4>\n","protected":false},"featured_media":12425,"template":"","meta":{"site-sidebar-layout":"default","site-content-layout":"default","ast-site-content-layout":"default","site-content-style":"default","site-sidebar-style":"default","ast-global-header-display":"","ast-banner-title-visibility":"","ast-main-header-display":"","ast-hfb-above-header-display":"","ast-hfb-below-header-display":"","ast-hfb-mobile-header-display":"","site-post-title":"","ast-breadcrumbs-content":"","ast-featured-img":"","footer-sml-layout":"","ast-disable-related-posts":"","theme-transparent-header-meta":"default","adv-header-id-meta":"","stick-header-meta":"default","header-above-stick-meta":"","header-main-stick-meta":"","header-below-stick-meta":"","astra-migrate-meta-layouts":"default","ast-page-background-enabled":"default","ast-page-background-meta":{"desktop":{"background-color":"","background-image":"","background-repeat":"repeat","background-position":"center center","background-size":"auto","background-attachment":"scroll","background-type":"","background-media":"","overlay-type":"","overlay-color":"","overlay-opacity":"","overlay-gradient":""},"tablet":{"background-color":"","background-image":"","background-repeat":"repeat","background-position":"center center","background-size":"auto","background-attachment":"scroll","background-type":"","background-media":"","overlay-type":"","overlay-color":"","overlay-opacity":"","overlay-gradient":""},"mobile":{"background-color":"","background-image":"","background-repeat":"repeat","background-position":"center center","background-size":"auto","background-attachment":"scroll","background-type":"","background-media":"","overlay-type":"","overlay-color":"","overlay-opacity":"","overlay-gradient":""}},"ast-content-background-meta":{"desktop":{"background-color":"var(--ast-global-color-5)","background-image":"","background-repeat":"repeat","background-position":"center center","background-size":"auto","background-attachment":"scroll","background-type":"","background-media":"","overlay-type":"","overlay-color":"","overlay-opacity":"","overlay-gradient":""},"tablet":{"background-color":"var(--ast-global-color-5)","background-image":"","background-repeat":"repeat","background-position":"center center","background-size":"auto","background-attachment":"scroll","background-type":"","background-media":"","overlay-type":"","overlay-color":"","overlay-opacity":"","overlay-gradient":""},"mobile":{"background-color":"var(--ast-global-color-5)","background-image":"","background-repeat":"repeat","background-position":"center center","background-size":"auto","background-attachment":"scroll","background-type":"","background-media":"","overlay-type":"","overlay-color":"","overlay-opacity":"","overlay-gradient":""}}},"product_brand":[],"product_cat":[1024],"product_tag":[1155,1154,1152],"class_list":{"0":"post-15310","1":"product","2":"type-product","3":"status-publish","4":"has-post-thumbnail","6":"product_cat-tomate","7":"product_tag-mexikanische-kuche","8":"product_tag-peperoni","9":"product_tag-telugu-de","10":"desktop-align-left","11":"tablet-align-left","12":"mobile-align-left","13":"ast-product-gallery-layout-horizontal","14":"ast-product-gallery-with-no-image","15":"ast-product-tabs-layout-horizontal","16":"ast-qv-on-image","18":"first","19":"instock","20":"taxable","21":"shipping-taxable","22":"purchasable","23":"product-type-simple"},"aioseo_notices":[],"_links":{"self":[{"href":"https:\/\/flanca.si\/de\/wp-json\/wp\/v2\/product\/15310","targetHints":{"allow":["GET"]}}],"collection":[{"href":"https:\/\/flanca.si\/de\/wp-json\/wp\/v2\/product"}],"about":[{"href":"https:\/\/flanca.si\/de\/wp-json\/wp\/v2\/types\/product"}],"wp:featuredmedia":[{"embeddable":true,"href":"https:\/\/flanca.si\/de\/wp-json\/wp\/v2\/media\/12425"}],"wp:attachment":[{"href":"https:\/\/flanca.si\/de\/wp-json\/wp\/v2\/media?parent=15310"}],"wp:term":[{"taxonomy":"product_brand","embeddable":true,"href":"https:\/\/flanca.si\/de\/wp-json\/wp\/v2\/product_brand?post=15310"},{"taxonomy":"product_cat","embeddable":true,"href":"https:\/\/flanca.si\/de\/wp-json\/wp\/v2\/product_cat?post=15310"},{"taxonomy":"product_tag","embeddable":true,"href":"https:\/\/flanca.si\/de\/wp-json\/wp\/v2\/product_tag?post=15310"}],"curies":[{"name":"wp","href":"https:\/\/api.w.org\/{rel}","templated":true}]}}