{"id":15296,"date":"2019-12-16T09:14:40","date_gmt":"2019-12-16T08:14:40","guid":{"rendered":"https:\/\/flanca.si\/izdelek\/tomate-ananas\/"},"modified":"2019-12-16T09:14:40","modified_gmt":"2019-12-16T08:14:40","slug":"tomate-ananas","status":"publish","type":"product","link":"https:\/\/flanca.si\/de\/produkt\/tomate-ananas\/","title":{"rendered":"Tomate Ananas"},"content":{"rendered":"<p>Die Sorte Ananas wird von G\u00e4rtnern und anderen Z\u00fcchtern f\u00fcr drei Eigenschaften gesch\u00e4tzt: <strong>Sch\u00f6nheit<\/strong>, da die Fr\u00fcchte eine sch\u00f6ne gelb-rote Farbe haben; <strong>Geschmack<\/strong>, die Fr\u00fcchte haben einen ausgezeichneten saftigen, s\u00fc\u00dfen, vielleicht leicht s\u00e4uerlichen Geschmack mit einer dichten fleischigen Struktur, die fast kernlos ist; <strong style=\"font-size: 16px\">Gr\u00f6\u00dfe<\/strong><span style=\"font-size: 16px\">, da die Fr\u00fcchte ein Gewicht von bis zu 300 g erreichen.Eine<br \/>\n<\/span> ausgezeichnete Sorte f\u00fcr die Zubereitung von Salaten, mit Zwiebeln und Oliven\u00f6l. Die Sorte ist mittelsp\u00e4t.<br \/>\nGeeignet f\u00fcr den Anbau im Freiland, aber durch die Pflanzung in einem Gew\u00e4chshaus erhalten wir eine fr\u00fchere Ernte. Er wird genau wie die anderen Fr\u00fcchte gepflanzt, wenn die Gefahr niedriger Temperaturen gebannt ist.<\/p>\n","protected":false},"excerpt":{"rendered":"<ul>\n<li>sch\u00f6n, lecker, gro\u00df<\/li>\n<li>Fruchtfarbe gelb-rot<\/li>\n<li>mittlere fr\u00fche Sorte<\/li>\n<li>Ideal f\u00fcr die Zubereitung von Salaten<\/li>\n<\/ul>\n<h4><strong>Verpackt 1 S\u00e4mling auf einmal!<\/strong><\/h4>\n","protected":false},"featured_media":12440,"template":"","meta":{"site-sidebar-layout":"default","site-content-layout":"default","ast-site-content-layout":"default","site-content-style":"default","site-sidebar-style":"default","ast-global-header-display":"","ast-banner-title-visibility":"","ast-main-header-display":"","ast-hfb-above-header-display":"","ast-hfb-below-header-display":"","ast-hfb-mobile-header-display":"","site-post-title":"","ast-breadcrumbs-content":"","ast-featured-img":"","footer-sml-layout":"","ast-disable-related-posts":"","theme-transparent-header-meta":"default","adv-header-id-meta":"","stick-header-meta":"default","header-above-stick-meta":"","header-main-stick-meta":"","header-below-stick-meta":"","astra-migrate-meta-layouts":"default","ast-page-background-enabled":"default","ast-page-background-meta":{"desktop":{"background-color":"","background-image":"","background-repeat":"repeat","background-position":"center center","background-size":"auto","background-attachment":"scroll","background-type":"","background-media":"","overlay-type":"","overlay-color":"","overlay-opacity":"","overlay-gradient":""},"tablet":{"background-color":"","background-image":"","background-repeat":"repeat","background-position":"center center","background-size":"auto","background-attachment":"scroll","background-type":"","background-media":"","overlay-type":"","overlay-color":"","overlay-opacity":"","overlay-gradient":""},"mobile":{"background-color":"","background-image":"","background-repeat":"repeat","background-position":"center center","background-size":"auto","background-attachment":"scroll","background-type":"","background-media":"","overlay-type":"","overlay-color":"","overlay-opacity":"","overlay-gradient":""}},"ast-content-background-meta":{"desktop":{"background-color":"var(--ast-global-color-5)","background-image":"","background-repeat":"repeat","background-position":"center center","background-size":"auto","background-attachment":"scroll","background-type":"","background-media":"","overlay-type":"","overlay-color":"","overlay-opacity":"","overlay-gradient":""},"tablet":{"background-color":"var(--ast-global-color-5)","background-image":"","background-repeat":"repeat","background-position":"center center","background-size":"auto","background-attachment":"scroll","background-type":"","background-media":"","overlay-type":"","overlay-color":"","overlay-opacity":"","overlay-gradient":""},"mobile":{"background-color":"var(--ast-global-color-5)","background-image":"","background-repeat":"repeat","background-position":"center center","background-size":"auto","background-attachment":"scroll","background-type":"","background-media":"","overlay-type":"","overlay-color":"","overlay-opacity":"","overlay-gradient":""}}},"product_brand":[],"product_cat":[1024],"product_tag":[885,1020,893,1018],"class_list":{"0":"post-15296","1":"product","2":"type-product","3":"status-publish","4":"has-post-thumbnail","6":"product_cat-tomate","7":"product_tag-buntes-gemuse","8":"product_tag-dickfruchtige-tomaten","9":"product_tag-sommer","10":"product_tag-tomaten","11":"desktop-align-left","12":"tablet-align-left","13":"mobile-align-left","14":"ast-product-gallery-layout-horizontal","15":"ast-product-tabs-layout-horizontal","16":"ast-qv-on-image","18":"first","19":"outofstock","20":"taxable","21":"shipping-taxable","22":"purchasable","23":"product-type-simple"},"aioseo_notices":[],"_links":{"self":[{"href":"https:\/\/flanca.si\/de\/wp-json\/wp\/v2\/product\/15296","targetHints":{"allow":["GET"]}}],"collection":[{"href":"https:\/\/flanca.si\/de\/wp-json\/wp\/v2\/product"}],"about":[{"href":"https:\/\/flanca.si\/de\/wp-json\/wp\/v2\/types\/product"}],"wp:featuredmedia":[{"embeddable":true,"href":"https:\/\/flanca.si\/de\/wp-json\/wp\/v2\/media\/12440"}],"wp:attachment":[{"href":"https:\/\/flanca.si\/de\/wp-json\/wp\/v2\/media?parent=15296"}],"wp:term":[{"taxonomy":"product_brand","embeddable":true,"href":"https:\/\/flanca.si\/de\/wp-json\/wp\/v2\/product_brand?post=15296"},{"taxonomy":"product_cat","embeddable":true,"href":"https:\/\/flanca.si\/de\/wp-json\/wp\/v2\/product_cat?post=15296"},{"taxonomy":"product_tag","embeddable":true,"href":"https:\/\/flanca.si\/de\/wp-json\/wp\/v2\/product_tag?post=15296"}],"curies":[{"name":"wp","href":"https:\/\/api.w.org\/{rel}","templated":true}]}}