{"id":15292,"date":"2019-12-16T12:34:33","date_gmt":"2019-12-16T11:34:33","guid":{"rendered":"https:\/\/flanca.si\/izdelek\/tomaten-dattel-typ\/"},"modified":"2019-12-16T12:34:33","modified_gmt":"2019-12-16T11:34:33","slug":"tomaten-dattel-typ","status":"publish","type":"product","link":"https:\/\/flanca.si\/de\/produkt\/tomaten-dattel-typ\/","title":{"rendered":"Tomaten-Dattel-Typ"},"content":{"rendered":"<p>Die Sorte Valido ist eine Datteltomatensorte, die Dattelfr\u00fcchte von einer sch\u00f6nen gl\u00e4nzenden Farbe bildet. Sie reift fr\u00fch, der Wuchs ist mittel\u00fcppig. Sie w\u00e4chst aus 10-12 Fr\u00fcchten auf den Trauben mit einem Gewicht von ca. 20g. Die Fr\u00fcchte haben eine intensiv rote Farbe, mit einem ausgezeichneten leicht s\u00fc\u00dflichen Geschmack, geeignet f\u00fcr Salate und Snacks. Die Sorte eignet sich f\u00fcr den Anbau im Freiland oder in gesch\u00fctzten Bereichen. Sie wird von der ersten bis zur zweiten Maih\u00e4lfte im Freien gepflanzt. <\/p>\n","protected":false},"excerpt":{"rendered":"<ul>\n<li>Dattel Art der Tomate<\/li>\n<li>Bequeme Reifung von Fr\u00fcchten<\/li>\n<li>Gewicht der Fr\u00fcchte ca. ca. 20 g <\/li>\n<li>geeignet f\u00fcr Snacks und Salate<\/li>\n<li>ausgezeichneter, aromatischer Geschmack<\/li>\n<\/ul>\n<h4><strong>Jeweils 4 Setzlinge verpackt!<\/strong><\/h4>\n","protected":false},"featured_media":12457,"template":"","meta":{"site-sidebar-layout":"default","site-content-layout":"default","ast-site-content-layout":"default","site-content-style":"default","site-sidebar-style":"default","ast-global-header-display":"","ast-banner-title-visibility":"","ast-main-header-display":"","ast-hfb-above-header-display":"","ast-hfb-below-header-display":"","ast-hfb-mobile-header-display":"","site-post-title":"","ast-breadcrumbs-content":"","ast-featured-img":"","footer-sml-layout":"","ast-disable-related-posts":"","theme-transparent-header-meta":"default","adv-header-id-meta":"","stick-header-meta":"default","header-above-stick-meta":"","header-main-stick-meta":"","header-below-stick-meta":"","astra-migrate-meta-layouts":"default","ast-page-background-enabled":"default","ast-page-background-meta":{"desktop":{"background-color":"","background-image":"","background-repeat":"repeat","background-position":"center center","background-size":"auto","background-attachment":"scroll","background-type":"","background-media":"","overlay-type":"","overlay-color":"","overlay-opacity":"","overlay-gradient":""},"tablet":{"background-color":"","background-image":"","background-repeat":"repeat","background-position":"center center","background-size":"auto","background-attachment":"scroll","background-type":"","background-media":"","overlay-type":"","overlay-color":"","overlay-opacity":"","overlay-gradient":""},"mobile":{"background-color":"","background-image":"","background-repeat":"repeat","background-position":"center center","background-size":"auto","background-attachment":"scroll","background-type":"","background-media":"","overlay-type":"","overlay-color":"","overlay-opacity":"","overlay-gradient":""}},"ast-content-background-meta":{"desktop":{"background-color":"var(--ast-global-color-5)","background-image":"","background-repeat":"repeat","background-position":"center center","background-size":"auto","background-attachment":"scroll","background-type":"","background-media":"","overlay-type":"","overlay-color":"","overlay-opacity":"","overlay-gradient":""},"tablet":{"background-color":"var(--ast-global-color-5)","background-image":"","background-repeat":"repeat","background-position":"center center","background-size":"auto","background-attachment":"scroll","background-type":"","background-media":"","overlay-type":"","overlay-color":"","overlay-opacity":"","overlay-gradient":""},"mobile":{"background-color":"var(--ast-global-color-5)","background-image":"","background-repeat":"repeat","background-position":"center center","background-size":"auto","background-attachment":"scroll","background-type":"","background-media":"","overlay-type":"","overlay-color":"","overlay-opacity":"","overlay-gradient":""}}},"product_brand":[],"product_cat":[1024],"product_tag":[884,1043,1018],"class_list":{"0":"post-15292","1":"product","2":"type-product","3":"status-publish","4":"has-post-thumbnail","6":"product_cat-tomate","7":"product_tag-fruchtkorper","8":"product_tag-rotes-gemuse","9":"product_tag-tomaten","10":"desktop-align-left","11":"tablet-align-left","12":"mobile-align-left","13":"ast-product-gallery-layout-horizontal","14":"ast-product-gallery-with-no-image","15":"ast-product-tabs-layout-horizontal","16":"ast-qv-on-image","18":"first","19":"outofstock","20":"taxable","21":"shipping-taxable","22":"purchasable","23":"product-type-simple"},"aioseo_notices":[],"_links":{"self":[{"href":"https:\/\/flanca.si\/de\/wp-json\/wp\/v2\/product\/15292","targetHints":{"allow":["GET"]}}],"collection":[{"href":"https:\/\/flanca.si\/de\/wp-json\/wp\/v2\/product"}],"about":[{"href":"https:\/\/flanca.si\/de\/wp-json\/wp\/v2\/types\/product"}],"wp:featuredmedia":[{"embeddable":true,"href":"https:\/\/flanca.si\/de\/wp-json\/wp\/v2\/media\/12457"}],"wp:attachment":[{"href":"https:\/\/flanca.si\/de\/wp-json\/wp\/v2\/media?parent=15292"}],"wp:term":[{"taxonomy":"product_brand","embeddable":true,"href":"https:\/\/flanca.si\/de\/wp-json\/wp\/v2\/product_brand?post=15292"},{"taxonomy":"product_cat","embeddable":true,"href":"https:\/\/flanca.si\/de\/wp-json\/wp\/v2\/product_cat?post=15292"},{"taxonomy":"product_tag","embeddable":true,"href":"https:\/\/flanca.si\/de\/wp-json\/wp\/v2\/product_tag?post=15292"}],"curies":[{"name":"wp","href":"https:\/\/api.w.org\/{rel}","templated":true}]}}