{"id":15287,"date":"2019-12-16T11:58:16","date_gmt":"2019-12-16T10:58:16","guid":{"rendered":"https:\/\/flanca.si\/izdelek\/tomate-jani-f1\/"},"modified":"2019-12-16T11:58:16","modified_gmt":"2019-12-16T10:58:16","slug":"tomate-jani-f1","status":"publish","type":"product","link":"https:\/\/flanca.si\/de\/produkt\/tomate-jani-f1\/","title":{"rendered":"Tomate Jani F1"},"content":{"rendered":"<p>Jani ist eine fr\u00fchere Sorte der buschigen Tomate. Sie erreicht eine H\u00f6he von 80 cm und ben\u00f6tigt keine starke, hohe St\u00fctze, um zu wachsen. Die roten, gl\u00e4nzenden, etwas flachen Fr\u00fcchte haben einen Durchmesser von etwa 7 cm. Sie haben einen ausgezeichneten aromatischen Geschmack. Die Sorte eignet sich sowohl f\u00fcr die Bepflanzung von Gartenbeeten als auch in gesch\u00fctzten Bereichen (Gew\u00e4chsh\u00e4usern). Vor allem aber eignet sich die Sorte aufgrund ihrer Wachstumseigenschaften f\u00fcr die Pflanzung in T\u00f6pfen und Tr\u00f6gen. Diese Sorte wird nicht eingeklemmt, da auf den Bl\u00e4ttchen ganze Fruchtb\u00fcschel wachsen. Sie wird im Freien gepflanzt, wenn die Gefahr niedriger Temperaturen vor\u00fcber ist.   <\/p>\n","protected":false},"excerpt":{"rendered":"<ul>\n<li>\u00c4ltere Sorte<\/li>\n<li>buschige Tomaten<\/li>\n<li>aromatischer Geschmack<\/li>\n<li>rote, leicht flache Fr\u00fcchte, 7 cm Durchmesser<\/li>\n<\/ul>\n<h4><strong>Jeweils 4 Setzlinge verpackt!<\/strong><\/h4>\n","protected":false},"featured_media":12455,"template":"","meta":{"site-sidebar-layout":"default","site-content-layout":"default","ast-site-content-layout":"default","site-content-style":"default","site-sidebar-style":"default","ast-global-header-display":"","ast-banner-title-visibility":"","ast-main-header-display":"","ast-hfb-above-header-display":"","ast-hfb-below-header-display":"","ast-hfb-mobile-header-display":"","site-post-title":"","ast-breadcrumbs-content":"","ast-featured-img":"","footer-sml-layout":"","ast-disable-related-posts":"","theme-transparent-header-meta":"default","adv-header-id-meta":"","stick-header-meta":"default","header-above-stick-meta":"","header-main-stick-meta":"","header-below-stick-meta":"","astra-migrate-meta-layouts":"default","ast-page-background-enabled":"default","ast-page-background-meta":{"desktop":{"background-color":"","background-image":"","background-repeat":"repeat","background-position":"center center","background-size":"auto","background-attachment":"scroll","background-type":"","background-media":"","overlay-type":"","overlay-color":"","overlay-opacity":"","overlay-gradient":""},"tablet":{"background-color":"","background-image":"","background-repeat":"repeat","background-position":"center center","background-size":"auto","background-attachment":"scroll","background-type":"","background-media":"","overlay-type":"","overlay-color":"","overlay-opacity":"","overlay-gradient":""},"mobile":{"background-color":"","background-image":"","background-repeat":"repeat","background-position":"center center","background-size":"auto","background-attachment":"scroll","background-type":"","background-media":"","overlay-type":"","overlay-color":"","overlay-opacity":"","overlay-gradient":""}},"ast-content-background-meta":{"desktop":{"background-color":"var(--ast-global-color-5)","background-image":"","background-repeat":"repeat","background-position":"center center","background-size":"auto","background-attachment":"scroll","background-type":"","background-media":"","overlay-type":"","overlay-color":"","overlay-opacity":"","overlay-gradient":""},"tablet":{"background-color":"var(--ast-global-color-5)","background-image":"","background-repeat":"repeat","background-position":"center center","background-size":"auto","background-attachment":"scroll","background-type":"","background-media":"","overlay-type":"","overlay-color":"","overlay-opacity":"","overlay-gradient":""},"mobile":{"background-color":"var(--ast-global-color-5)","background-image":"","background-repeat":"repeat","background-position":"center center","background-size":"auto","background-attachment":"scroll","background-type":"","background-media":"","overlay-type":"","overlay-color":"","overlay-opacity":"","overlay-gradient":""}}},"product_brand":[],"product_cat":[1024],"product_tag":[884,1406,1043,1018],"class_list":{"0":"post-15287","1":"product","2":"type-product","3":"status-publish","4":"has-post-thumbnail","6":"product_cat-tomate","7":"product_tag-fruchtkorper","8":"product_tag-niedrige-tomaten","9":"product_tag-rotes-gemuse","10":"product_tag-tomaten","11":"desktop-align-left","12":"tablet-align-left","13":"mobile-align-left","14":"ast-product-gallery-layout-horizontal","15":"ast-product-gallery-with-no-image","16":"ast-product-tabs-layout-horizontal","17":"ast-qv-on-image","19":"first","20":"instock","21":"taxable","22":"shipping-taxable","23":"purchasable","24":"product-type-simple"},"aioseo_notices":[],"_links":{"self":[{"href":"https:\/\/flanca.si\/de\/wp-json\/wp\/v2\/product\/15287","targetHints":{"allow":["GET"]}}],"collection":[{"href":"https:\/\/flanca.si\/de\/wp-json\/wp\/v2\/product"}],"about":[{"href":"https:\/\/flanca.si\/de\/wp-json\/wp\/v2\/types\/product"}],"wp:featuredmedia":[{"embeddable":true,"href":"https:\/\/flanca.si\/de\/wp-json\/wp\/v2\/media\/12455"}],"wp:attachment":[{"href":"https:\/\/flanca.si\/de\/wp-json\/wp\/v2\/media?parent=15287"}],"wp:term":[{"taxonomy":"product_brand","embeddable":true,"href":"https:\/\/flanca.si\/de\/wp-json\/wp\/v2\/product_brand?post=15287"},{"taxonomy":"product_cat","embeddable":true,"href":"https:\/\/flanca.si\/de\/wp-json\/wp\/v2\/product_cat?post=15287"},{"taxonomy":"product_tag","embeddable":true,"href":"https:\/\/flanca.si\/de\/wp-json\/wp\/v2\/product_tag?post=15287"}],"curies":[{"name":"wp","href":"https:\/\/api.w.org\/{rel}","templated":true}]}}