{"id":15285,"date":"2019-12-17T07:20:42","date_gmt":"2019-12-17T06:20:42","guid":{"rendered":"https:\/\/flanca.si\/izdelek\/veredelte-paprika-lebende-gelbe-paprika\/"},"modified":"2019-12-17T07:20:42","modified_gmt":"2019-12-17T06:20:42","slug":"veredelte-paprika-lebende-gelbe-paprika","status":"publish","type":"product","link":"https:\/\/flanca.si\/de\/produkt\/veredelte-paprika-lebende-gelbe-paprika\/","title":{"rendered":"Veredelte Paprika lebende gelbe Paprika"},"content":{"rendered":"<p>Der veredelte Pfeffer besteht aus zwei Teilen, n\u00e4mlich der Unterlage und der Sorte. In unserem Sortiment haben wir veredelte Paprikaschoten, deren Sorte Vedrana ist, eine gelbe Paprika vom Typ Babura. Durch die Veredelung auf einer \u00fcppig wachsenden Unterlage hat die Pflanze ein au\u00dfergew\u00f6hnliches Wachstum in Kombination mit der Sorte sowie Fruchtbarkeit. Veredelte Paprika bleibt bis in die Saison hinein lange auf Ihrem Gartenbeet. Es ist widerstandsf\u00e4higer gegen Sch\u00e4dlinge, Krankheiten und Ern\u00e4hrungsst\u00f6rungen (N\u00e4hrstoffmangel). Sie ist ideal f\u00fcr die Gartenarbeit in kleineren R\u00e4umen, da die Ernte gr\u00f6\u00dfer und von h\u00f6herer Qualit\u00e4t ist. Die Fr\u00fcchte haben eine dicke fleischige Wand und sind extrem gleichm\u00e4\u00dfig. Sie sind von ausgezeichneter Qualit\u00e4t und Geschmack. Sie wird im Freien gepflanzt, wenn sich der Boden richtig erw\u00e4rmt. So wie es auch bei den restlichen Paprikaschoten der Fall ist. Achten Sie beim Pflanzen darauf, die veredelte Stelle nicht zu \u00fcberfordern.  <\/p>\n","protected":false},"excerpt":{"rendered":"<ul>\n<li>\n<h4><strong>veredelter S\u00e4mling<\/strong><\/h4>\n<\/li>\n<li>widerstandsf\u00e4higere Pflanze<\/li>\n<li>ausgezeichnete Fruchtbarkeit und Qualit\u00e4t<\/li>\n<li>gleichm\u00e4\u00dfige Fr\u00fcchte mit dicken W\u00e4nden<\/li>\n<\/ul>\n<h4><strong>Verpackt 1 S\u00e4mling auf einmal!<\/strong><\/h4>\n","protected":false},"featured_media":14584,"template":"","meta":{"site-sidebar-layout":"default","site-content-layout":"default","ast-site-content-layout":"default","site-content-style":"default","site-sidebar-style":"default","ast-global-header-display":"","ast-banner-title-visibility":"","ast-main-header-display":"","ast-hfb-above-header-display":"","ast-hfb-below-header-display":"","ast-hfb-mobile-header-display":"","site-post-title":"","ast-breadcrumbs-content":"","ast-featured-img":"","footer-sml-layout":"","ast-disable-related-posts":"","theme-transparent-header-meta":"default","adv-header-id-meta":"","stick-header-meta":"default","header-above-stick-meta":"","header-main-stick-meta":"","header-below-stick-meta":"","astra-migrate-meta-layouts":"default","ast-page-background-enabled":"default","ast-page-background-meta":{"desktop":{"background-color":"","background-image":"","background-repeat":"repeat","background-position":"center center","background-size":"auto","background-attachment":"scroll","background-type":"","background-media":"","overlay-type":"","overlay-color":"","overlay-opacity":"","overlay-gradient":""},"tablet":{"background-color":"","background-image":"","background-repeat":"repeat","background-position":"center center","background-size":"auto","background-attachment":"scroll","background-type":"","background-media":"","overlay-type":"","overlay-color":"","overlay-opacity":"","overlay-gradient":""},"mobile":{"background-color":"","background-image":"","background-repeat":"repeat","background-position":"center center","background-size":"auto","background-attachment":"scroll","background-type":"","background-media":"","overlay-type":"","overlay-color":"","overlay-opacity":"","overlay-gradient":""}},"ast-content-background-meta":{"desktop":{"background-color":"var(--ast-global-color-5)","background-image":"","background-repeat":"repeat","background-position":"center center","background-size":"auto","background-attachment":"scroll","background-type":"","background-media":"","overlay-type":"","overlay-color":"","overlay-opacity":"","overlay-gradient":""},"tablet":{"background-color":"var(--ast-global-color-5)","background-image":"","background-repeat":"repeat","background-position":"center center","background-size":"auto","background-attachment":"scroll","background-type":"","background-media":"","overlay-type":"","overlay-color":"","overlay-opacity":"","overlay-gradient":""},"mobile":{"background-color":"var(--ast-global-color-5)","background-image":"","background-repeat":"repeat","background-position":"center center","background-size":"auto","background-attachment":"scroll","background-type":"","background-media":"","overlay-type":"","overlay-color":"","overlay-opacity":"","overlay-gradient":""}}},"product_brand":[],"product_cat":[1024],"product_tag":[1405,908,886,1040,1039],"class_list":{"0":"post-15285","1":"product","2":"type-product","3":"status-publish","4":"has-post-thumbnail","6":"product_cat-tomate","7":"product_tag-gepfropfter-pfeffer","8":"product_tag-paprika-gelb","9":"product_tag-pfeffer","10":"product_tag-veredelte-samlinge","11":"product_tag-veredeltes-gemuse","12":"desktop-align-left","13":"tablet-align-left","14":"mobile-align-left","15":"ast-product-gallery-layout-horizontal","16":"ast-product-gallery-with-no-image","17":"ast-product-tabs-layout-horizontal","18":"ast-qv-on-image","20":"first","21":"outofstock","22":"taxable","23":"shipping-taxable","24":"purchasable","25":"product-type-simple"},"aioseo_notices":[],"_links":{"self":[{"href":"https:\/\/flanca.si\/de\/wp-json\/wp\/v2\/product\/15285","targetHints":{"allow":["GET"]}}],"collection":[{"href":"https:\/\/flanca.si\/de\/wp-json\/wp\/v2\/product"}],"about":[{"href":"https:\/\/flanca.si\/de\/wp-json\/wp\/v2\/types\/product"}],"wp:featuredmedia":[{"embeddable":true,"href":"https:\/\/flanca.si\/de\/wp-json\/wp\/v2\/media\/14584"}],"wp:attachment":[{"href":"https:\/\/flanca.si\/de\/wp-json\/wp\/v2\/media?parent=15285"}],"wp:term":[{"taxonomy":"product_brand","embeddable":true,"href":"https:\/\/flanca.si\/de\/wp-json\/wp\/v2\/product_brand?post=15285"},{"taxonomy":"product_cat","embeddable":true,"href":"https:\/\/flanca.si\/de\/wp-json\/wp\/v2\/product_cat?post=15285"},{"taxonomy":"product_tag","embeddable":true,"href":"https:\/\/flanca.si\/de\/wp-json\/wp\/v2\/product_tag?post=15285"}],"curies":[{"name":"wp","href":"https:\/\/api.w.org\/{rel}","templated":true}]}}