{"id":15282,"date":"2019-12-17T08:41:36","date_gmt":"2019-12-17T07:41:36","guid":{"rendered":"https:\/\/flanca.si\/izdelek\/veredelter-gurkensalat\/"},"modified":"2019-12-17T08:41:36","modified_gmt":"2019-12-17T07:41:36","slug":"veredelter-gurkensalat","status":"publish","type":"product","link":"https:\/\/flanca.si\/de\/produkt\/veredelter-gurkensalat\/","title":{"rendered":"Veredelter Gurkensalat"},"content":{"rendered":"<p>Die Sorte ist eine Standardsorte von Gurkensalat. Eine fr\u00fche und ertragreiche Sorte, die f\u00fcr den ganzj\u00e4hrigen Anbau geeignet ist. Die Fr\u00fcchte sind gerade, lang, zylindrisch, ausgezeichneter Geschmack ohne Bitterkeit. Sie eignen sich sowohl f\u00fcr den Anbau im Freiland als auch in gesch\u00fctzten Bereichen (Gew\u00e4chshaus). Veredelte Gurken sind Pflanzen mit einer viel gr\u00f6\u00dferen Resistenz gegen Sch\u00e4dlinge und Krankheiten. Die Pflanzen werden im Mai oder wenn die Gefahr niedriger Temperaturen vor\u00fcber ist, im Freien gepflanzt.  <\/p>\n","protected":false},"excerpt":{"rendered":"<ul>\n<li>\n<h4><strong>veredelter S\u00e4mling<\/strong><\/h4>\n<\/li>\n<li>Gurkensalat<\/li>\n<li>warziger Typ<\/li>\n<li>Fr\u00fche Sorte<\/li>\n<li>ausgezeichnete Fruchtbarkeit<\/li>\n<li>im G\u00e4rtnerei-Einzelhandel vorr\u00e4tig, versenden wir sie nicht<\/li>\n<\/ul>\n<h4><strong>Verpackt 1 S\u00e4mling auf einmal!<\/strong><\/h4>\n","protected":false},"featured_media":12475,"template":"","meta":{"site-sidebar-layout":"default","site-content-layout":"default","ast-site-content-layout":"default","site-content-style":"default","site-sidebar-style":"default","ast-global-header-display":"","ast-banner-title-visibility":"","ast-main-header-display":"","ast-hfb-above-header-display":"","ast-hfb-below-header-display":"","ast-hfb-mobile-header-display":"","site-post-title":"","ast-breadcrumbs-content":"","ast-featured-img":"","footer-sml-layout":"","ast-disable-related-posts":"","theme-transparent-header-meta":"default","adv-header-id-meta":"","stick-header-meta":"default","header-above-stick-meta":"","header-main-stick-meta":"","header-below-stick-meta":"","astra-migrate-meta-layouts":"default","ast-page-background-enabled":"default","ast-page-background-meta":{"desktop":{"background-color":"","background-image":"","background-repeat":"repeat","background-position":"center center","background-size":"auto","background-attachment":"scroll","background-type":"","background-media":"","overlay-type":"","overlay-color":"","overlay-opacity":"","overlay-gradient":""},"tablet":{"background-color":"","background-image":"","background-repeat":"repeat","background-position":"center center","background-size":"auto","background-attachment":"scroll","background-type":"","background-media":"","overlay-type":"","overlay-color":"","overlay-opacity":"","overlay-gradient":""},"mobile":{"background-color":"","background-image":"","background-repeat":"repeat","background-position":"center center","background-size":"auto","background-attachment":"scroll","background-type":"","background-media":"","overlay-type":"","overlay-color":"","overlay-opacity":"","overlay-gradient":""}},"ast-content-background-meta":{"desktop":{"background-color":"var(--ast-global-color-5)","background-image":"","background-repeat":"repeat","background-position":"center center","background-size":"auto","background-attachment":"scroll","background-type":"","background-media":"","overlay-type":"","overlay-color":"","overlay-opacity":"","overlay-gradient":""},"tablet":{"background-color":"var(--ast-global-color-5)","background-image":"","background-repeat":"repeat","background-position":"center center","background-size":"auto","background-attachment":"scroll","background-type":"","background-media":"","overlay-type":"","overlay-color":"","overlay-opacity":"","overlay-gradient":""},"mobile":{"background-color":"var(--ast-global-color-5)","background-image":"","background-repeat":"repeat","background-position":"center center","background-size":"auto","background-attachment":"scroll","background-type":"","background-media":"","overlay-type":"","overlay-color":"","overlay-opacity":"","overlay-gradient":""}}},"product_brand":[],"product_cat":[1024],"product_tag":[894,1040],"class_list":{"0":"post-15282","1":"product","2":"type-product","3":"status-publish","4":"has-post-thumbnail","6":"product_cat-tomate","7":"product_tag-gurken","8":"product_tag-veredelte-samlinge","9":"desktop-align-left","10":"tablet-align-left","11":"mobile-align-left","12":"ast-product-gallery-layout-horizontal","13":"ast-product-gallery-with-no-image","14":"ast-product-tabs-layout-horizontal","15":"ast-qv-on-image","17":"first","18":"outofstock","19":"taxable","20":"shipping-taxable","21":"purchasable","22":"product-type-simple"},"aioseo_notices":[],"_links":{"self":[{"href":"https:\/\/flanca.si\/de\/wp-json\/wp\/v2\/product\/15282","targetHints":{"allow":["GET"]}}],"collection":[{"href":"https:\/\/flanca.si\/de\/wp-json\/wp\/v2\/product"}],"about":[{"href":"https:\/\/flanca.si\/de\/wp-json\/wp\/v2\/types\/product"}],"wp:featuredmedia":[{"embeddable":true,"href":"https:\/\/flanca.si\/de\/wp-json\/wp\/v2\/media\/12475"}],"wp:attachment":[{"href":"https:\/\/flanca.si\/de\/wp-json\/wp\/v2\/media?parent=15282"}],"wp:term":[{"taxonomy":"product_brand","embeddable":true,"href":"https:\/\/flanca.si\/de\/wp-json\/wp\/v2\/product_brand?post=15282"},{"taxonomy":"product_cat","embeddable":true,"href":"https:\/\/flanca.si\/de\/wp-json\/wp\/v2\/product_cat?post=15282"},{"taxonomy":"product_tag","embeddable":true,"href":"https:\/\/flanca.si\/de\/wp-json\/wp\/v2\/product_tag?post=15282"}],"curies":[{"name":"wp","href":"https:\/\/api.w.org\/{rel}","templated":true}]}}