{"id":15280,"date":"2019-12-17T08:58:07","date_gmt":"2019-12-17T07:58:07","guid":{"rendered":"https:\/\/flanca.si\/izdelek\/veredelte-gurken-baby-star-f1\/"},"modified":"2019-12-17T08:58:07","modified_gmt":"2019-12-17T07:58:07","slug":"veredelte-gurken-baby-star-f1","status":"publish","type":"product","link":"https:\/\/flanca.si\/de\/produkt\/veredelte-gurken-baby-star-f1\/","title":{"rendered":"Veredelte Gurken Baby Star F1"},"content":{"rendered":"<p>Eine \u00fcppig wachsende Sorte von Mini-Gurken, die eine Unterst\u00fctzung f\u00fcr ihr Wachstum ben\u00f6tigen. Sie sind best\u00e4ndig gegen niedrige und hohe Temperaturen. Fr\u00fcchte k\u00f6nnen sehr fr\u00fch geerntet werden. Sie sind 8 bis 9 cm gro\u00df und wiegen ca. 20 g und werden in der N\u00e4he des Stiels gebildet. Mit ihren knackigen und nahrhaften Fr\u00fcchten sind Gurken ein einzigartiger Sommersnack f\u00fcr Kinder. Sie k\u00f6nnen auf dem Freiland oder in einem Gew\u00e4chshaus angebaut werden. Sie eignen sich f\u00fcr den Anbau in T\u00f6pfen auf Balkonen und Terrassen. <\/p>\n","protected":false},"excerpt":{"rendered":"<ul>\n<li>\n<h4><strong>veredelter S\u00e4mling<\/strong><\/h4>\n<\/li>\n<li>Mini-Gurke<\/li>\n<li>best\u00e4ndig gegen niedrige und hohe Temperaturen<\/li>\n<li>\u00dcppiger Anbau<\/li>\n<li>Fr\u00fche Ernten<\/li>\n<li>Ein einzigartiger Sommersnack<\/li>\n<\/ul>\n<h4><strong>Verpackt 1 S\u00e4mling auf einmal!<\/strong><\/h4>\n","protected":false},"featured_media":12476,"template":"","meta":{"site-sidebar-layout":"default","site-content-layout":"default","ast-site-content-layout":"default","site-content-style":"default","site-sidebar-style":"default","ast-global-header-display":"","ast-banner-title-visibility":"","ast-main-header-display":"","ast-hfb-above-header-display":"","ast-hfb-below-header-display":"","ast-hfb-mobile-header-display":"","site-post-title":"","ast-breadcrumbs-content":"","ast-featured-img":"","footer-sml-layout":"","ast-disable-related-posts":"","theme-transparent-header-meta":"default","adv-header-id-meta":"","stick-header-meta":"default","header-above-stick-meta":"","header-main-stick-meta":"","header-below-stick-meta":"","astra-migrate-meta-layouts":"default","ast-page-background-enabled":"default","ast-page-background-meta":{"desktop":{"background-color":"","background-image":"","background-repeat":"repeat","background-position":"center center","background-size":"auto","background-attachment":"scroll","background-type":"","background-media":"","overlay-type":"","overlay-color":"","overlay-opacity":"","overlay-gradient":""},"tablet":{"background-color":"","background-image":"","background-repeat":"repeat","background-position":"center center","background-size":"auto","background-attachment":"scroll","background-type":"","background-media":"","overlay-type":"","overlay-color":"","overlay-opacity":"","overlay-gradient":""},"mobile":{"background-color":"","background-image":"","background-repeat":"repeat","background-position":"center center","background-size":"auto","background-attachment":"scroll","background-type":"","background-media":"","overlay-type":"","overlay-color":"","overlay-opacity":"","overlay-gradient":""}},"ast-content-background-meta":{"desktop":{"background-color":"var(--ast-global-color-5)","background-image":"","background-repeat":"repeat","background-position":"center center","background-size":"auto","background-attachment":"scroll","background-type":"","background-media":"","overlay-type":"","overlay-color":"","overlay-opacity":"","overlay-gradient":""},"tablet":{"background-color":"var(--ast-global-color-5)","background-image":"","background-repeat":"repeat","background-position":"center center","background-size":"auto","background-attachment":"scroll","background-type":"","background-media":"","overlay-type":"","overlay-color":"","overlay-opacity":"","overlay-gradient":""},"mobile":{"background-color":"var(--ast-global-color-5)","background-image":"","background-repeat":"repeat","background-position":"center center","background-size":"auto","background-attachment":"scroll","background-type":"","background-media":"","overlay-type":"","overlay-color":"","overlay-opacity":"","overlay-gradient":""}}},"product_brand":[],"product_cat":[1024],"product_tag":[894,1040],"class_list":{"0":"post-15280","1":"product","2":"type-product","3":"status-publish","4":"has-post-thumbnail","6":"product_cat-tomate","7":"product_tag-gurken","8":"product_tag-veredelte-samlinge","9":"desktop-align-left","10":"tablet-align-left","11":"mobile-align-left","12":"ast-product-gallery-layout-horizontal","13":"ast-product-gallery-with-no-image","14":"ast-product-tabs-layout-horizontal","15":"ast-qv-on-image","17":"first","18":"outofstock","19":"taxable","20":"shipping-taxable","21":"purchasable","22":"product-type-simple"},"aioseo_notices":[],"_links":{"self":[{"href":"https:\/\/flanca.si\/de\/wp-json\/wp\/v2\/product\/15280","targetHints":{"allow":["GET"]}}],"collection":[{"href":"https:\/\/flanca.si\/de\/wp-json\/wp\/v2\/product"}],"about":[{"href":"https:\/\/flanca.si\/de\/wp-json\/wp\/v2\/types\/product"}],"wp:featuredmedia":[{"embeddable":true,"href":"https:\/\/flanca.si\/de\/wp-json\/wp\/v2\/media\/12476"}],"wp:attachment":[{"href":"https:\/\/flanca.si\/de\/wp-json\/wp\/v2\/media?parent=15280"}],"wp:term":[{"taxonomy":"product_brand","embeddable":true,"href":"https:\/\/flanca.si\/de\/wp-json\/wp\/v2\/product_brand?post=15280"},{"taxonomy":"product_cat","embeddable":true,"href":"https:\/\/flanca.si\/de\/wp-json\/wp\/v2\/product_cat?post=15280"},{"taxonomy":"product_tag","embeddable":true,"href":"https:\/\/flanca.si\/de\/wp-json\/wp\/v2\/product_tag?post=15280"}],"curies":[{"name":"wp","href":"https:\/\/api.w.org\/{rel}","templated":true}]}}