{"id":15259,"date":"2019-12-18T08:36:10","date_gmt":"2019-12-18T07:36:10","guid":{"rendered":"https:\/\/flanca.si\/izdelek\/muskatnuss-kuerbis\/"},"modified":"2019-12-18T08:36:10","modified_gmt":"2019-12-18T07:36:10","slug":"muskatnuss-kuerbis","status":"publish","type":"product","link":"https:\/\/flanca.si\/de\/produkt\/muskatnuss-kuerbis\/","title":{"rendered":"Muskatnuss K\u00fcrbis"},"content":{"rendered":"<p>Die K\u00fcrbissorte Moschata de Provence ben\u00f6tigt im Vergleich zu anderen K\u00fcrbissorten etwas w\u00e4rmere Bedingungen, um zu wachsen. Sie bildet gro\u00dfe Fr\u00fcchte mit einem Gewicht von bis zu 8 kg. Unreife K\u00fcrbisse haben eine gr\u00fcne Farbe. Reife Fr\u00fcchte wiederum sind orange und rotbraun gef\u00e4rbt. Das Fruchtfleisch des K\u00fcrbisses ist ebenfalls orange gef\u00e4rbt, was fest, saftig, leicht s\u00fc\u00dflich und stark aromatisch ist. Es eignet sich f\u00fcr die Zubereitung von Desserts, Cremesuppen. Die Samen mit ihrem hohen Gehalt an \u00d6l und Eiwei\u00df werden im Gesundheitswesen sehr gesch\u00e4tzt. Reife Fr\u00fcchte, die von September bis Oktober geerntet werden, werden ebenfalls im Keller oder dunkel und k\u00fchl gelagert f\u00fcr 8 bis 12 Monate. Die Setzlinge werden in der zweiten Maih\u00e4lfte auf dem Freiland gepflanzt, wenn es bereits warm genug ist.   <\/p>\n","protected":false},"excerpt":{"rendered":"<ul>\n<li>Muskatnuss K\u00fcrbis<\/li>\n<li>gro\u00dfe Fr\u00fcchte bis 8 kg<\/li>\n<li>saftiges, festes, aromatisches Fleisch<\/li>\n<li>f\u00fcr die Zubereitung von cremigen Suppen und Desserts<\/li>\n<li>Wir k\u00f6nnen es bis zur n\u00e4chsten Saison lagern<\/li>\n<\/ul>\n<h4><strong>Verpackt 1 S\u00e4mling auf einmal!<\/strong><\/h4>\n","protected":false},"featured_media":12499,"template":"","meta":{"site-sidebar-layout":"default","site-content-layout":"default","ast-site-content-layout":"default","site-content-style":"default","site-sidebar-style":"default","ast-global-header-display":"","ast-banner-title-visibility":"","ast-main-header-display":"","ast-hfb-above-header-display":"","ast-hfb-below-header-display":"","ast-hfb-mobile-header-display":"","site-post-title":"","ast-breadcrumbs-content":"","ast-featured-img":"","footer-sml-layout":"","ast-disable-related-posts":"","theme-transparent-header-meta":"default","adv-header-id-meta":"","stick-header-meta":"default","header-above-stick-meta":"","header-main-stick-meta":"","header-below-stick-meta":"","astra-migrate-meta-layouts":"default","ast-page-background-enabled":"default","ast-page-background-meta":{"desktop":{"background-color":"","background-image":"","background-repeat":"repeat","background-position":"center center","background-size":"auto","background-attachment":"scroll","background-type":"","background-media":"","overlay-type":"","overlay-color":"","overlay-opacity":"","overlay-gradient":""},"tablet":{"background-color":"","background-image":"","background-repeat":"repeat","background-position":"center center","background-size":"auto","background-attachment":"scroll","background-type":"","background-media":"","overlay-type":"","overlay-color":"","overlay-opacity":"","overlay-gradient":""},"mobile":{"background-color":"","background-image":"","background-repeat":"repeat","background-position":"center center","background-size":"auto","background-attachment":"scroll","background-type":"","background-media":"","overlay-type":"","overlay-color":"","overlay-opacity":"","overlay-gradient":""}},"ast-content-background-meta":{"desktop":{"background-color":"var(--ast-global-color-5)","background-image":"","background-repeat":"repeat","background-position":"center center","background-size":"auto","background-attachment":"scroll","background-type":"","background-media":"","overlay-type":"","overlay-color":"","overlay-opacity":"","overlay-gradient":""},"tablet":{"background-color":"var(--ast-global-color-5)","background-image":"","background-repeat":"repeat","background-position":"center center","background-size":"auto","background-attachment":"scroll","background-type":"","background-media":"","overlay-type":"","overlay-color":"","overlay-opacity":"","overlay-gradient":""},"mobile":{"background-color":"var(--ast-global-color-5)","background-image":"","background-repeat":"repeat","background-position":"center center","background-size":"auto","background-attachment":"scroll","background-type":"","background-media":"","overlay-type":"","overlay-color":"","overlay-opacity":"","overlay-gradient":""}}},"product_brand":[],"product_cat":[1024],"product_tag":[1160,1216,1390,1391],"class_list":{"0":"post-15259","1":"product","2":"type-product","3":"status-publish","4":"has-post-thumbnail","6":"product_cat-tomate","7":"product_tag-herbst","8":"product_tag-herbst-de","9":"product_tag-kurbisse","10":"product_tag-mollig-de","11":"desktop-align-left","12":"tablet-align-left","13":"mobile-align-left","14":"ast-product-gallery-layout-horizontal","15":"ast-product-tabs-layout-horizontal","16":"ast-qv-on-image","18":"first","19":"outofstock","20":"taxable","21":"shipping-taxable","22":"purchasable","23":"product-type-simple"},"aioseo_notices":[],"_links":{"self":[{"href":"https:\/\/flanca.si\/de\/wp-json\/wp\/v2\/product\/15259","targetHints":{"allow":["GET"]}}],"collection":[{"href":"https:\/\/flanca.si\/de\/wp-json\/wp\/v2\/product"}],"about":[{"href":"https:\/\/flanca.si\/de\/wp-json\/wp\/v2\/types\/product"}],"wp:featuredmedia":[{"embeddable":true,"href":"https:\/\/flanca.si\/de\/wp-json\/wp\/v2\/media\/12499"}],"wp:attachment":[{"href":"https:\/\/flanca.si\/de\/wp-json\/wp\/v2\/media?parent=15259"}],"wp:term":[{"taxonomy":"product_brand","embeddable":true,"href":"https:\/\/flanca.si\/de\/wp-json\/wp\/v2\/product_brand?post=15259"},{"taxonomy":"product_cat","embeddable":true,"href":"https:\/\/flanca.si\/de\/wp-json\/wp\/v2\/product_cat?post=15259"},{"taxonomy":"product_tag","embeddable":true,"href":"https:\/\/flanca.si\/de\/wp-json\/wp\/v2\/product_tag?post=15259"}],"curies":[{"name":"wp","href":"https:\/\/api.w.org\/{rel}","templated":true}]}}