{"id":15253,"date":"2019-12-19T09:04:02","date_gmt":"2019-12-19T08:04:02","guid":{"rendered":"https:\/\/flanca.si\/izdelek\/walderdbeeren-alexandria\/"},"modified":"2025-01-15T12:45:36","modified_gmt":"2025-01-15T11:45:36","slug":"walderdbeeren-alexandria","status":"publish","type":"product","link":"https:\/\/flanca.si\/de\/produkt\/walderdbeeren-alexandria\/","title":{"rendered":"Walderdbeeren &#8218;Alexandria&#8216;"},"content":{"rendered":"<p>Alexandria ist eine aromatische Walderdbeersorte. Es ist eine Erdbeere, die einen sehr guten Ertrag hat. Die Fr\u00fcchte sind so gro\u00df wie die dicksten Waldbeeren, saftig und au\u00dfergew\u00f6hnlich im Geschmack. Die Sorte tr\u00e4gt das ganze Jahr \u00fcber Fr\u00fcchte, von Mai bis Ende September. Sie wird an sonnigen bis halbschattigen Standorten gepflanzt. Es eignet sich zum Pflanzen von Steing\u00e4rten, Kanten von Gartenbeeten und Blumenbeh\u00e4ltern. Im Freiland pflanzen Sie am besten 8-9 Setzlinge pro Quadratmeter. Es handelt sich um eine Sorte, die keine Ranken oder neuen Triebe bildet. Pflanzen sind mehrj\u00e4hrig. Die am besten geeignete Pflanzzeit ist der Fr\u00fchling.  <\/p>\n","protected":false},"excerpt":{"rendered":"<ul>\n<li>Walderdbeere<\/li>\n<li>Aromatische Fr\u00fcchte von au\u00dfergew\u00f6hnlichem Geschmack<\/li>\n<li>Fr\u00fcchte so gro\u00df wie die dicksten Waldbeeren<\/li>\n<li>Die Pflanze bildet keine Ranken<\/li>\n<\/ul>\n<h4><strong>Verpackt 1 S\u00e4mling auf einmal!<\/strong><\/h4>\n","protected":false},"featured_media":12523,"template":"","meta":{"site-sidebar-layout":"default","site-content-layout":"default","ast-site-content-layout":"default","site-content-style":"default","site-sidebar-style":"default","ast-global-header-display":"","ast-banner-title-visibility":"","ast-main-header-display":"","ast-hfb-above-header-display":"","ast-hfb-below-header-display":"","ast-hfb-mobile-header-display":"","site-post-title":"","ast-breadcrumbs-content":"","ast-featured-img":"","footer-sml-layout":"","ast-disable-related-posts":"","theme-transparent-header-meta":"default","adv-header-id-meta":"","stick-header-meta":"default","header-above-stick-meta":"","header-main-stick-meta":"","header-below-stick-meta":"","astra-migrate-meta-layouts":"default","ast-page-background-enabled":"default","ast-page-background-meta":{"desktop":{"background-color":"","background-image":"","background-repeat":"repeat","background-position":"center center","background-size":"auto","background-attachment":"scroll","background-type":"","background-media":"","overlay-type":"","overlay-color":"","overlay-opacity":"","overlay-gradient":""},"tablet":{"background-color":"","background-image":"","background-repeat":"repeat","background-position":"center center","background-size":"auto","background-attachment":"scroll","background-type":"","background-media":"","overlay-type":"","overlay-color":"","overlay-opacity":"","overlay-gradient":""},"mobile":{"background-color":"","background-image":"","background-repeat":"repeat","background-position":"center center","background-size":"auto","background-attachment":"scroll","background-type":"","background-media":"","overlay-type":"","overlay-color":"","overlay-opacity":"","overlay-gradient":""}},"ast-content-background-meta":{"desktop":{"background-color":"var(--ast-global-color-5)","background-image":"","background-repeat":"repeat","background-position":"center center","background-size":"auto","background-attachment":"scroll","background-type":"","background-media":"","overlay-type":"","overlay-color":"","overlay-opacity":"","overlay-gradient":""},"tablet":{"background-color":"var(--ast-global-color-5)","background-image":"","background-repeat":"repeat","background-position":"center center","background-size":"auto","background-attachment":"scroll","background-type":"","background-media":"","overlay-type":"","overlay-color":"","overlay-opacity":"","overlay-gradient":""},"mobile":{"background-color":"var(--ast-global-color-5)","background-image":"","background-repeat":"repeat","background-position":"center center","background-size":"auto","background-attachment":"scroll","background-type":"","background-media":"","overlay-type":"","overlay-color":"","overlay-opacity":"","overlay-gradient":""}}},"product_brand":[],"product_cat":[913],"product_tag":[914,917,916,893,920],"class_list":{"0":"post-15253","1":"product","2":"type-product","3":"status-publish","4":"has-post-thumbnail","6":"product_cat-erdbeeren","7":"product_tag-erdbeere","8":"product_tag-mehrfach","9":"product_tag-obst","10":"product_tag-sommer","11":"product_tag-wald","12":"desktop-align-left","13":"tablet-align-left","14":"mobile-align-left","15":"ast-product-gallery-layout-horizontal","16":"ast-product-gallery-with-no-image","17":"ast-product-tabs-layout-horizontal","18":"ast-qv-on-image","20":"first","21":"outofstock","22":"taxable","23":"shipping-taxable","24":"purchasable","25":"product-type-simple"},"aioseo_notices":[],"_links":{"self":[{"href":"https:\/\/flanca.si\/de\/wp-json\/wp\/v2\/product\/15253","targetHints":{"allow":["GET"]}}],"collection":[{"href":"https:\/\/flanca.si\/de\/wp-json\/wp\/v2\/product"}],"about":[{"href":"https:\/\/flanca.si\/de\/wp-json\/wp\/v2\/types\/product"}],"wp:featuredmedia":[{"embeddable":true,"href":"https:\/\/flanca.si\/de\/wp-json\/wp\/v2\/media\/12523"}],"wp:attachment":[{"href":"https:\/\/flanca.si\/de\/wp-json\/wp\/v2\/media?parent=15253"}],"wp:term":[{"taxonomy":"product_brand","embeddable":true,"href":"https:\/\/flanca.si\/de\/wp-json\/wp\/v2\/product_brand?post=15253"},{"taxonomy":"product_cat","embeddable":true,"href":"https:\/\/flanca.si\/de\/wp-json\/wp\/v2\/product_cat?post=15253"},{"taxonomy":"product_tag","embeddable":true,"href":"https:\/\/flanca.si\/de\/wp-json\/wp\/v2\/product_tag?post=15253"}],"curies":[{"name":"wp","href":"https:\/\/api.w.org\/{rel}","templated":true}]}}