{"id":15243,"date":"2019-12-19T11:47:19","date_gmt":"2019-12-19T10:47:19","guid":{"rendered":"https:\/\/flanca.si\/izdelek\/johannisbeere-schwarz\/"},"modified":"2026-03-04T19:56:02","modified_gmt":"2026-03-04T18:56:02","slug":"johannisbeere-schwarz","status":"publish","type":"product","link":"https:\/\/flanca.si\/de\/produkt\/johannisbeere-schwarz\/","title":{"rendered":"Johannisbeere schwarz"},"content":{"rendered":"<p>Die schwarze Johannisbeere ist ein sommergr\u00fcner Beerenstrauch. Die Bl\u00fcten sind gelblich-gr\u00fcn und wachsen in h\u00e4ngenden traubenf\u00f6rmigen Bl\u00fctenst\u00e4nden. Aus ihnen entwickeln sich saftige schwarze Fr\u00fcchte, die einen charakteristisch s\u00e4uerlichen Geschmack haben. Schwarze Johannisbeerfr\u00fcchte enthalten neben Vitamin C eine Reihe weiterer Wirkstoffe. F\u00fcr medizinische Zwecke werden auch Bl\u00e4tter der schwarzen Johannisbeere verwendet. Er bildet einen bis zu 2 m hohen Busch. Die Erziehung ist einfach. Die Fr\u00fcchte der ausgew\u00e4hlten Sorte sind gro\u00df, gl\u00e4nzend dunkel gef\u00e4rbt und besonders aromatisch und s\u00fc\u00df. Johannisbeeren k\u00f6nnen als frisches Obst verwendet oder zu Marmelade, S\u00e4ften usw. verarbeitet werden. Die Qualit\u00e4t und Quantit\u00e4t der Ernte wird erh\u00f6ht, wenn mehrere verschiedene Johannisbeersorten in der N\u00e4he angebaut werden.    <\/p>\n","protected":false},"excerpt":{"rendered":"<ul>\n<li><em>Ribes nigrum L.<\/em><\/li>\n<li>Einfache Erziehung<\/li>\n<li>reichhaltige Quelle f\u00fcr Vitamin C<\/li>\n<li>gro\u00dfe, aromatische, s\u00fc\u00dfe Fr\u00fcchte<\/li>\n<li>Die Pflanze w\u00e4chst in Form eines Busches<\/li>\n<\/ul>\n<h4><strong>Verpackt 1 S\u00e4mling auf einmal!<\/strong><\/h4>\n","protected":false},"featured_media":12539,"template":"","meta":{"site-sidebar-layout":"default","site-content-layout":"default","ast-site-content-layout":"default","site-content-style":"default","site-sidebar-style":"default","ast-global-header-display":"","ast-banner-title-visibility":"","ast-main-header-display":"","ast-hfb-above-header-display":"","ast-hfb-below-header-display":"","ast-hfb-mobile-header-display":"","site-post-title":"","ast-breadcrumbs-content":"","ast-featured-img":"","footer-sml-layout":"","ast-disable-related-posts":"","theme-transparent-header-meta":"default","adv-header-id-meta":"","stick-header-meta":"default","header-above-stick-meta":"","header-main-stick-meta":"","header-below-stick-meta":"","astra-migrate-meta-layouts":"set","ast-page-background-enabled":"default","ast-page-background-meta":{"desktop":{"background-color":"","background-image":"","background-repeat":"repeat","background-position":"center center","background-size":"auto","background-attachment":"scroll","background-type":"","background-media":"","overlay-type":"","overlay-color":"","overlay-opacity":"","overlay-gradient":""},"tablet":{"background-color":"","background-image":"","background-repeat":"repeat","background-position":"center center","background-size":"auto","background-attachment":"scroll","background-type":"","background-media":"","overlay-type":"","overlay-color":"","overlay-opacity":"","overlay-gradient":""},"mobile":{"background-color":"","background-image":"","background-repeat":"repeat","background-position":"center center","background-size":"auto","background-attachment":"scroll","background-type":"","background-media":"","overlay-type":"","overlay-color":"","overlay-opacity":"","overlay-gradient":""}},"ast-content-background-meta":{"desktop":{"background-color":"var(--ast-global-color-5)","background-image":"","background-repeat":"repeat","background-position":"center center","background-size":"auto","background-attachment":"scroll","background-type":"","background-media":"","overlay-type":"","overlay-color":"","overlay-opacity":"","overlay-gradient":""},"tablet":{"background-color":"var(--ast-global-color-5)","background-image":"","background-repeat":"repeat","background-position":"center center","background-size":"auto","background-attachment":"scroll","background-type":"","background-media":"","overlay-type":"","overlay-color":"","overlay-opacity":"","overlay-gradient":""},"mobile":{"background-color":"var(--ast-global-color-5)","background-image":"","background-repeat":"repeat","background-position":"center center","background-size":"auto","background-attachment":"scroll","background-type":"","background-media":"","overlay-type":"","overlay-color":"","overlay-opacity":"","overlay-gradient":""}}},"product_brand":[],"product_cat":[15],"product_tag":[1145,1377,988,1009],"class_list":{"0":"post-15243","1":"product","2":"type-product","3":"status-publish","4":"has-post-thumbnail","6":"product_cat-nekategorizirano","7":"product_tag-johannisbeere","8":"product_tag-johannisbeere-schwarz","9":"product_tag-telugu","10":"product_tag-vitamine","11":"desktop-align-left","12":"tablet-align-left","13":"mobile-align-left","14":"ast-product-gallery-layout-horizontal","15":"ast-product-gallery-with-no-image","16":"ast-product-tabs-layout-horizontal","17":"ast-qv-on-image","19":"first","20":"instock","21":"taxable","22":"shipping-taxable","23":"purchasable","24":"product-type-simple"},"aioseo_notices":[],"_links":{"self":[{"href":"https:\/\/flanca.si\/de\/wp-json\/wp\/v2\/product\/15243","targetHints":{"allow":["GET"]}}],"collection":[{"href":"https:\/\/flanca.si\/de\/wp-json\/wp\/v2\/product"}],"about":[{"href":"https:\/\/flanca.si\/de\/wp-json\/wp\/v2\/types\/product"}],"wp:featuredmedia":[{"embeddable":true,"href":"https:\/\/flanca.si\/de\/wp-json\/wp\/v2\/media\/12539"}],"wp:attachment":[{"href":"https:\/\/flanca.si\/de\/wp-json\/wp\/v2\/media?parent=15243"}],"wp:term":[{"taxonomy":"product_brand","embeddable":true,"href":"https:\/\/flanca.si\/de\/wp-json\/wp\/v2\/product_brand?post=15243"},{"taxonomy":"product_cat","embeddable":true,"href":"https:\/\/flanca.si\/de\/wp-json\/wp\/v2\/product_cat?post=15243"},{"taxonomy":"product_tag","embeddable":true,"href":"https:\/\/flanca.si\/de\/wp-json\/wp\/v2\/product_tag?post=15243"}],"curies":[{"name":"wp","href":"https:\/\/api.w.org\/{rel}","templated":true}]}}