{"id":15240,"date":"2019-12-19T12:59:02","date_gmt":"2019-12-19T11:59:02","guid":{"rendered":"https:\/\/flanca.si\/izdelek\/fenchel\/"},"modified":"2019-12-19T12:59:02","modified_gmt":"2019-12-19T11:59:02","slug":"fenchel","status":"publish","type":"product","link":"https:\/\/flanca.si\/de\/produkt\/fenchel\/","title":{"rendered":"Fenchel"},"content":{"rendered":"<p>Fenchel, vielen auch als Fenchel, Fenchel, s\u00fc\u00dfer Fenchel bekannt, ist in unseren G\u00e4rten nur selten zu finden. Sie eignet sich f\u00fcr den Fr\u00fchjahrs- und Sommeranbau und ist vielseitig einsetzbar. Bei diesem Gem\u00fcse wird der untere Teil der Pflanze gefressen, der durch die verdickten unteren Teile der Blattstiele gebildet wird. Es kann auf viele Arten verwendet werden, als Zutat zu Sommersalaten, Beilagen, schnell in \u00d6l gebraten oder als Zugabe zu Sandwiches.<\/p>\n","protected":false},"excerpt":{"rendered":"<ul>\n<li>Fenchel, Fenchel, s\u00fc\u00dfer Fenchel<\/li>\n<li>Vielseitig<\/li>\n<li>Ernte im Fr\u00fchjahr und Sommer<\/li>\n<li>Wir genie\u00dfen die Knolle<\/li>\n<li>Wir verwenden es als Beilage und in einem Salat<\/li>\n<\/ul>\n<h4><strong>Verpackt f\u00fcr 9 S\u00e4mlinge!<\/strong><\/h4>\n","protected":false},"featured_media":12547,"template":"","meta":{"site-sidebar-layout":"default","site-content-layout":"default","ast-site-content-layout":"default","site-content-style":"default","site-sidebar-style":"default","ast-global-header-display":"","ast-banner-title-visibility":"","ast-main-header-display":"","ast-hfb-above-header-display":"","ast-hfb-below-header-display":"","ast-hfb-mobile-header-display":"","site-post-title":"","ast-breadcrumbs-content":"","ast-featured-img":"","footer-sml-layout":"","ast-disable-related-posts":"","theme-transparent-header-meta":"default","adv-header-id-meta":"","stick-header-meta":"default","header-above-stick-meta":"","header-main-stick-meta":"","header-below-stick-meta":"","astra-migrate-meta-layouts":"default","ast-page-background-enabled":"default","ast-page-background-meta":{"desktop":{"background-color":"","background-image":"","background-repeat":"repeat","background-position":"center center","background-size":"auto","background-attachment":"scroll","background-type":"","background-media":"","overlay-type":"","overlay-color":"","overlay-opacity":"","overlay-gradient":""},"tablet":{"background-color":"","background-image":"","background-repeat":"repeat","background-position":"center center","background-size":"auto","background-attachment":"scroll","background-type":"","background-media":"","overlay-type":"","overlay-color":"","overlay-opacity":"","overlay-gradient":""},"mobile":{"background-color":"","background-image":"","background-repeat":"repeat","background-position":"center center","background-size":"auto","background-attachment":"scroll","background-type":"","background-media":"","overlay-type":"","overlay-color":"","overlay-opacity":"","overlay-gradient":""}},"ast-content-background-meta":{"desktop":{"background-color":"var(--ast-global-color-5)","background-image":"","background-repeat":"repeat","background-position":"center center","background-size":"auto","background-attachment":"scroll","background-type":"","background-media":"","overlay-type":"","overlay-color":"","overlay-opacity":"","overlay-gradient":""},"tablet":{"background-color":"var(--ast-global-color-5)","background-image":"","background-repeat":"repeat","background-position":"center center","background-size":"auto","background-attachment":"scroll","background-type":"","background-media":"","overlay-type":"","overlay-color":"","overlay-opacity":"","overlay-gradient":""},"mobile":{"background-color":"var(--ast-global-color-5)","background-image":"","background-repeat":"repeat","background-position":"center center","background-size":"auto","background-attachment":"scroll","background-type":"","background-media":"","overlay-type":"","overlay-color":"","overlay-opacity":"","overlay-gradient":""}}},"product_brand":[],"product_cat":[1146],"product_tag":[1372,1373,1362,1374],"class_list":{"0":"post-15240","1":"product","2":"type-product","3":"status-publish","4":"has-post-thumbnail","6":"product_cat-zwiebeln-und-spinat","7":"product_tag-fenchel","8":"product_tag-fenkel-de","9":"product_tag-gluhbirnen","10":"product_tag-suser-fenchel","11":"desktop-align-left","12":"tablet-align-left","13":"mobile-align-left","14":"ast-product-gallery-layout-horizontal","15":"ast-product-gallery-with-no-image","16":"ast-product-tabs-layout-horizontal","17":"ast-qv-on-image","19":"first","20":"outofstock","21":"taxable","22":"shipping-taxable","23":"purchasable","24":"product-type-simple"},"aioseo_notices":[],"_links":{"self":[{"href":"https:\/\/flanca.si\/de\/wp-json\/wp\/v2\/product\/15240","targetHints":{"allow":["GET"]}}],"collection":[{"href":"https:\/\/flanca.si\/de\/wp-json\/wp\/v2\/product"}],"about":[{"href":"https:\/\/flanca.si\/de\/wp-json\/wp\/v2\/types\/product"}],"wp:featuredmedia":[{"embeddable":true,"href":"https:\/\/flanca.si\/de\/wp-json\/wp\/v2\/media\/12547"}],"wp:attachment":[{"href":"https:\/\/flanca.si\/de\/wp-json\/wp\/v2\/media?parent=15240"}],"wp:term":[{"taxonomy":"product_brand","embeddable":true,"href":"https:\/\/flanca.si\/de\/wp-json\/wp\/v2\/product_brand?post=15240"},{"taxonomy":"product_cat","embeddable":true,"href":"https:\/\/flanca.si\/de\/wp-json\/wp\/v2\/product_cat?post=15240"},{"taxonomy":"product_tag","embeddable":true,"href":"https:\/\/flanca.si\/de\/wp-json\/wp\/v2\/product_tag?post=15240"}],"curies":[{"name":"wp","href":"https:\/\/api.w.org\/{rel}","templated":true}]}}