{"id":15230,"date":"2019-12-20T06:03:20","date_gmt":"2019-12-20T05:03:20","guid":{"rendered":"https:\/\/flanca.si\/izdelek\/zwiebel-100-jahre-alt\/"},"modified":"2019-12-20T06:03:20","modified_gmt":"2019-12-20T05:03:20","slug":"zwiebel-100-jahre-alt","status":"publish","type":"product","link":"https:\/\/flanca.si\/de\/produkt\/zwiebel-100-jahre-alt\/","title":{"rendered":"Zwiebel 100 Jahre alt"},"content":{"rendered":"<p>Eine 100 Jahre alte Zwiebel, die vielen auch als Winterzwiebel, hundertj\u00e4hrige Zwiebel oder Winterzwiebel bekannt ist. Die Pflanze ist unpr\u00e4tenti\u00f6s zu z\u00fcchten. Sie kann im zeitigen Fr\u00fchjahr oder am Ende des Sommers zum \u00dcberwintern gepflanzt werden. Sie bildet einen sch\u00f6nen, aufrechten Lebensraum, in dem sich die Blattstiele nicht verbiegen. Einfache und schnelle Reinigung. Eine ganze Pflanze, eine Zwiebel mit Stiel und Gr\u00fcn ist n\u00fctzlich. Er hat einen angenehm milden Geschmack. Sie kann den ganzen Sommer \u00fcber als Fr\u00fchlingszwiebel verwendet werden.<\/p>\n","protected":false},"excerpt":{"rendered":"<ul>\n<li>Winterzwiebeln, hundertj\u00e4hrige Zwiebeln, Winterzwiebeln<\/li>\n<li>unpr\u00e4tenti\u00f6s zu wachsen<\/li>\n<li>Wir pflanzen im Fr\u00fchling und am Ende des Sommers<\/li>\n<li>Einfache und schnelle Reinigung<\/li>\n<\/ul>\n<h4><\/h4>\n","protected":false},"featured_media":12555,"template":"","meta":{"site-sidebar-layout":"default","site-content-layout":"default","ast-site-content-layout":"default","site-content-style":"default","site-sidebar-style":"default","ast-global-header-display":"","ast-banner-title-visibility":"","ast-main-header-display":"","ast-hfb-above-header-display":"","ast-hfb-below-header-display":"","ast-hfb-mobile-header-display":"","site-post-title":"","ast-breadcrumbs-content":"","ast-featured-img":"","footer-sml-layout":"","ast-disable-related-posts":"","theme-transparent-header-meta":"default","adv-header-id-meta":"","stick-header-meta":"default","header-above-stick-meta":"","header-main-stick-meta":"","header-below-stick-meta":"","astra-migrate-meta-layouts":"default","ast-page-background-enabled":"default","ast-page-background-meta":{"desktop":{"background-color":"","background-image":"","background-repeat":"repeat","background-position":"center center","background-size":"auto","background-attachment":"scroll","background-type":"","background-media":"","overlay-type":"","overlay-color":"","overlay-opacity":"","overlay-gradient":""},"tablet":{"background-color":"","background-image":"","background-repeat":"repeat","background-position":"center center","background-size":"auto","background-attachment":"scroll","background-type":"","background-media":"","overlay-type":"","overlay-color":"","overlay-opacity":"","overlay-gradient":""},"mobile":{"background-color":"","background-image":"","background-repeat":"repeat","background-position":"center center","background-size":"auto","background-attachment":"scroll","background-type":"","background-media":"","overlay-type":"","overlay-color":"","overlay-opacity":"","overlay-gradient":""}},"ast-content-background-meta":{"desktop":{"background-color":"var(--ast-global-color-5)","background-image":"","background-repeat":"repeat","background-position":"center center","background-size":"auto","background-attachment":"scroll","background-type":"","background-media":"","overlay-type":"","overlay-color":"","overlay-opacity":"","overlay-gradient":""},"tablet":{"background-color":"var(--ast-global-color-5)","background-image":"","background-repeat":"repeat","background-position":"center center","background-size":"auto","background-attachment":"scroll","background-type":"","background-media":"","overlay-type":"","overlay-color":"","overlay-opacity":"","overlay-gradient":""},"mobile":{"background-color":"var(--ast-global-color-5)","background-image":"","background-repeat":"repeat","background-position":"center center","background-size":"auto","background-attachment":"scroll","background-type":"","background-media":"","overlay-type":"","overlay-color":"","overlay-opacity":"","overlay-gradient":""}}},"product_brand":[],"product_cat":[1146],"product_tag":[1329,1362,1134,893,1363],"class_list":{"0":"post-15230","1":"product","2":"type-product","3":"status-publish","4":"has-post-thumbnail","6":"product_cat-zwiebeln-und-spinat","7":"product_tag-allium-de","8":"product_tag-gluhbirnen","9":"product_tag-kuche-de","10":"product_tag-sommer","11":"product_tag-zwiebel","12":"desktop-align-left","13":"tablet-align-left","14":"mobile-align-left","15":"ast-product-gallery-layout-horizontal","16":"ast-product-tabs-layout-horizontal","17":"ast-qv-on-image","19":"first","20":"outofstock","21":"taxable","22":"shipping-taxable","23":"purchasable","24":"product-type-simple"},"aioseo_notices":[],"_links":{"self":[{"href":"https:\/\/flanca.si\/de\/wp-json\/wp\/v2\/product\/15230","targetHints":{"allow":["GET"]}}],"collection":[{"href":"https:\/\/flanca.si\/de\/wp-json\/wp\/v2\/product"}],"about":[{"href":"https:\/\/flanca.si\/de\/wp-json\/wp\/v2\/types\/product"}],"wp:featuredmedia":[{"embeddable":true,"href":"https:\/\/flanca.si\/de\/wp-json\/wp\/v2\/media\/12555"}],"wp:attachment":[{"href":"https:\/\/flanca.si\/de\/wp-json\/wp\/v2\/media?parent=15230"}],"wp:term":[{"taxonomy":"product_brand","embeddable":true,"href":"https:\/\/flanca.si\/de\/wp-json\/wp\/v2\/product_brand?post=15230"},{"taxonomy":"product_cat","embeddable":true,"href":"https:\/\/flanca.si\/de\/wp-json\/wp\/v2\/product_cat?post=15230"},{"taxonomy":"product_tag","embeddable":true,"href":"https:\/\/flanca.si\/de\/wp-json\/wp\/v2\/product_tag?post=15230"}],"curies":[{"name":"wp","href":"https:\/\/api.w.org\/{rel}","templated":true}]}}