{"id":15219,"date":"2019-12-23T09:44:44","date_gmt":"2019-12-23T08:44:44","guid":{"rendered":"https:\/\/flanca.si\/izdelek\/petersilienblatt-xp\/"},"modified":"2019-12-23T09:44:44","modified_gmt":"2019-12-23T08:44:44","slug":"petersilienblatt-xp","status":"publish","type":"product","link":"https:\/\/flanca.si\/de\/produkt\/petersilienblatt-xp\/","title":{"rendered":"Petersilienblatt XP"},"content":{"rendered":"<p>Die Blattpetersilie bildet eine ausgepr\u00e4gte Blattrosette mit zahlreichen Bl\u00e4ttern, die sich gut regenerieren. Die Bl\u00e4tter sind dunkelgr\u00fcn und haben ein starkes, aber angenehmes Aroma. Blattpetersilie hat auch viele medizinische Wirkungen. Im Herbst kann Petersilie aus dem Garten in einen Topf umgepflanzt werden, so dass frische auch im Winter verwendet werden kann. Ansonsten kannst du es vorher schneiden und in einer Truhe aufbewahren, aber gefroren wird es nie das gleiche Aroma haben wie frisch. Petersilie wird im Freien gepflanzt, wenn sich der Boden in den Monaten M\u00e4rz und April leicht erw\u00e4rmt. Sie kann bereits im Februar im Gew\u00e4chshaus gepflanzt werden. <\/p>\n","protected":false},"excerpt":{"rendered":"<ul>\n<li>bildet eine Blattrosette<\/li>\n<li>stellt beim Schneiden gut wieder her<\/li>\n<li>Lange in der Saison verwenden wir es frisch<\/li>\n<li>starkes und angenehmes Aroma<\/li>\n<li>als Gew\u00fcrz zu verschiedenen Gerichten hinzugef\u00fcgt<\/li>\n<\/ul>\n<h4><strong>Verpackt f\u00fcr 9 S\u00e4mlinge!<\/strong><\/h4>\n","protected":false},"featured_media":12582,"template":"","meta":{"site-sidebar-layout":"default","site-content-layout":"default","ast-site-content-layout":"default","site-content-style":"default","site-sidebar-style":"default","ast-global-header-display":"","ast-banner-title-visibility":"","ast-main-header-display":"","ast-hfb-above-header-display":"","ast-hfb-below-header-display":"","ast-hfb-mobile-header-display":"","site-post-title":"","ast-breadcrumbs-content":"","ast-featured-img":"","footer-sml-layout":"","ast-disable-related-posts":"","theme-transparent-header-meta":"default","adv-header-id-meta":"","stick-header-meta":"default","header-above-stick-meta":"","header-main-stick-meta":"","header-below-stick-meta":"","astra-migrate-meta-layouts":"default","ast-page-background-enabled":"default","ast-page-background-meta":{"desktop":{"background-color":"","background-image":"","background-repeat":"repeat","background-position":"center center","background-size":"auto","background-attachment":"scroll","background-type":"","background-media":"","overlay-type":"","overlay-color":"","overlay-opacity":"","overlay-gradient":""},"tablet":{"background-color":"","background-image":"","background-repeat":"repeat","background-position":"center center","background-size":"auto","background-attachment":"scroll","background-type":"","background-media":"","overlay-type":"","overlay-color":"","overlay-opacity":"","overlay-gradient":""},"mobile":{"background-color":"","background-image":"","background-repeat":"repeat","background-position":"center center","background-size":"auto","background-attachment":"scroll","background-type":"","background-media":"","overlay-type":"","overlay-color":"","overlay-opacity":"","overlay-gradient":""}},"ast-content-background-meta":{"desktop":{"background-color":"var(--ast-global-color-5)","background-image":"","background-repeat":"repeat","background-position":"center center","background-size":"auto","background-attachment":"scroll","background-type":"","background-media":"","overlay-type":"","overlay-color":"","overlay-opacity":"","overlay-gradient":""},"tablet":{"background-color":"var(--ast-global-color-5)","background-image":"","background-repeat":"repeat","background-position":"center center","background-size":"auto","background-attachment":"scroll","background-type":"","background-media":"","overlay-type":"","overlay-color":"","overlay-opacity":"","overlay-gradient":""},"mobile":{"background-color":"var(--ast-global-color-5)","background-image":"","background-repeat":"repeat","background-position":"center center","background-size":"auto","background-attachment":"scroll","background-type":"","background-media":"","overlay-type":"","overlay-color":"","overlay-opacity":"","overlay-gradient":""}}},"product_brand":[],"product_cat":[1002],"product_tag":[933,1134,1330,1346,1289],"class_list":{"0":"post-15219","1":"product","2":"type-product","3":"status-publish","4":"has-post-thumbnail","6":"product_cat-andere-krauter","7":"product_tag-grunes-gemuse","8":"product_tag-kuche-de","9":"product_tag-laub","10":"product_tag-petersilie","11":"product_tag-suppe","12":"desktop-align-left","13":"tablet-align-left","14":"mobile-align-left","15":"ast-product-gallery-layout-horizontal","16":"ast-product-tabs-layout-horizontal","17":"ast-qv-on-image","19":"first","20":"instock","21":"taxable","22":"shipping-taxable","23":"purchasable","24":"product-type-simple"},"aioseo_notices":[],"_links":{"self":[{"href":"https:\/\/flanca.si\/de\/wp-json\/wp\/v2\/product\/15219","targetHints":{"allow":["GET"]}}],"collection":[{"href":"https:\/\/flanca.si\/de\/wp-json\/wp\/v2\/product"}],"about":[{"href":"https:\/\/flanca.si\/de\/wp-json\/wp\/v2\/types\/product"}],"wp:featuredmedia":[{"embeddable":true,"href":"https:\/\/flanca.si\/de\/wp-json\/wp\/v2\/media\/12582"}],"wp:attachment":[{"href":"https:\/\/flanca.si\/de\/wp-json\/wp\/v2\/media?parent=15219"}],"wp:term":[{"taxonomy":"product_brand","embeddable":true,"href":"https:\/\/flanca.si\/de\/wp-json\/wp\/v2\/product_brand?post=15219"},{"taxonomy":"product_cat","embeddable":true,"href":"https:\/\/flanca.si\/de\/wp-json\/wp\/v2\/product_cat?post=15219"},{"taxonomy":"product_tag","embeddable":true,"href":"https:\/\/flanca.si\/de\/wp-json\/wp\/v2\/product_tag?post=15219"}],"curies":[{"name":"wp","href":"https:\/\/api.w.org\/{rel}","templated":true}]}}