{"id":15213,"date":"2019-12-23T10:22:09","date_gmt":"2019-12-23T09:22:09","guid":{"rendered":"https:\/\/flanca.si\/izdelek\/gruener-spargel-entstielt\/"},"modified":"2019-12-23T10:22:09","modified_gmt":"2019-12-23T09:22:09","slug":"gruener-spargel-entstielt","status":"publish","type":"product","link":"https:\/\/flanca.si\/de\/produkt\/gruener-spargel-entstielt\/","title":{"rendered":"Gr\u00fcner Spargel (entstielt)"},"content":{"rendered":"<p>Eine Sorte von St\u00e4ngelsellerie, die lange und sehr glatte Stiele mit frischen gr\u00fcnen Bl\u00e4ttern hat. Es bildet keine Seitentriebe. Wir genie\u00dfen die fleischigen Sukkulentenst\u00e4ngel und ihre Bl\u00e4tter. Sie wird von April bis Ende Mai im Freien gepflanzt. Achten Sie beim Pflanzen darauf, ihn nicht zu tief zu pflanzen. Die Stiele werden von Juni bis Ende September geerntet. Zupfen Sie immer nur die \u00e4u\u00dferen St\u00e4ngel und stimulieren Sie so das Wachstum von der Mitte nach au\u00dfen. Spargelgr\u00fcn ist eine unverzichtbare Zutat in Smoothies. \u00dcbersch\u00fcssige St\u00e4ngel und auch Bl\u00e4tter lagern Sie am besten, indem Sie sie hacken und einfrieren.  <\/p>\n","protected":false},"excerpt":{"rendered":"<ul>\n<li>glatte lange Stiele<\/li>\n<li>frische gr\u00fcne Bl\u00e4tter<\/li>\n<li>bildet keine Seitentriebe aus<\/li>\n<li>Wir genie\u00dfen die St\u00e4ngel und Bl\u00e4tter<\/li>\n<li>die \u00e4u\u00dferen Stiele abzupfen<\/li>\n<\/ul>\n<h4><strong>Verpackt f\u00fcr 9 S\u00e4mlinge!<\/strong><\/h4>\n","protected":false},"featured_media":12585,"template":"","meta":{"site-sidebar-layout":"default","site-content-layout":"default","ast-site-content-layout":"default","site-content-style":"default","site-sidebar-style":"default","ast-global-header-display":"","ast-banner-title-visibility":"","ast-main-header-display":"","ast-hfb-above-header-display":"","ast-hfb-below-header-display":"","ast-hfb-mobile-header-display":"","site-post-title":"","ast-breadcrumbs-content":"","ast-featured-img":"","footer-sml-layout":"","ast-disable-related-posts":"","theme-transparent-header-meta":"default","adv-header-id-meta":"","stick-header-meta":"default","header-above-stick-meta":"","header-main-stick-meta":"","header-below-stick-meta":"","astra-migrate-meta-layouts":"default","ast-page-background-enabled":"default","ast-page-background-meta":{"desktop":{"background-color":"","background-image":"","background-repeat":"repeat","background-position":"center center","background-size":"auto","background-attachment":"scroll","background-type":"","background-media":"","overlay-type":"","overlay-color":"","overlay-opacity":"","overlay-gradient":""},"tablet":{"background-color":"","background-image":"","background-repeat":"repeat","background-position":"center center","background-size":"auto","background-attachment":"scroll","background-type":"","background-media":"","overlay-type":"","overlay-color":"","overlay-opacity":"","overlay-gradient":""},"mobile":{"background-color":"","background-image":"","background-repeat":"repeat","background-position":"center center","background-size":"auto","background-attachment":"scroll","background-type":"","background-media":"","overlay-type":"","overlay-color":"","overlay-opacity":"","overlay-gradient":""}},"ast-content-background-meta":{"desktop":{"background-color":"var(--ast-global-color-5)","background-image":"","background-repeat":"repeat","background-position":"center center","background-size":"auto","background-attachment":"scroll","background-type":"","background-media":"","overlay-type":"","overlay-color":"","overlay-opacity":"","overlay-gradient":""},"tablet":{"background-color":"var(--ast-global-color-5)","background-image":"","background-repeat":"repeat","background-position":"center center","background-size":"auto","background-attachment":"scroll","background-type":"","background-media":"","overlay-type":"","overlay-color":"","overlay-opacity":"","overlay-gradient":""},"mobile":{"background-color":"var(--ast-global-color-5)","background-image":"","background-repeat":"repeat","background-position":"center center","background-size":"auto","background-attachment":"scroll","background-type":"","background-media":"","overlay-type":"","overlay-color":"","overlay-opacity":"","overlay-gradient":""}}},"product_brand":[],"product_cat":[1002],"product_tag":[1064,1184,1289],"class_list":{"0":"post-15213","1":"product","2":"type-product","3":"status-publish","4":"has-post-thumbnail","6":"product_cat-andere-krauter","7":"product_tag-gewurze","8":"product_tag-sellerie","9":"product_tag-suppe","10":"desktop-align-left","11":"tablet-align-left","12":"mobile-align-left","13":"ast-product-gallery-layout-horizontal","14":"ast-product-tabs-layout-horizontal","15":"ast-qv-on-image","17":"first","18":"outofstock","19":"taxable","20":"shipping-taxable","21":"purchasable","22":"product-type-simple"},"aioseo_notices":[],"_links":{"self":[{"href":"https:\/\/flanca.si\/de\/wp-json\/wp\/v2\/product\/15213","targetHints":{"allow":["GET"]}}],"collection":[{"href":"https:\/\/flanca.si\/de\/wp-json\/wp\/v2\/product"}],"about":[{"href":"https:\/\/flanca.si\/de\/wp-json\/wp\/v2\/types\/product"}],"wp:featuredmedia":[{"embeddable":true,"href":"https:\/\/flanca.si\/de\/wp-json\/wp\/v2\/media\/12585"}],"wp:attachment":[{"href":"https:\/\/flanca.si\/de\/wp-json\/wp\/v2\/media?parent=15213"}],"wp:term":[{"taxonomy":"product_brand","embeddable":true,"href":"https:\/\/flanca.si\/de\/wp-json\/wp\/v2\/product_brand?post=15213"},{"taxonomy":"product_cat","embeddable":true,"href":"https:\/\/flanca.si\/de\/wp-json\/wp\/v2\/product_cat?post=15213"},{"taxonomy":"product_tag","embeddable":true,"href":"https:\/\/flanca.si\/de\/wp-json\/wp\/v2\/product_tag?post=15213"}],"curies":[{"name":"wp","href":"https:\/\/api.w.org\/{rel}","templated":true}]}}