{"id":15211,"date":"2019-12-23T10:30:35","date_gmt":"2019-12-23T09:30:35","guid":{"rendered":"https:\/\/flanca.si\/izdelek\/gruenes-blatt\/"},"modified":"2019-12-23T10:30:35","modified_gmt":"2019-12-23T09:30:35","slug":"gruenes-blatt","status":"publish","type":"product","link":"https:\/\/flanca.si\/de\/produkt\/gruenes-blatt\/","title":{"rendered":"Gr\u00fcnes Blatt"},"content":{"rendered":"<p>Die Sorte Sapphire ist blattgr\u00fcn und bildet kr\u00e4ftige Pflanzen mit gro\u00dfen Bl\u00e4ttern und attraktiver dunkelgr\u00fcner Farbe. Sorte f\u00fcr den Frischverzehr und die Verarbeitung. Nach dem Abschneiden der Bl\u00e4tter regeneriert sich die Pflanze schnell. Blattsellerie hat stark zerkleinerte, gl\u00e4nzende und aromatische Bl\u00e4ttchen. Sie werden wie Petersilie verwendet, nur schmecken sie wie Gem\u00fcse: f\u00fcr Salate, Suppen, Eint\u00f6pfe, So\u00dfen. Die Bl\u00e4tter werden frisch oder getrocknet verwendet, wodurch das Aroma perfekt erhalten bleibt. Blattsellerie ist bei uns weniger bekannt, aber er ist ein unpr\u00e4tenti\u00f6ses Gew\u00fcrz und leicht anzubauen. \u00dcberwucherte Bl\u00e4tter werden den ganzen Sommer \u00fcber geschnitten. Sie wird von April bis Ende Mai im Freien gepflanzt.  <\/p>\n","protected":false},"excerpt":{"rendered":"<ul>\n<li>Wir verwenden das Gleiche wie Petersilie<\/li>\n<li>f\u00fcr den frischen Gebrauch und die Verarbeitung<\/li>\n<li>Schnelle Regeneration<\/li>\n<li>Vielseitig<\/li>\n<li>Wir schneiden den ganzen Sommer \u00fcber die Bl\u00e4tter<\/li>\n<\/ul>\n<h4><strong>Verpackt 1 S\u00e4mling auf einmal!<\/strong><\/h4>\n","protected":false},"featured_media":12587,"template":"","meta":{"site-sidebar-layout":"default","site-content-layout":"default","ast-site-content-layout":"default","site-content-style":"default","site-sidebar-style":"default","ast-global-header-display":"","ast-banner-title-visibility":"","ast-main-header-display":"","ast-hfb-above-header-display":"","ast-hfb-below-header-display":"","ast-hfb-mobile-header-display":"","site-post-title":"","ast-breadcrumbs-content":"","ast-featured-img":"","footer-sml-layout":"","ast-disable-related-posts":"","theme-transparent-header-meta":"default","adv-header-id-meta":"","stick-header-meta":"default","header-above-stick-meta":"","header-main-stick-meta":"","header-below-stick-meta":"","astra-migrate-meta-layouts":"default","ast-page-background-enabled":"default","ast-page-background-meta":{"desktop":{"background-color":"","background-image":"","background-repeat":"repeat","background-position":"center center","background-size":"auto","background-attachment":"scroll","background-type":"","background-media":"","overlay-type":"","overlay-color":"","overlay-opacity":"","overlay-gradient":""},"tablet":{"background-color":"","background-image":"","background-repeat":"repeat","background-position":"center center","background-size":"auto","background-attachment":"scroll","background-type":"","background-media":"","overlay-type":"","overlay-color":"","overlay-opacity":"","overlay-gradient":""},"mobile":{"background-color":"","background-image":"","background-repeat":"repeat","background-position":"center center","background-size":"auto","background-attachment":"scroll","background-type":"","background-media":"","overlay-type":"","overlay-color":"","overlay-opacity":"","overlay-gradient":""}},"ast-content-background-meta":{"desktop":{"background-color":"var(--ast-global-color-5)","background-image":"","background-repeat":"repeat","background-position":"center center","background-size":"auto","background-attachment":"scroll","background-type":"","background-media":"","overlay-type":"","overlay-color":"","overlay-opacity":"","overlay-gradient":""},"tablet":{"background-color":"var(--ast-global-color-5)","background-image":"","background-repeat":"repeat","background-position":"center center","background-size":"auto","background-attachment":"scroll","background-type":"","background-media":"","overlay-type":"","overlay-color":"","overlay-opacity":"","overlay-gradient":""},"mobile":{"background-color":"var(--ast-global-color-5)","background-image":"","background-repeat":"repeat","background-position":"center center","background-size":"auto","background-attachment":"scroll","background-type":"","background-media":"","overlay-type":"","overlay-color":"","overlay-opacity":"","overlay-gradient":""}}},"product_brand":[],"product_cat":[1002],"product_tag":[1064,1184,1289],"class_list":{"0":"post-15211","1":"product","2":"type-product","3":"status-publish","4":"has-post-thumbnail","6":"product_cat-andere-krauter","7":"product_tag-gewurze","8":"product_tag-sellerie","9":"product_tag-suppe","10":"desktop-align-left","11":"tablet-align-left","12":"mobile-align-left","13":"ast-product-gallery-layout-horizontal","14":"ast-product-gallery-with-no-image","15":"ast-product-tabs-layout-horizontal","16":"ast-qv-on-image","18":"first","19":"instock","20":"taxable","21":"shipping-taxable","22":"purchasable","23":"product-type-simple"},"aioseo_notices":[],"_links":{"self":[{"href":"https:\/\/flanca.si\/de\/wp-json\/wp\/v2\/product\/15211","targetHints":{"allow":["GET"]}}],"collection":[{"href":"https:\/\/flanca.si\/de\/wp-json\/wp\/v2\/product"}],"about":[{"href":"https:\/\/flanca.si\/de\/wp-json\/wp\/v2\/types\/product"}],"wp:featuredmedia":[{"embeddable":true,"href":"https:\/\/flanca.si\/de\/wp-json\/wp\/v2\/media\/12587"}],"wp:attachment":[{"href":"https:\/\/flanca.si\/de\/wp-json\/wp\/v2\/media?parent=15211"}],"wp:term":[{"taxonomy":"product_brand","embeddable":true,"href":"https:\/\/flanca.si\/de\/wp-json\/wp\/v2\/product_brand?post=15211"},{"taxonomy":"product_cat","embeddable":true,"href":"https:\/\/flanca.si\/de\/wp-json\/wp\/v2\/product_cat?post=15211"},{"taxonomy":"product_tag","embeddable":true,"href":"https:\/\/flanca.si\/de\/wp-json\/wp\/v2\/product_tag?post=15211"}],"curies":[{"name":"wp","href":"https:\/\/api.w.org\/{rel}","templated":true}]}}