{"id":15205,"date":"2019-12-24T06:43:12","date_gmt":"2019-12-24T05:43:12","guid":{"rendered":"https:\/\/flanca.si\/izdelek\/schwarzkuemmel\/"},"modified":"2019-12-24T06:43:12","modified_gmt":"2019-12-24T05:43:12","slug":"schwarzkuemmel","status":"publish","type":"product","link":"https:\/\/flanca.si\/de\/produkt\/schwarzkuemmel\/","title":{"rendered":"Schwarzk\u00fcmmel"},"content":{"rendered":"<p>Eine zweij\u00e4hrige Heilpflanze mit vielen positiven Wirkungen auf den K\u00f6rper. Sie wird bis zu 50 cm hoch und hat sch\u00f6ne blaue Bl\u00fcten, die sie im zweiten Wachstumsjahr bildet. Im ersten Jahr bildet sie jedoch fein gefiederte Bl\u00e4tter. Es wird in der K\u00fcche, Kosmetik und Volksmedizin verwendet. Die Pflanze tr\u00e4gt eine mehrkammerige Frucht, in der sich zahlreiche winzige Samen von schwarzer Farbe entwickeln. Es sind die Samen, die am h\u00e4ufigsten in der Ern\u00e4hrung und Medizin verwendet werden. Durch den Gehalt an \u00e4therischen \u00d6len haben die Samen ein extrem starkes Aroma, welches auch in Schwarzk\u00fcmmel\u00f6l erhalten bleibt. Das Aroma erinnert ein wenig an Anis und Pfeffer. Die Samen wirken antiasthmatisch und eignen sich zur Behandlung von Asthma. Dar\u00fcber hinaus beschleunigen sie die Wundheilung und lindern Entz\u00fcndungen. Seit mehreren Jahrtausenden gilt sie als Heilpflanze, die hilft, viele Probleme zu \u00fcberwinden.   <\/p>\n","protected":false},"excerpt":{"rendered":"<ul>\n<li><em>Nigella sativa<\/em><\/li>\n<li>Heilpflanze<\/li>\n<li>hilft, viele Schwierigkeiten zu \u00fcberwinden<\/li>\n<li>zahlreiche blaue Bl\u00fcten<\/li>\n<li>Der n\u00fctzlichste Teil sind die Samen<\/li>\n<li>starkes Aroma von Samen<\/li>\n<\/ul>\n<h4><strong>Verpackt 1 S\u00e4mling auf einmal!<\/strong><\/h4>\n","protected":false},"featured_media":12610,"template":"","meta":{"site-sidebar-layout":"default","site-content-layout":"default","ast-site-content-layout":"default","site-content-style":"default","site-sidebar-style":"default","ast-global-header-display":"","ast-banner-title-visibility":"","ast-main-header-display":"","ast-hfb-above-header-display":"","ast-hfb-below-header-display":"","ast-hfb-mobile-header-display":"","site-post-title":"","ast-breadcrumbs-content":"","ast-featured-img":"","footer-sml-layout":"","ast-disable-related-posts":"","theme-transparent-header-meta":"default","adv-header-id-meta":"","stick-header-meta":"default","header-above-stick-meta":"","header-main-stick-meta":"","header-below-stick-meta":"","astra-migrate-meta-layouts":"default","ast-page-background-enabled":"default","ast-page-background-meta":{"desktop":{"background-color":"","background-image":"","background-repeat":"repeat","background-position":"center center","background-size":"auto","background-attachment":"scroll","background-type":"","background-media":"","overlay-type":"","overlay-color":"","overlay-opacity":"","overlay-gradient":""},"tablet":{"background-color":"","background-image":"","background-repeat":"repeat","background-position":"center center","background-size":"auto","background-attachment":"scroll","background-type":"","background-media":"","overlay-type":"","overlay-color":"","overlay-opacity":"","overlay-gradient":""},"mobile":{"background-color":"","background-image":"","background-repeat":"repeat","background-position":"center center","background-size":"auto","background-attachment":"scroll","background-type":"","background-media":"","overlay-type":"","overlay-color":"","overlay-opacity":"","overlay-gradient":""}},"ast-content-background-meta":{"desktop":{"background-color":"var(--ast-global-color-5)","background-image":"","background-repeat":"repeat","background-position":"center center","background-size":"auto","background-attachment":"scroll","background-type":"","background-media":"","overlay-type":"","overlay-color":"","overlay-opacity":"","overlay-gradient":""},"tablet":{"background-color":"var(--ast-global-color-5)","background-image":"","background-repeat":"repeat","background-position":"center center","background-size":"auto","background-attachment":"scroll","background-type":"","background-media":"","overlay-type":"","overlay-color":"","overlay-opacity":"","overlay-gradient":""},"mobile":{"background-color":"var(--ast-global-color-5)","background-image":"","background-repeat":"repeat","background-position":"center center","background-size":"auto","background-attachment":"scroll","background-type":"","background-media":"","overlay-type":"","overlay-color":"","overlay-opacity":"","overlay-gradient":""}}},"product_brand":[],"product_cat":[1002],"product_tag":[1064,1006,1333,1134,1332],"class_list":{"0":"post-15205","1":"product","2":"type-product","3":"status-publish","4":"has-post-thumbnail","6":"product_cat-andere-krauter","7":"product_tag-gewurze","8":"product_tag-heilpflanze","9":"product_tag-kreuzkummel","10":"product_tag-kuche-de","11":"product_tag-nigella-sativa-de","12":"desktop-align-left","13":"tablet-align-left","14":"mobile-align-left","15":"ast-product-gallery-layout-horizontal","16":"ast-product-gallery-with-no-image","17":"ast-product-tabs-layout-horizontal","18":"ast-qv-on-image","20":"first","21":"outofstock","22":"taxable","23":"shipping-taxable","24":"purchasable","25":"product-type-simple"},"aioseo_notices":[],"_links":{"self":[{"href":"https:\/\/flanca.si\/de\/wp-json\/wp\/v2\/product\/15205","targetHints":{"allow":["GET"]}}],"collection":[{"href":"https:\/\/flanca.si\/de\/wp-json\/wp\/v2\/product"}],"about":[{"href":"https:\/\/flanca.si\/de\/wp-json\/wp\/v2\/types\/product"}],"wp:featuredmedia":[{"embeddable":true,"href":"https:\/\/flanca.si\/de\/wp-json\/wp\/v2\/media\/12610"}],"wp:attachment":[{"href":"https:\/\/flanca.si\/de\/wp-json\/wp\/v2\/media?parent=15205"}],"wp:term":[{"taxonomy":"product_brand","embeddable":true,"href":"https:\/\/flanca.si\/de\/wp-json\/wp\/v2\/product_brand?post=15205"},{"taxonomy":"product_cat","embeddable":true,"href":"https:\/\/flanca.si\/de\/wp-json\/wp\/v2\/product_cat?post=15205"},{"taxonomy":"product_tag","embeddable":true,"href":"https:\/\/flanca.si\/de\/wp-json\/wp\/v2\/product_tag?post=15205"}],"curies":[{"name":"wp","href":"https:\/\/api.w.org\/{rel}","templated":true}]}}