{"id":15198,"date":"2019-12-24T06:21:59","date_gmt":"2019-12-24T05:21:59","guid":{"rendered":"https:\/\/flanca.si\/izdelek\/zitronengras\/"},"modified":"2019-12-24T06:21:59","modified_gmt":"2019-12-24T05:21:59","slug":"zitronengras","status":"publish","type":"product","link":"https:\/\/flanca.si\/de\/produkt\/zitronengras\/","title":{"rendered":"Zitronengras"},"content":{"rendered":"<p>Eine aromatische Pflanze, die ein typisches grasiges \u00c4u\u00dferes mit einem starken Zitronengeruch hat, da sie ein \u00e4therisches \u00d6l enth\u00e4lt, das auch in der Schale der Zitrone enthalten ist. Die Pflanze braucht viel Sonne, W\u00e4rme und Feuchtigkeit. Es wird vor allem in der asiatischen und thail\u00e4ndischen K\u00fcche verwendet. Als Heilpflanze lindert sie Magenbeschwerden, Schlaflosigkeit, Atemwegserkrankungen, Fieber, Schmerzen, Infektionen, Rheuma und st\u00e4rkt das Immunsystem. In unseren Lokalit\u00e4ten \u00fcberwintert sie nicht im Freien, daher wird die Pflanze vor der extremen K\u00e4lte ausgegraben, auf eine H\u00f6he von etwa 15 cm beschnitten und in ein gr\u00f6\u00dferes Gef\u00e4\u00df gepflanzt. Es erfordert eine gute und regelm\u00e4\u00dfige Bew\u00e4sserung. <\/p>\n","protected":false},"excerpt":{"rendered":"<ul>\n<li><em>Cymbopogon citratus<\/em><\/li>\n<li>Duftpflanze<\/li>\n<li>starker Zitronenduft<\/li>\n<li>zahlreiche positive Effekte auf den K\u00f6rper<\/li>\n<li>\u00dcberwintern Sie bei uns nicht im Freien<\/li>\n<li>Verwendung in der asiatischen und thail\u00e4ndischen K\u00fcche<\/li>\n<\/ul>\n<h4><strong>Verpackt 1 S\u00e4mling auf einmal!<\/strong><\/h4>\n","protected":false},"featured_media":12606,"template":"","meta":{"site-sidebar-layout":"default","site-content-layout":"default","ast-site-content-layout":"default","site-content-style":"default","site-sidebar-style":"default","ast-global-header-display":"","ast-banner-title-visibility":"","ast-main-header-display":"","ast-hfb-above-header-display":"","ast-hfb-below-header-display":"","ast-hfb-mobile-header-display":"","site-post-title":"","ast-breadcrumbs-content":"","ast-featured-img":"","footer-sml-layout":"","ast-disable-related-posts":"","theme-transparent-header-meta":"default","adv-header-id-meta":"","stick-header-meta":"default","header-above-stick-meta":"","header-main-stick-meta":"","header-below-stick-meta":"","astra-migrate-meta-layouts":"default","ast-page-background-enabled":"default","ast-page-background-meta":{"desktop":{"background-color":"","background-image":"","background-repeat":"repeat","background-position":"center center","background-size":"auto","background-attachment":"scroll","background-type":"","background-media":"","overlay-type":"","overlay-color":"","overlay-opacity":"","overlay-gradient":""},"tablet":{"background-color":"","background-image":"","background-repeat":"repeat","background-position":"center center","background-size":"auto","background-attachment":"scroll","background-type":"","background-media":"","overlay-type":"","overlay-color":"","overlay-opacity":"","overlay-gradient":""},"mobile":{"background-color":"","background-image":"","background-repeat":"repeat","background-position":"center center","background-size":"auto","background-attachment":"scroll","background-type":"","background-media":"","overlay-type":"","overlay-color":"","overlay-opacity":"","overlay-gradient":""}},"ast-content-background-meta":{"desktop":{"background-color":"var(--ast-global-color-5)","background-image":"","background-repeat":"repeat","background-position":"center center","background-size":"auto","background-attachment":"scroll","background-type":"","background-media":"","overlay-type":"","overlay-color":"","overlay-opacity":"","overlay-gradient":""},"tablet":{"background-color":"var(--ast-global-color-5)","background-image":"","background-repeat":"repeat","background-position":"center center","background-size":"auto","background-attachment":"scroll","background-type":"","background-media":"","overlay-type":"","overlay-color":"","overlay-opacity":"","overlay-gradient":""},"mobile":{"background-color":"var(--ast-global-color-5)","background-image":"","background-repeat":"repeat","background-position":"center center","background-size":"auto","background-attachment":"scroll","background-type":"","background-media":"","overlay-type":"","overlay-color":"","overlay-opacity":"","overlay-gradient":""}}},"product_brand":[],"product_cat":[1002],"product_tag":[1089,1006,1004,1325],"class_list":{"0":"post-15198","1":"product","2":"type-product","3":"status-publish","4":"has-post-thumbnail","6":"product_cat-andere-krauter","7":"product_tag-gras","8":"product_tag-heilpflanze","9":"product_tag-krauter","10":"product_tag-zitrone-de","11":"desktop-align-left","12":"tablet-align-left","13":"mobile-align-left","14":"ast-product-gallery-layout-horizontal","15":"ast-product-tabs-layout-horizontal","16":"ast-qv-on-image","18":"first","19":"instock","20":"taxable","21":"shipping-taxable","22":"purchasable","23":"product-type-simple"},"aioseo_notices":[],"_links":{"self":[{"href":"https:\/\/flanca.si\/de\/wp-json\/wp\/v2\/product\/15198","targetHints":{"allow":["GET"]}}],"collection":[{"href":"https:\/\/flanca.si\/de\/wp-json\/wp\/v2\/product"}],"about":[{"href":"https:\/\/flanca.si\/de\/wp-json\/wp\/v2\/types\/product"}],"wp:featuredmedia":[{"embeddable":true,"href":"https:\/\/flanca.si\/de\/wp-json\/wp\/v2\/media\/12606"}],"wp:attachment":[{"href":"https:\/\/flanca.si\/de\/wp-json\/wp\/v2\/media?parent=15198"}],"wp:term":[{"taxonomy":"product_brand","embeddable":true,"href":"https:\/\/flanca.si\/de\/wp-json\/wp\/v2\/product_brand?post=15198"},{"taxonomy":"product_cat","embeddable":true,"href":"https:\/\/flanca.si\/de\/wp-json\/wp\/v2\/product_cat?post=15198"},{"taxonomy":"product_tag","embeddable":true,"href":"https:\/\/flanca.si\/de\/wp-json\/wp\/v2\/product_tag?post=15198"}],"curies":[{"name":"wp","href":"https:\/\/api.w.org\/{rel}","templated":true}]}}