{"id":15197,"date":"2019-12-24T08:12:43","date_gmt":"2019-12-24T07:12:43","guid":{"rendered":"https:\/\/flanca.si\/izdelek\/dill\/"},"modified":"2019-12-24T08:12:43","modified_gmt":"2019-12-24T07:12:43","slug":"dill","status":"publish","type":"product","link":"https:\/\/flanca.si\/de\/produkt\/dill\/","title":{"rendered":"Dill"},"content":{"rendered":"<p>Dill ist ein einj\u00e4hriges Kraut, das 40 bis 120 cm hoch wird. Die Bl\u00e4tter sind fein geteilt und bl\u00e4ulich-gr\u00fcn gef\u00e4rbt. Sie bl\u00fcht in kugelf\u00f6rmigen Bl\u00fctenst\u00e4nden. Die Samen sind 4 bis 5 mm lang und etwa 1 mm dick. Die Pflanze hat einen charakteristischen aromatischen Geruch, sie kann als Gew\u00fcrz oder als Heilpflanze verwendet werden. An trockenen Tagen muss sie regelm\u00e4\u00dfig gegossen werden. Ansonsten ist es eine unpr\u00e4tenti\u00f6se Pflanze, die man anbauen kann. Als Gew\u00fcrz verwenden wir die Bl\u00e4tter, aus denen Sie Dillsuppe, Kartoffelbr\u00fche, So\u00dfen, Mayonnaise und Salatdressings kochen k\u00f6nnen. Wir ernten die Bl\u00e4tter am Ende der sonnigen Tage. Zweige mit Bl\u00fcten werden zum Einlegen von Gurken, Tomaten und Paprika verwendet. In der K\u00fcche verwenden wir auch Samen, die Fleischgerichten oder Brot zugesetzt werden. Dill hilft bei Schluckauf, Verdauungsst\u00f6rungen und Schlaflosigkeit.    <\/p>\n","protected":false},"excerpt":{"rendered":"<ul>\n<li><em>Anethum graveolens<\/em><\/li>\n<li>Einj\u00e4hriges Kraut<\/li>\n<li>charakteristischer aromatischer Geruch der Pflanze<\/li>\n<li>Gew\u00fcrz- und Heilpflanze<\/li>\n<li>Regelm\u00e4\u00dfiges Gie\u00dfen in den trockenen Monaten<\/li>\n<li>hilft bei Schluckauf<\/li>\n<\/ul>\n<h4><strong>Verpackt 1 S\u00e4mling auf einmal!<\/strong><\/h4>\n","protected":false},"featured_media":12618,"template":"","meta":{"site-sidebar-layout":"default","site-content-layout":"default","ast-site-content-layout":"default","site-content-style":"default","site-sidebar-style":"default","ast-global-header-display":"","ast-banner-title-visibility":"","ast-main-header-display":"","ast-hfb-above-header-display":"","ast-hfb-below-header-display":"","ast-hfb-mobile-header-display":"","site-post-title":"","ast-breadcrumbs-content":"","ast-featured-img":"","footer-sml-layout":"","ast-disable-related-posts":"","theme-transparent-header-meta":"default","adv-header-id-meta":"","stick-header-meta":"default","header-above-stick-meta":"","header-main-stick-meta":"","header-below-stick-meta":"","astra-migrate-meta-layouts":"default","ast-page-background-enabled":"default","ast-page-background-meta":{"desktop":{"background-color":"","background-image":"","background-repeat":"repeat","background-position":"center center","background-size":"auto","background-attachment":"scroll","background-type":"","background-media":"","overlay-type":"","overlay-color":"","overlay-opacity":"","overlay-gradient":""},"tablet":{"background-color":"","background-image":"","background-repeat":"repeat","background-position":"center center","background-size":"auto","background-attachment":"scroll","background-type":"","background-media":"","overlay-type":"","overlay-color":"","overlay-opacity":"","overlay-gradient":""},"mobile":{"background-color":"","background-image":"","background-repeat":"repeat","background-position":"center center","background-size":"auto","background-attachment":"scroll","background-type":"","background-media":"","overlay-type":"","overlay-color":"","overlay-opacity":"","overlay-gradient":""}},"ast-content-background-meta":{"desktop":{"background-color":"var(--ast-global-color-5)","background-image":"","background-repeat":"repeat","background-position":"center center","background-size":"auto","background-attachment":"scroll","background-type":"","background-media":"","overlay-type":"","overlay-color":"","overlay-opacity":"","overlay-gradient":""},"tablet":{"background-color":"var(--ast-global-color-5)","background-image":"","background-repeat":"repeat","background-position":"center center","background-size":"auto","background-attachment":"scroll","background-type":"","background-media":"","overlay-type":"","overlay-color":"","overlay-opacity":"","overlay-gradient":""},"mobile":{"background-color":"var(--ast-global-color-5)","background-image":"","background-repeat":"repeat","background-position":"center center","background-size":"auto","background-attachment":"scroll","background-type":"","background-media":"","overlay-type":"","overlay-color":"","overlay-opacity":"","overlay-gradient":""}}},"product_brand":[],"product_cat":[1002],"product_tag":[1324,1006,1004,1134],"class_list":{"0":"post-15197","1":"product","2":"type-product","3":"status-publish","4":"has-post-thumbnail","6":"product_cat-andere-krauter","7":"product_tag-dill","8":"product_tag-heilpflanze","9":"product_tag-krauter","10":"product_tag-kuche-de","11":"desktop-align-left","12":"tablet-align-left","13":"mobile-align-left","14":"ast-product-gallery-layout-horizontal","15":"ast-product-tabs-layout-horizontal","16":"ast-qv-on-image","18":"first","19":"instock","20":"taxable","21":"shipping-taxable","22":"purchasable","23":"product-type-simple"},"aioseo_notices":[],"_links":{"self":[{"href":"https:\/\/flanca.si\/de\/wp-json\/wp\/v2\/product\/15197","targetHints":{"allow":["GET"]}}],"collection":[{"href":"https:\/\/flanca.si\/de\/wp-json\/wp\/v2\/product"}],"about":[{"href":"https:\/\/flanca.si\/de\/wp-json\/wp\/v2\/types\/product"}],"wp:featuredmedia":[{"embeddable":true,"href":"https:\/\/flanca.si\/de\/wp-json\/wp\/v2\/media\/12618"}],"wp:attachment":[{"href":"https:\/\/flanca.si\/de\/wp-json\/wp\/v2\/media?parent=15197"}],"wp:term":[{"taxonomy":"product_brand","embeddable":true,"href":"https:\/\/flanca.si\/de\/wp-json\/wp\/v2\/product_brand?post=15197"},{"taxonomy":"product_cat","embeddable":true,"href":"https:\/\/flanca.si\/de\/wp-json\/wp\/v2\/product_cat?post=15197"},{"taxonomy":"product_tag","embeddable":true,"href":"https:\/\/flanca.si\/de\/wp-json\/wp\/v2\/product_tag?post=15197"}],"curies":[{"name":"wp","href":"https:\/\/api.w.org\/{rel}","templated":true}]}}