{"id":15193,"date":"2019-12-24T08:36:15","date_gmt":"2019-12-24T07:36:15","guid":{"rendered":"https:\/\/flanca.si\/izdelek\/lachianische-immortelle-h-angustifolium\/"},"modified":"2019-12-24T08:36:15","modified_gmt":"2019-12-24T07:36:15","slug":"lachianische-immortelle-h-angustifolium","status":"publish","type":"product","link":"https:\/\/flanca.si\/de\/produkt\/lachianische-immortelle-h-angustifolium\/","title":{"rendered":"Lachianische Immortelle H. angustifolium"},"content":{"rendered":"<p>Die Immortelle ist eine Pflanze mit orientalischem Aroma. Nadelartige Bl\u00e4tter sind silbrig gef\u00e4rbt und bl\u00fchen in k\u00fcgelchenen Bl\u00fctenst\u00e4nden. Die ganze Pflanze hat einen charakteristischen Currygeruch. Die La\u0161ko Immortelle ist eine mediterrane Pflanze, die nur an der K\u00fcste im Freien \u00fcberwintert. Anderswo wird sie in Beh\u00e4ltern gepflanzt und im Herbst in ein Gew\u00e4chshaus oder einen k\u00fchlen Wintergarten umgesiedelt. Das \u00e4therische \u00d6l der Immortelle ist sehr wertvoll. Es hat eine starke antimikrobielle Wirkung, ist antibakteriell und unterst\u00fctzt das Immunsystem. Es wird in kosmetischen Pr\u00e4paraten verwendet, wirkt gegen Falten. Getrocknete Bl\u00fcten behalten ihre Farbe.  <\/p>\n","protected":false},"excerpt":{"rendered":"<ul>\n<li><em>Helichrysum angustifolium<\/em><\/li>\n<li>Orientalisches Aroma<\/li>\n<li>Mediterrane Pflanze<\/li>\n<li>Der Geruch von Curry<\/li>\n<li>Trockenblumen behalten ihre Farbe<\/li>\n<li>Wertvolles \u00e4therisches \u00d6l<\/li>\n<\/ul>\n<h4><strong>Verpackt 1 S\u00e4mling auf einmal!<\/strong><\/h4>\n","protected":false},"featured_media":12620,"template":"","meta":{"site-sidebar-layout":"default","site-content-layout":"default","ast-site-content-layout":"default","site-content-style":"default","site-sidebar-style":"default","ast-global-header-display":"","ast-banner-title-visibility":"","ast-main-header-display":"","ast-hfb-above-header-display":"","ast-hfb-below-header-display":"","ast-hfb-mobile-header-display":"","site-post-title":"","ast-breadcrumbs-content":"","ast-featured-img":"","footer-sml-layout":"","ast-disable-related-posts":"","theme-transparent-header-meta":"default","adv-header-id-meta":"","stick-header-meta":"default","header-above-stick-meta":"","header-main-stick-meta":"","header-below-stick-meta":"","astra-migrate-meta-layouts":"default","ast-page-background-enabled":"default","ast-page-background-meta":{"desktop":{"background-color":"","background-image":"","background-repeat":"repeat","background-position":"center center","background-size":"auto","background-attachment":"scroll","background-type":"","background-media":"","overlay-type":"","overlay-color":"","overlay-opacity":"","overlay-gradient":""},"tablet":{"background-color":"","background-image":"","background-repeat":"repeat","background-position":"center center","background-size":"auto","background-attachment":"scroll","background-type":"","background-media":"","overlay-type":"","overlay-color":"","overlay-opacity":"","overlay-gradient":""},"mobile":{"background-color":"","background-image":"","background-repeat":"repeat","background-position":"center center","background-size":"auto","background-attachment":"scroll","background-type":"","background-media":"","overlay-type":"","overlay-color":"","overlay-opacity":"","overlay-gradient":""}},"ast-content-background-meta":{"desktop":{"background-color":"var(--ast-global-color-5)","background-image":"","background-repeat":"repeat","background-position":"center center","background-size":"auto","background-attachment":"scroll","background-type":"","background-media":"","overlay-type":"","overlay-color":"","overlay-opacity":"","overlay-gradient":""},"tablet":{"background-color":"var(--ast-global-color-5)","background-image":"","background-repeat":"repeat","background-position":"center center","background-size":"auto","background-attachment":"scroll","background-type":"","background-media":"","overlay-type":"","overlay-color":"","overlay-opacity":"","overlay-gradient":""},"mobile":{"background-color":"var(--ast-global-color-5)","background-image":"","background-repeat":"repeat","background-position":"center center","background-size":"auto","background-attachment":"scroll","background-type":"","background-media":"","overlay-type":"","overlay-color":"","overlay-opacity":"","overlay-gradient":""}}},"product_brand":[],"product_cat":[1002],"product_tag":[1320,1064,1319],"class_list":{"0":"post-15193","1":"product","2":"type-product","3":"status-publish","4":"has-post-thumbnail","6":"product_cat-andere-krauter","7":"product_tag-atherisches-ol","8":"product_tag-gewurze","9":"product_tag-immortelle-von-lasko","10":"desktop-align-left","11":"tablet-align-left","12":"mobile-align-left","13":"ast-product-gallery-layout-horizontal","14":"ast-product-tabs-layout-horizontal","15":"ast-qv-on-image","17":"first","18":"instock","19":"taxable","20":"shipping-taxable","21":"purchasable","22":"product-type-simple"},"aioseo_notices":[],"_links":{"self":[{"href":"https:\/\/flanca.si\/de\/wp-json\/wp\/v2\/product\/15193","targetHints":{"allow":["GET"]}}],"collection":[{"href":"https:\/\/flanca.si\/de\/wp-json\/wp\/v2\/product"}],"about":[{"href":"https:\/\/flanca.si\/de\/wp-json\/wp\/v2\/types\/product"}],"wp:featuredmedia":[{"embeddable":true,"href":"https:\/\/flanca.si\/de\/wp-json\/wp\/v2\/media\/12620"}],"wp:attachment":[{"href":"https:\/\/flanca.si\/de\/wp-json\/wp\/v2\/media?parent=15193"}],"wp:term":[{"taxonomy":"product_brand","embeddable":true,"href":"https:\/\/flanca.si\/de\/wp-json\/wp\/v2\/product_brand?post=15193"},{"taxonomy":"product_cat","embeddable":true,"href":"https:\/\/flanca.si\/de\/wp-json\/wp\/v2\/product_cat?post=15193"},{"taxonomy":"product_tag","embeddable":true,"href":"https:\/\/flanca.si\/de\/wp-json\/wp\/v2\/product_tag?post=15193"}],"curies":[{"name":"wp","href":"https:\/\/api.w.org\/{rel}","templated":true}]}}