{"id":15179,"date":"2020-01-02T08:58:22","date_gmt":"2020-01-02T07:58:22","guid":{"rendered":"https:\/\/flanca.si\/izdelek\/kubanischer-oregano\/"},"modified":"2020-01-02T08:58:22","modified_gmt":"2020-01-02T07:58:22","slug":"kubanischer-oregano","status":"publish","type":"product","link":"https:\/\/flanca.si\/de\/produkt\/kubanischer-oregano\/","title":{"rendered":"Kubanischer Oregano"},"content":{"rendered":"<p>Medizinische und w\u00fcrzige tropische Pflanze, frostempfindlich. Nach Geschmack \u00e4hnelt es Thymian und wird als Gew\u00fcrz am Ende des Garvorgangs verwendet. Es hat heilende Wirkungen f\u00fcr die Atemwege, Tee wird beim Husten verwendet. Beliebt als luftreinigende Pflanze. Die Bl\u00e4tter werden sowohl frisch als auch getrocknet als fein gehacktes Gew\u00fcrz verzehrt. Es ist eine sehr aromatische und strauchige Pflanze mit fleischigen St\u00e4ngeln, die 30-90 cm hoch und sehr dicke Bl\u00e4tter bilden. Der Geschmack der Bl\u00e4tter ist angenehm aromatisch, besonders angenehm und frisch. Sie kann sowohl in T\u00f6pfen als auch auf freiem Feld angebaut werden. Sie w\u00e4chst am besten an sonnigen Standorten. Es ist gut daran angepasst, nicht zu heizen. \u00dcber den Winter empfiehlt es sich, ihn vor niedrigeren Temperaturen zu sch\u00fctzen. Diese Pflanze ist ein hervorragendes dekoratives Element f\u00fcr G\u00e4rten und Terrassen.    <\/p>\n","protected":false},"excerpt":{"rendered":"<ul>\n<li><em>Plectranthus amboinicus<\/em><\/li>\n<li>Heilpflanze, Gew\u00fcrz<\/li>\n<li>tropische Pflanze<\/li>\n<li>Dekorative Pflanze<\/li>\n<li>ausgezeichnetes Aroma<\/li>\n<li>Luftreinigende Anlage<\/li>\n<\/ul>\n<h4><strong>Verpackt 1 S\u00e4mling auf einmal!<\/strong><\/h4>\n","protected":false},"featured_media":12638,"template":"","meta":{"site-sidebar-layout":"default","site-content-layout":"default","ast-site-content-layout":"default","site-content-style":"default","site-sidebar-style":"default","ast-global-header-display":"","ast-banner-title-visibility":"","ast-main-header-display":"","ast-hfb-above-header-display":"","ast-hfb-below-header-display":"","ast-hfb-mobile-header-display":"","site-post-title":"","ast-breadcrumbs-content":"","ast-featured-img":"","footer-sml-layout":"","ast-disable-related-posts":"","theme-transparent-header-meta":"default","adv-header-id-meta":"","stick-header-meta":"default","header-above-stick-meta":"","header-main-stick-meta":"","header-below-stick-meta":"","astra-migrate-meta-layouts":"default","ast-page-background-enabled":"default","ast-page-background-meta":{"desktop":{"background-color":"","background-image":"","background-repeat":"repeat","background-position":"center center","background-size":"auto","background-attachment":"scroll","background-type":"","background-media":"","overlay-type":"","overlay-color":"","overlay-opacity":"","overlay-gradient":""},"tablet":{"background-color":"","background-image":"","background-repeat":"repeat","background-position":"center center","background-size":"auto","background-attachment":"scroll","background-type":"","background-media":"","overlay-type":"","overlay-color":"","overlay-opacity":"","overlay-gradient":""},"mobile":{"background-color":"","background-image":"","background-repeat":"repeat","background-position":"center center","background-size":"auto","background-attachment":"scroll","background-type":"","background-media":"","overlay-type":"","overlay-color":"","overlay-opacity":"","overlay-gradient":""}},"ast-content-background-meta":{"desktop":{"background-color":"var(--ast-global-color-5)","background-image":"","background-repeat":"repeat","background-position":"center center","background-size":"auto","background-attachment":"scroll","background-type":"","background-media":"","overlay-type":"","overlay-color":"","overlay-opacity":"","overlay-gradient":""},"tablet":{"background-color":"var(--ast-global-color-5)","background-image":"","background-repeat":"repeat","background-position":"center center","background-size":"auto","background-attachment":"scroll","background-type":"","background-media":"","overlay-type":"","overlay-color":"","overlay-opacity":"","overlay-gradient":""},"mobile":{"background-color":"var(--ast-global-color-5)","background-image":"","background-repeat":"repeat","background-position":"center center","background-size":"auto","background-attachment":"scroll","background-type":"","background-media":"","overlay-type":"","overlay-color":"","overlay-opacity":"","overlay-gradient":""}}},"product_brand":[],"product_cat":[1002],"product_tag":[1135,1006,1004,1137],"class_list":{"0":"post-15179","1":"product","2":"type-product","3":"status-publish","4":"has-post-thumbnail","6":"product_cat-andere-krauter","7":"product_tag-geschmacksstoff","8":"product_tag-heilpflanze","9":"product_tag-krauter","10":"product_tag-oregano","11":"desktop-align-left","12":"tablet-align-left","13":"mobile-align-left","14":"ast-product-gallery-layout-horizontal","15":"ast-product-gallery-with-no-image","16":"ast-product-tabs-layout-horizontal","17":"ast-qv-on-image","19":"first","20":"instock","21":"taxable","22":"shipping-taxable","23":"purchasable","24":"product-type-simple"},"aioseo_notices":[],"_links":{"self":[{"href":"https:\/\/flanca.si\/de\/wp-json\/wp\/v2\/product\/15179","targetHints":{"allow":["GET"]}}],"collection":[{"href":"https:\/\/flanca.si\/de\/wp-json\/wp\/v2\/product"}],"about":[{"href":"https:\/\/flanca.si\/de\/wp-json\/wp\/v2\/types\/product"}],"wp:featuredmedia":[{"embeddable":true,"href":"https:\/\/flanca.si\/de\/wp-json\/wp\/v2\/media\/12638"}],"wp:attachment":[{"href":"https:\/\/flanca.si\/de\/wp-json\/wp\/v2\/media?parent=15179"}],"wp:term":[{"taxonomy":"product_brand","embeddable":true,"href":"https:\/\/flanca.si\/de\/wp-json\/wp\/v2\/product_brand?post=15179"},{"taxonomy":"product_cat","embeddable":true,"href":"https:\/\/flanca.si\/de\/wp-json\/wp\/v2\/product_cat?post=15179"},{"taxonomy":"product_tag","embeddable":true,"href":"https:\/\/flanca.si\/de\/wp-json\/wp\/v2\/product_tag?post=15179"}],"curies":[{"name":"wp","href":"https:\/\/api.w.org\/{rel}","templated":true}]}}