{"id":15174,"date":"2020-01-03T07:06:51","date_gmt":"2020-01-03T06:06:51","guid":{"rendered":"https:\/\/flanca.si\/izdelek\/thymian\/"},"modified":"2020-01-03T07:06:51","modified_gmt":"2020-01-03T06:06:51","slug":"thymian","status":"publish","type":"product","link":"https:\/\/flanca.si\/de\/produkt\/thymian\/","title":{"rendered":"Thymian"},"content":{"rendered":"<p>Thymian ist ein aromatisch duftender Zwergstrauch, der bis zu 50 cm hoch werden kann. Sein lateinischer Name ist Thymus serpyllum, und er wird auch wilder Thymian genannt. Der lateinische Name Thymus bedeutet St\u00e4rke und Mut. Es war bereits den alten \u00c4gyptern bekannt. Sie hat wundersch\u00f6ne kleine Bl\u00fcten von violetter Farbe. Sie bl\u00fcht von Juni bis Oktober, sie kann in der Natur geerntet werden. Aufrechte, vierkantige Triebe sind leicht behaart, Bl\u00e4tter mit kurzen Blattstielen sind am Rand gekr\u00e4uselt, unten klein, schmal und wei\u00dflich-behaart. Sie finden es auf Wegen, auf Weiden, in den Bergen, oder Sie k\u00f6nnen es in Ihrem Kr\u00e4utergarten, Steingarten, Trog pflanzen,&#8230; Es hat einen starken Geruch, weshalb es auch als \u00e4therisches \u00d6l beliebt ist. Untersuchungen haben gezeigt, dass die wichtigsten heilenden Eigenschaften von Gartenthymian mit Flavonoiden und \u00e4therischen \u00d6len, Thymol und Carvacrol zusammenh\u00e4ngen. Es lindert Husten und lindert Kr\u00e4mpfe der glatten Muskulatur durch den Mechanismus der Verstopfung der Kalziumkan\u00e4le und lindert auch das Aushusten. Thymiantee scheidet Wasser aus dem K\u00f6rper aus und hilft bei Katarrh des Magens und des Darms. Thymian wird auch als Gew\u00fcrz, Tinktur, in der Kosmetik und als Bad verwendet.      <\/p>\n","protected":false},"excerpt":{"rendered":"<ul>\n<li><em>Thymus serpyllium &#8218;Rose Purple&#8216;<\/em><\/li>\n<li>Sandthymian<\/li>\n<li>In der Natur weit verbreitet<\/li>\n<li>\u00c4therisches \u00d6l<\/li>\n<li>lindert Husten, lindert Kr\u00e4mpfe der glatten Muskulatur<\/li>\n<li>Verwendung in der Kosmetik<\/li>\n<\/ul>\n<h4><strong>Verpackt 1 S\u00e4mling auf einmal!<\/strong><\/h4>\n","protected":false},"featured_media":12650,"template":"","meta":{"site-sidebar-layout":"default","site-content-layout":"default","ast-site-content-layout":"default","site-content-style":"default","site-sidebar-style":"default","ast-global-header-display":"","ast-banner-title-visibility":"","ast-main-header-display":"","ast-hfb-above-header-display":"","ast-hfb-below-header-display":"","ast-hfb-mobile-header-display":"","site-post-title":"","ast-breadcrumbs-content":"","ast-featured-img":"","footer-sml-layout":"","ast-disable-related-posts":"","theme-transparent-header-meta":"default","adv-header-id-meta":"","stick-header-meta":"default","header-above-stick-meta":"","header-main-stick-meta":"","header-below-stick-meta":"","astra-migrate-meta-layouts":"default","ast-page-background-enabled":"default","ast-page-background-meta":{"desktop":{"background-color":"","background-image":"","background-repeat":"repeat","background-position":"center center","background-size":"auto","background-attachment":"scroll","background-type":"","background-media":"","overlay-type":"","overlay-color":"","overlay-opacity":"","overlay-gradient":""},"tablet":{"background-color":"","background-image":"","background-repeat":"repeat","background-position":"center center","background-size":"auto","background-attachment":"scroll","background-type":"","background-media":"","overlay-type":"","overlay-color":"","overlay-opacity":"","overlay-gradient":""},"mobile":{"background-color":"","background-image":"","background-repeat":"repeat","background-position":"center center","background-size":"auto","background-attachment":"scroll","background-type":"","background-media":"","overlay-type":"","overlay-color":"","overlay-opacity":"","overlay-gradient":""}},"ast-content-background-meta":{"desktop":{"background-color":"var(--ast-global-color-5)","background-image":"","background-repeat":"repeat","background-position":"center center","background-size":"auto","background-attachment":"scroll","background-type":"","background-media":"","overlay-type":"","overlay-color":"","overlay-opacity":"","overlay-gradient":""},"tablet":{"background-color":"var(--ast-global-color-5)","background-image":"","background-repeat":"repeat","background-position":"center center","background-size":"auto","background-attachment":"scroll","background-type":"","background-media":"","overlay-type":"","overlay-color":"","overlay-opacity":"","overlay-gradient":""},"mobile":{"background-color":"var(--ast-global-color-5)","background-image":"","background-repeat":"repeat","background-position":"center center","background-size":"auto","background-attachment":"scroll","background-type":"","background-media":"","overlay-type":"","overlay-color":"","overlay-opacity":"","overlay-gradient":""}}},"product_brand":[],"product_cat":[1002],"product_tag":[1006,1293,1005,1306],"class_list":{"0":"post-15174","1":"product","2":"type-product","3":"status-publish","4":"has-post-thumbnail","6":"product_cat-andere-krauter","7":"product_tag-heilpflanze","8":"product_tag-kraut","9":"product_tag-tee","10":"product_tag-thymian","11":"desktop-align-left","12":"tablet-align-left","13":"mobile-align-left","14":"ast-product-gallery-layout-horizontal","15":"ast-product-gallery-with-no-image","16":"ast-product-tabs-layout-horizontal","17":"ast-qv-on-image","19":"first","20":"instock","21":"taxable","22":"shipping-taxable","23":"purchasable","24":"product-type-simple"},"aioseo_notices":[],"_links":{"self":[{"href":"https:\/\/flanca.si\/de\/wp-json\/wp\/v2\/product\/15174","targetHints":{"allow":["GET"]}}],"collection":[{"href":"https:\/\/flanca.si\/de\/wp-json\/wp\/v2\/product"}],"about":[{"href":"https:\/\/flanca.si\/de\/wp-json\/wp\/v2\/types\/product"}],"wp:featuredmedia":[{"embeddable":true,"href":"https:\/\/flanca.si\/de\/wp-json\/wp\/v2\/media\/12650"}],"wp:attachment":[{"href":"https:\/\/flanca.si\/de\/wp-json\/wp\/v2\/media?parent=15174"}],"wp:term":[{"taxonomy":"product_brand","embeddable":true,"href":"https:\/\/flanca.si\/de\/wp-json\/wp\/v2\/product_brand?post=15174"},{"taxonomy":"product_cat","embeddable":true,"href":"https:\/\/flanca.si\/de\/wp-json\/wp\/v2\/product_cat?post=15174"},{"taxonomy":"product_tag","embeddable":true,"href":"https:\/\/flanca.si\/de\/wp-json\/wp\/v2\/product_tag?post=15174"}],"curies":[{"name":"wp","href":"https:\/\/api.w.org\/{rel}","templated":true}]}}