{"id":15160,"date":"2020-01-05T18:36:25","date_gmt":"2020-01-05T17:36:25","guid":{"rendered":"https:\/\/flanca.si\/izdelek\/waldmilz\/"},"modified":"2020-01-05T18:36:25","modified_gmt":"2020-01-05T17:36:25","slug":"waldmilz","status":"publish","type":"product","link":"https:\/\/flanca.si\/de\/produkt\/waldmilz\/","title":{"rendered":"Waldmilz"},"content":{"rendered":"<p>Die Waldmalve ist eine mehrj\u00e4hrige Pflanze, die bis zu 1 m hoch wird. Rosa Bl\u00fcten mit scharlachroten L\u00e4ngsstreifen wachsen in B\u00fcscheln aus den Bl\u00e4ttchen und an der Spitze der Triebe. Sie bl\u00fcht von Mai bis September. Sie w\u00e4chst an Waldr\u00e4ndern, Feldern, G\u00e4rten und Weinbergen. Es wird in Kr\u00e4uterg\u00e4rten, entlang der R\u00e4nder von Blumenbeeten, G\u00e4rten gepflanzt,&#8230; Der Hauptwirkstoff sind Schleimstoffe, \u00e4therisches \u00d6l und spezifische Glykoside, Mineralien, Vitamine A, B und C. Wir verwenden die Wurzel, die Bl\u00e4tter und die Bl\u00fcten. F\u00fcr die Teemischung ist es notwendig, die Malve in kaltem Wasser einzuweichen und den abgetropften Tee zur warmen Teemischung anderer Heilpflanzen zu geben. Ein solcher Tee wirkt sich positiv auf die Atemwege aus, lindert und lindert Husten und beschleunigt die Schleimsekretion. <\/p>\n","protected":false},"excerpt":{"rendered":"<ul>\n<li><em>Malva sylvestris<\/em><\/li>\n<li>Hohe Staude<\/li>\n<li>Es kommt in der Natur vor<\/li>\n<li>enth\u00e4lt viele positive Wirkstoffe<\/li>\n<li>Wir verwenden Bl\u00e4tter, Bl\u00fcten und Wurzeln<\/li>\n<li>In kaltem Wasser einweichen<\/li>\n<\/ul>\n<h4><strong>Verpackt 1 S\u00e4mling auf einmal!<\/strong><\/h4>\n","protected":false},"featured_media":12669,"template":"","meta":{"site-sidebar-layout":"default","site-content-layout":"default","ast-site-content-layout":"default","site-content-style":"default","site-sidebar-style":"default","ast-global-header-display":"","ast-banner-title-visibility":"","ast-main-header-display":"","ast-hfb-above-header-display":"","ast-hfb-below-header-display":"","ast-hfb-mobile-header-display":"","site-post-title":"","ast-breadcrumbs-content":"","ast-featured-img":"","footer-sml-layout":"","ast-disable-related-posts":"","theme-transparent-header-meta":"default","adv-header-id-meta":"","stick-header-meta":"default","header-above-stick-meta":"","header-main-stick-meta":"","header-below-stick-meta":"","astra-migrate-meta-layouts":"default","ast-page-background-enabled":"default","ast-page-background-meta":{"desktop":{"background-color":"","background-image":"","background-repeat":"repeat","background-position":"center center","background-size":"auto","background-attachment":"scroll","background-type":"","background-media":"","overlay-type":"","overlay-color":"","overlay-opacity":"","overlay-gradient":""},"tablet":{"background-color":"","background-image":"","background-repeat":"repeat","background-position":"center center","background-size":"auto","background-attachment":"scroll","background-type":"","background-media":"","overlay-type":"","overlay-color":"","overlay-opacity":"","overlay-gradient":""},"mobile":{"background-color":"","background-image":"","background-repeat":"repeat","background-position":"center center","background-size":"auto","background-attachment":"scroll","background-type":"","background-media":"","overlay-type":"","overlay-color":"","overlay-opacity":"","overlay-gradient":""}},"ast-content-background-meta":{"desktop":{"background-color":"var(--ast-global-color-5)","background-image":"","background-repeat":"repeat","background-position":"center center","background-size":"auto","background-attachment":"scroll","background-type":"","background-media":"","overlay-type":"","overlay-color":"","overlay-opacity":"","overlay-gradient":""},"tablet":{"background-color":"var(--ast-global-color-5)","background-image":"","background-repeat":"repeat","background-position":"center center","background-size":"auto","background-attachment":"scroll","background-type":"","background-media":"","overlay-type":"","overlay-color":"","overlay-opacity":"","overlay-gradient":""},"mobile":{"background-color":"var(--ast-global-color-5)","background-image":"","background-repeat":"repeat","background-position":"center center","background-size":"auto","background-attachment":"scroll","background-type":"","background-media":"","overlay-type":"","overlay-color":"","overlay-opacity":"","overlay-gradient":""}}},"product_brand":[],"product_cat":[1002],"product_tag":[1006,1293,1005,1296],"class_list":{"0":"post-15160","1":"product","2":"type-product","3":"status-publish","4":"has-post-thumbnail","6":"product_cat-andere-krauter","7":"product_tag-heilpflanze","8":"product_tag-kraut","9":"product_tag-tee","10":"product_tag-waldmalve","11":"desktop-align-left","12":"tablet-align-left","13":"mobile-align-left","14":"ast-product-gallery-layout-horizontal","15":"ast-product-tabs-layout-horizontal","16":"ast-qv-on-image","18":"first","19":"outofstock","20":"taxable","21":"shipping-taxable","22":"purchasable","23":"product-type-simple"},"aioseo_notices":[],"_links":{"self":[{"href":"https:\/\/flanca.si\/de\/wp-json\/wp\/v2\/product\/15160","targetHints":{"allow":["GET"]}}],"collection":[{"href":"https:\/\/flanca.si\/de\/wp-json\/wp\/v2\/product"}],"about":[{"href":"https:\/\/flanca.si\/de\/wp-json\/wp\/v2\/types\/product"}],"wp:featuredmedia":[{"embeddable":true,"href":"https:\/\/flanca.si\/de\/wp-json\/wp\/v2\/media\/12669"}],"wp:attachment":[{"href":"https:\/\/flanca.si\/de\/wp-json\/wp\/v2\/media?parent=15160"}],"wp:term":[{"taxonomy":"product_brand","embeddable":true,"href":"https:\/\/flanca.si\/de\/wp-json\/wp\/v2\/product_brand?post=15160"},{"taxonomy":"product_cat","embeddable":true,"href":"https:\/\/flanca.si\/de\/wp-json\/wp\/v2\/product_cat?post=15160"},{"taxonomy":"product_tag","embeddable":true,"href":"https:\/\/flanca.si\/de\/wp-json\/wp\/v2\/product_tag?post=15160"}],"curies":[{"name":"wp","href":"https:\/\/api.w.org\/{rel}","templated":true}]}}