{"id":15155,"date":"2020-01-06T10:08:45","date_gmt":"2020-01-06T09:08:45","guid":{"rendered":"https:\/\/flanca.si\/izdelek\/stevia\/"},"modified":"2020-01-06T10:08:45","modified_gmt":"2020-01-06T09:08:45","slug":"stevia","status":"publish","type":"product","link":"https:\/\/flanca.si\/de\/produkt\/stevia\/","title":{"rendered":"Stevia"},"content":{"rendered":"<p>Eine Pflanze, die nicht auf freiem Feld \u00fcberwintert. Wenn die Periode der niedrigen Temperaturen beginnt, wird es in einen warmen Raum gebracht. Im Fr\u00fchjahr kann es wieder ins Freie gebracht werden. Geeignet f\u00fcr die Pflanzung in T\u00f6pfen und Tr\u00f6gen. Bildet hellgr\u00fcne, gezackte Bl\u00e4tter. Die Bl\u00e4tter enthalten Steviolglykoside, die s\u00fc\u00df sind, ohne Kalorien, ihr glyk\u00e4mischer Index betr\u00e4gt 0 und enthalten keine Kohlenhydrate. Getrocknete Bl\u00e4tter k\u00f6nnen als nat\u00fcrliches S\u00fc\u00dfungsmittel f\u00fcr Teemischungen verwendet werden. Steviablatt-Konzentrat auf Wasserbasis bietet eine Reihe au\u00dfergew\u00f6hnlicher Vorteile bei der regelm\u00e4\u00dfigen Hautpflege. Als Maske macht es die Haut effektiv weich und strafft, gl\u00e4ttet Falten und hilft, Hautunreinheiten, einschlie\u00dflich Akne, zu lindern. Ein Tropfen Stevia kann direkt auf einen Hautfleck, einen Pickel, eine rissige Lippe oder Herpes aufgetragen werden. Stevia-Konzentrat hilft auch bei Hautproblemen wie Dermatitis und Ekzemen. Die Forschung zeigt auch eine schnellere Heilung von Kratzern und Wunden ohne Narbenbildung, wenn Stevia auf die betroffene Stelle aufgetragen wird.    <\/p>\n","protected":false},"excerpt":{"rendered":"<ul>\n<li><em>Stevia rebaudiana<\/em><\/li>\n<li>s\u00fc\u00dfer Strauch<\/li>\n<li>Nicht im Freien \u00fcberwintern<\/li>\n<li>nat\u00fcrlicher S\u00fc\u00dfstoff<\/li>\n<li>Glyk\u00e4mischer Index 0<\/li>\n<li>Wir verwenden Blattkonzentrat zur Hautpflege<\/li>\n<\/ul>\n<h4><strong>Verpackt 1 S\u00e4mling auf einmal!<\/strong><\/h4>\n","protected":false},"featured_media":12693,"template":"","meta":{"site-sidebar-layout":"default","site-content-layout":"default","ast-site-content-layout":"default","site-content-style":"default","site-sidebar-style":"default","ast-global-header-display":"","ast-banner-title-visibility":"","ast-main-header-display":"","ast-hfb-above-header-display":"","ast-hfb-below-header-display":"","ast-hfb-mobile-header-display":"","site-post-title":"","ast-breadcrumbs-content":"","ast-featured-img":"","footer-sml-layout":"","ast-disable-related-posts":"","theme-transparent-header-meta":"default","adv-header-id-meta":"","stick-header-meta":"default","header-above-stick-meta":"","header-main-stick-meta":"","header-below-stick-meta":"","astra-migrate-meta-layouts":"default","ast-page-background-enabled":"default","ast-page-background-meta":{"desktop":{"background-color":"","background-image":"","background-repeat":"repeat","background-position":"center center","background-size":"auto","background-attachment":"scroll","background-type":"","background-media":"","overlay-type":"","overlay-color":"","overlay-opacity":"","overlay-gradient":""},"tablet":{"background-color":"","background-image":"","background-repeat":"repeat","background-position":"center center","background-size":"auto","background-attachment":"scroll","background-type":"","background-media":"","overlay-type":"","overlay-color":"","overlay-opacity":"","overlay-gradient":""},"mobile":{"background-color":"","background-image":"","background-repeat":"repeat","background-position":"center center","background-size":"auto","background-attachment":"scroll","background-type":"","background-media":"","overlay-type":"","overlay-color":"","overlay-opacity":"","overlay-gradient":""}},"ast-content-background-meta":{"desktop":{"background-color":"var(--ast-global-color-5)","background-image":"","background-repeat":"repeat","background-position":"center center","background-size":"auto","background-attachment":"scroll","background-type":"","background-media":"","overlay-type":"","overlay-color":"","overlay-opacity":"","overlay-gradient":""},"tablet":{"background-color":"var(--ast-global-color-5)","background-image":"","background-repeat":"repeat","background-position":"center center","background-size":"auto","background-attachment":"scroll","background-type":"","background-media":"","overlay-type":"","overlay-color":"","overlay-opacity":"","overlay-gradient":""},"mobile":{"background-color":"var(--ast-global-color-5)","background-image":"","background-repeat":"repeat","background-position":"center center","background-size":"auto","background-attachment":"scroll","background-type":"","background-media":"","overlay-type":"","overlay-color":"","overlay-opacity":"","overlay-gradient":""}}},"product_brand":[],"product_cat":[1002],"product_tag":[1127,1006,1126,1125],"class_list":{"0":"post-15155","1":"product","2":"type-product","3":"status-publish","4":"has-post-thumbnail","6":"product_cat-andere-krauter","7":"product_tag-hautpflege","8":"product_tag-heilpflanze","9":"product_tag-stevia-de","10":"product_tag-susstoff","11":"desktop-align-left","12":"tablet-align-left","13":"mobile-align-left","14":"ast-product-gallery-layout-horizontal","15":"ast-product-tabs-layout-horizontal","16":"ast-qv-on-image","18":"first","19":"instock","20":"taxable","21":"shipping-taxable","22":"purchasable","23":"product-type-simple"},"aioseo_notices":[],"_links":{"self":[{"href":"https:\/\/flanca.si\/de\/wp-json\/wp\/v2\/product\/15155","targetHints":{"allow":["GET"]}}],"collection":[{"href":"https:\/\/flanca.si\/de\/wp-json\/wp\/v2\/product"}],"about":[{"href":"https:\/\/flanca.si\/de\/wp-json\/wp\/v2\/types\/product"}],"wp:featuredmedia":[{"embeddable":true,"href":"https:\/\/flanca.si\/de\/wp-json\/wp\/v2\/media\/12693"}],"wp:attachment":[{"href":"https:\/\/flanca.si\/de\/wp-json\/wp\/v2\/media?parent=15155"}],"wp:term":[{"taxonomy":"product_brand","embeddable":true,"href":"https:\/\/flanca.si\/de\/wp-json\/wp\/v2\/product_brand?post=15155"},{"taxonomy":"product_cat","embeddable":true,"href":"https:\/\/flanca.si\/de\/wp-json\/wp\/v2\/product_cat?post=15155"},{"taxonomy":"product_tag","embeddable":true,"href":"https:\/\/flanca.si\/de\/wp-json\/wp\/v2\/product_tag?post=15155"}],"curies":[{"name":"wp","href":"https:\/\/api.w.org\/{rel}","templated":true}]}}