{"id":15152,"date":"2020-01-06T09:21:45","date_gmt":"2020-01-06T08:21:45","guid":{"rendered":"https:\/\/flanca.si\/izdelek\/rosmarin-s-12\/"},"modified":"2020-01-06T09:21:45","modified_gmt":"2020-01-06T08:21:45","slug":"rosmarin-s-12","status":"publish","type":"product","link":"https:\/\/flanca.si\/de\/produkt\/rosmarin-s-12\/","title":{"rendered":"Rosmarin S. 12"},"content":{"rendered":"<p>Rosmarin ist ein 50 bis 150 cm hoher immergr\u00fcner Strauch mit einer verholzten Unterseite. Die Bl\u00fcten befinden sich in den Bl\u00e4ttchen der oberen Bl\u00e4tter, hellrosa bis hellblau. In der Natur w\u00e4chst sie in trockenen Gemeinschaften mediterraner Vegetation (Macchia). Im sonnigen Teil des Gartens befindet sich eine ausgezeichnete Zierpflanze und ein ausgezeichneter Duft. Rosmarinbl\u00e4tter enthalten \u00e4therische \u00d6le und Bitterstoffe und werden vor allem als Duftstoff verwendet. Es wird in Pr\u00e4paraten zum Reiben und Massieren bei rheumatischen Erkrankungen und Durchblutungsst\u00f6rungen verwendet. Rosmarin hilft auch bei Verdauungsst\u00f6rungen, Ersch\u00f6pfung und Kopfschmerzen. Ein unverzichtbares Gew\u00fcrz in der mediterranen K\u00fcche. <\/p>\n","protected":false},"excerpt":{"rendered":"<ul>\n<li><em>Rosmarinus officinalis<\/em><\/li>\n<li>mehrj\u00e4hrig<\/li>\n<li>Vegogreen Strauch<\/li>\n<li>Duft<\/li>\n<li>Heilpflanze<\/li>\n<li>\u00c4therische \u00d6le<\/li>\n<\/ul>\n<h4><strong>Verpackt 1 S\u00e4mling auf einmal!<\/strong><\/h4>\n","protected":false},"featured_media":12685,"template":"","meta":{"site-sidebar-layout":"default","site-content-layout":"default","ast-site-content-layout":"default","site-content-style":"default","site-sidebar-style":"default","ast-global-header-display":"","ast-banner-title-visibility":"","ast-main-header-display":"","ast-hfb-above-header-display":"","ast-hfb-below-header-display":"","ast-hfb-mobile-header-display":"","site-post-title":"","ast-breadcrumbs-content":"","ast-featured-img":"","footer-sml-layout":"","ast-disable-related-posts":"","theme-transparent-header-meta":"default","adv-header-id-meta":"","stick-header-meta":"default","header-above-stick-meta":"","header-main-stick-meta":"","header-below-stick-meta":"","astra-migrate-meta-layouts":"default","ast-page-background-enabled":"default","ast-page-background-meta":{"desktop":{"background-color":"","background-image":"","background-repeat":"repeat","background-position":"center center","background-size":"auto","background-attachment":"scroll","background-type":"","background-media":"","overlay-type":"","overlay-color":"","overlay-opacity":"","overlay-gradient":""},"tablet":{"background-color":"","background-image":"","background-repeat":"repeat","background-position":"center center","background-size":"auto","background-attachment":"scroll","background-type":"","background-media":"","overlay-type":"","overlay-color":"","overlay-opacity":"","overlay-gradient":""},"mobile":{"background-color":"","background-image":"","background-repeat":"repeat","background-position":"center center","background-size":"auto","background-attachment":"scroll","background-type":"","background-media":"","overlay-type":"","overlay-color":"","overlay-opacity":"","overlay-gradient":""}},"ast-content-background-meta":{"desktop":{"background-color":"var(--ast-global-color-5)","background-image":"","background-repeat":"repeat","background-position":"center center","background-size":"auto","background-attachment":"scroll","background-type":"","background-media":"","overlay-type":"","overlay-color":"","overlay-opacity":"","overlay-gradient":""},"tablet":{"background-color":"var(--ast-global-color-5)","background-image":"","background-repeat":"repeat","background-position":"center center","background-size":"auto","background-attachment":"scroll","background-type":"","background-media":"","overlay-type":"","overlay-color":"","overlay-opacity":"","overlay-gradient":""},"mobile":{"background-color":"var(--ast-global-color-5)","background-image":"","background-repeat":"repeat","background-position":"center center","background-size":"auto","background-attachment":"scroll","background-type":"","background-media":"","overlay-type":"","overlay-color":"","overlay-opacity":"","overlay-gradient":""}}},"product_brand":[],"product_cat":[1002],"product_tag":[1280,1006,1134,1281],"class_list":{"0":"post-15152","1":"product","2":"type-product","3":"status-publish","4":"has-post-thumbnail","6":"product_cat-andere-krauter","7":"product_tag-duft","8":"product_tag-heilpflanze","9":"product_tag-kuche-de","10":"product_tag-rosmarin","11":"desktop-align-left","12":"tablet-align-left","13":"mobile-align-left","14":"ast-product-gallery-layout-horizontal","15":"ast-product-gallery-with-no-image","16":"ast-product-tabs-layout-horizontal","17":"ast-qv-on-image","19":"first","20":"outofstock","21":"taxable","22":"shipping-taxable","23":"purchasable","24":"product-type-simple"},"aioseo_notices":[],"_links":{"self":[{"href":"https:\/\/flanca.si\/de\/wp-json\/wp\/v2\/product\/15152","targetHints":{"allow":["GET"]}}],"collection":[{"href":"https:\/\/flanca.si\/de\/wp-json\/wp\/v2\/product"}],"about":[{"href":"https:\/\/flanca.si\/de\/wp-json\/wp\/v2\/types\/product"}],"wp:featuredmedia":[{"embeddable":true,"href":"https:\/\/flanca.si\/de\/wp-json\/wp\/v2\/media\/12685"}],"wp:attachment":[{"href":"https:\/\/flanca.si\/de\/wp-json\/wp\/v2\/media?parent=15152"}],"wp:term":[{"taxonomy":"product_brand","embeddable":true,"href":"https:\/\/flanca.si\/de\/wp-json\/wp\/v2\/product_brand?post=15152"},{"taxonomy":"product_cat","embeddable":true,"href":"https:\/\/flanca.si\/de\/wp-json\/wp\/v2\/product_cat?post=15152"},{"taxonomy":"product_tag","embeddable":true,"href":"https:\/\/flanca.si\/de\/wp-json\/wp\/v2\/product_tag?post=15152"}],"curies":[{"name":"wp","href":"https:\/\/api.w.org\/{rel}","templated":true}]}}