{"id":15145,"date":"2020-01-06T11:20:41","date_gmt":"2020-01-06T10:20:41","guid":{"rendered":"https:\/\/flanca.si\/izdelek\/niedrige-aster\/"},"modified":"2020-01-06T11:20:41","modified_gmt":"2020-01-06T10:20:41","slug":"niedrige-aster","status":"publish","type":"product","link":"https:\/\/flanca.si\/de\/produkt\/niedrige-aster\/","title":{"rendered":"Niedrige Aster"},"content":{"rendered":"<p>Zwergtopf-Sommerastern. Die Bl\u00fcten sind 4-10 cm breit und in verschiedenen Farben erh\u00e4ltlich. Sie eignen sich auch sch\u00f6n in der Pflanzung als Solit\u00e4r, da sie mit ihren bunten Bl\u00fcten einen sch\u00f6nen Kontrast im Trog oder Blumenbeet bilden. Die Pflanzen werden etwa 25 cm hoch. Wenn wir m\u00f6chten, dass die Pflanzen einen sch\u00f6neren Wuchs haben, bespr\u00fchen wir sie mit Schachtelhalmschlamm. Sie wachsen am besten an sonnigen, gesch\u00fctzten Standorten. <\/p>\n","protected":false},"excerpt":{"rendered":"<ul>\n<li><em>Callistephus chinensis<\/em><\/li>\n<li>Zwerg-Sommerastern<\/li>\n<li>Blumen in verschiedenen Farben<\/li>\n<li>f\u00fcr Tr\u00f6ge, T\u00f6pfe oder Balken<\/li>\n<li>Pflanzenh\u00f6he bis zu 25 cm<\/li>\n<\/ul>\n<h4><strong>Jeweils 4 Setzlinge verpackt!<\/strong><\/h4>\n","protected":false},"featured_media":12704,"template":"","meta":{"site-sidebar-layout":"default","site-content-layout":"default","ast-site-content-layout":"default","site-content-style":"default","site-sidebar-style":"default","ast-global-header-display":"","ast-banner-title-visibility":"","ast-main-header-display":"","ast-hfb-above-header-display":"","ast-hfb-below-header-display":"","ast-hfb-mobile-header-display":"","site-post-title":"","ast-breadcrumbs-content":"","ast-featured-img":"","footer-sml-layout":"","ast-disable-related-posts":"","theme-transparent-header-meta":"default","adv-header-id-meta":"","stick-header-meta":"default","header-above-stick-meta":"","header-main-stick-meta":"","header-below-stick-meta":"","astra-migrate-meta-layouts":"default","ast-page-background-enabled":"default","ast-page-background-meta":{"desktop":{"background-color":"","background-image":"","background-repeat":"repeat","background-position":"center center","background-size":"auto","background-attachment":"scroll","background-type":"","background-media":"","overlay-type":"","overlay-color":"","overlay-opacity":"","overlay-gradient":""},"tablet":{"background-color":"","background-image":"","background-repeat":"repeat","background-position":"center center","background-size":"auto","background-attachment":"scroll","background-type":"","background-media":"","overlay-type":"","overlay-color":"","overlay-opacity":"","overlay-gradient":""},"mobile":{"background-color":"","background-image":"","background-repeat":"repeat","background-position":"center center","background-size":"auto","background-attachment":"scroll","background-type":"","background-media":"","overlay-type":"","overlay-color":"","overlay-opacity":"","overlay-gradient":""}},"ast-content-background-meta":{"desktop":{"background-color":"var(--ast-global-color-5)","background-image":"","background-repeat":"repeat","background-position":"center center","background-size":"auto","background-attachment":"scroll","background-type":"","background-media":"","overlay-type":"","overlay-color":"","overlay-opacity":"","overlay-gradient":""},"tablet":{"background-color":"var(--ast-global-color-5)","background-image":"","background-repeat":"repeat","background-position":"center center","background-size":"auto","background-attachment":"scroll","background-type":"","background-media":"","overlay-type":"","overlay-color":"","overlay-opacity":"","overlay-gradient":""},"mobile":{"background-color":"var(--ast-global-color-5)","background-image":"","background-repeat":"repeat","background-position":"center center","background-size":"auto","background-attachment":"scroll","background-type":"","background-media":"","overlay-type":"","overlay-color":"","overlay-opacity":"","overlay-gradient":""}}},"product_brand":[],"product_cat":[925],"product_tag":[1262,1058,944,1272],"class_list":{"0":"post-15145","1":"product","2":"type-product","3":"status-publish","4":"has-post-thumbnail","6":"product_cat-pflanzen-fur-troge-und-beete","7":"product_tag-astern","8":"product_tag-bunte-blumen","9":"product_tag-jahrbucher","10":"product_tag-niedrige-astern","11":"desktop-align-left","12":"tablet-align-left","13":"mobile-align-left","14":"ast-product-gallery-layout-horizontal","15":"ast-product-gallery-with-no-image","16":"ast-product-tabs-layout-horizontal","17":"ast-qv-on-image","19":"first","20":"outofstock","21":"taxable","22":"shipping-taxable","23":"purchasable","24":"product-type-simple"},"aioseo_notices":[],"_links":{"self":[{"href":"https:\/\/flanca.si\/de\/wp-json\/wp\/v2\/product\/15145","targetHints":{"allow":["GET"]}}],"collection":[{"href":"https:\/\/flanca.si\/de\/wp-json\/wp\/v2\/product"}],"about":[{"href":"https:\/\/flanca.si\/de\/wp-json\/wp\/v2\/types\/product"}],"wp:featuredmedia":[{"embeddable":true,"href":"https:\/\/flanca.si\/de\/wp-json\/wp\/v2\/media\/12704"}],"wp:attachment":[{"href":"https:\/\/flanca.si\/de\/wp-json\/wp\/v2\/media?parent=15145"}],"wp:term":[{"taxonomy":"product_brand","embeddable":true,"href":"https:\/\/flanca.si\/de\/wp-json\/wp\/v2\/product_brand?post=15145"},{"taxonomy":"product_cat","embeddable":true,"href":"https:\/\/flanca.si\/de\/wp-json\/wp\/v2\/product_cat?post=15145"},{"taxonomy":"product_tag","embeddable":true,"href":"https:\/\/flanca.si\/de\/wp-json\/wp\/v2\/product_tag?post=15145"}],"curies":[{"name":"wp","href":"https:\/\/api.w.org\/{rel}","templated":true}]}}