{"id":15144,"date":"2020-01-06T12:59:05","date_gmt":"2020-01-06T11:59:05","guid":{"rendered":"https:\/\/flanca.si\/izdelek\/gefleckte-hypoestes-rosa\/"},"modified":"2020-01-06T12:59:05","modified_gmt":"2020-01-06T11:59:05","slug":"gefleckte-hypoestes-rosa","status":"publish","type":"product","link":"https:\/\/flanca.si\/de\/produkt\/gefleckte-hypoestes-rosa\/","title":{"rendered":"Gefleckte Hypoestes rosa"},"content":{"rendered":"<p>In ihrer nat\u00fcrlichen Umgebung w\u00e4chst die Pflanze als Halbstrauch mit verholzter Unterseite. Er stammt aus einem tropischen Klima, daher \u00fcberwintert er bei uns nicht unter freiem Himmel. F\u00fcr das Wachstum ist eine warme und feuchte Umgebung erforderlich. Sie verleiht mit ihren gesprenkelten Bl\u00e4ttern in einer rosa und dunkelgr\u00fcnen Farbkombination ein interessantes und attraktives Aussehen. Wenn wir sie als Zimmerpflanze w\u00e4hlen, wird sie uns als mehrj\u00e4hrige Pflanze dienen. Sie kann auch als Strukturpflanze in Blumenbeeten verwendet werden, \u00fcberwintert aber nicht, wenn wir sie nicht warm halten. Die Pflanze wird nur gut 10-20 cm hoch. <\/p>\n","protected":false},"excerpt":{"rendered":"<ul>\n<li><em>Hypoestes phyllostachya<\/em><\/li>\n<li>In der nat\u00fcrlichen Umgebung w\u00e4chst er als Halbstrauch<\/li>\n<li>Strukturelle Anlage<\/li>\n<li>Zimmerpflanze<\/li>\n<li>Dekorative Schreibbl\u00e4tter<\/li>\n<\/ul>\n<h4><strong>Verpackt 1 S\u00e4mling auf einmal!<\/strong><\/h4>\n","protected":false},"featured_media":12710,"template":"","meta":{"site-sidebar-layout":"default","site-content-layout":"default","ast-site-content-layout":"default","site-content-style":"default","site-sidebar-style":"default","ast-global-header-display":"","ast-banner-title-visibility":"","ast-main-header-display":"","ast-hfb-above-header-display":"","ast-hfb-below-header-display":"","ast-hfb-mobile-header-display":"","site-post-title":"","ast-breadcrumbs-content":"","ast-featured-img":"","footer-sml-layout":"","ast-disable-related-posts":"","theme-transparent-header-meta":"default","adv-header-id-meta":"","stick-header-meta":"default","header-above-stick-meta":"","header-main-stick-meta":"","header-below-stick-meta":"","astra-migrate-meta-layouts":"default","ast-page-background-enabled":"default","ast-page-background-meta":{"desktop":{"background-color":"","background-image":"","background-repeat":"repeat","background-position":"center center","background-size":"auto","background-attachment":"scroll","background-type":"","background-media":"","overlay-type":"","overlay-color":"","overlay-opacity":"","overlay-gradient":""},"tablet":{"background-color":"","background-image":"","background-repeat":"repeat","background-position":"center center","background-size":"auto","background-attachment":"scroll","background-type":"","background-media":"","overlay-type":"","overlay-color":"","overlay-opacity":"","overlay-gradient":""},"mobile":{"background-color":"","background-image":"","background-repeat":"repeat","background-position":"center center","background-size":"auto","background-attachment":"scroll","background-type":"","background-media":"","overlay-type":"","overlay-color":"","overlay-opacity":"","overlay-gradient":""}},"ast-content-background-meta":{"desktop":{"background-color":"var(--ast-global-color-5)","background-image":"","background-repeat":"repeat","background-position":"center center","background-size":"auto","background-attachment":"scroll","background-type":"","background-media":"","overlay-type":"","overlay-color":"","overlay-opacity":"","overlay-gradient":""},"tablet":{"background-color":"var(--ast-global-color-5)","background-image":"","background-repeat":"repeat","background-position":"center center","background-size":"auto","background-attachment":"scroll","background-type":"","background-media":"","overlay-type":"","overlay-color":"","overlay-opacity":"","overlay-gradient":""},"mobile":{"background-color":"var(--ast-global-color-5)","background-image":"","background-repeat":"repeat","background-position":"center center","background-size":"auto","background-attachment":"scroll","background-type":"","background-media":"","overlay-type":"","overlay-color":"","overlay-opacity":"","overlay-gradient":""}}},"product_brand":[],"product_cat":[925],"product_tag":[956,1219,1268,963],"class_list":{"0":"post-15144","1":"product","2":"type-product","3":"status-publish","4":"has-post-thumbnail","6":"product_cat-pflanzen-fur-troge-und-beete","7":"product_tag-blumentroge","8":"product_tag-dekorativer-wert","9":"product_tag-strukturelle-anlage","10":"product_tag-zierpflanze","11":"desktop-align-left","12":"tablet-align-left","13":"mobile-align-left","14":"ast-product-gallery-layout-horizontal","15":"ast-product-gallery-with-no-image","16":"ast-product-tabs-layout-horizontal","17":"ast-qv-on-image","19":"first","20":"outofstock","21":"taxable","22":"shipping-taxable","23":"purchasable","24":"product-type-simple"},"aioseo_notices":[],"_links":{"self":[{"href":"https:\/\/flanca.si\/de\/wp-json\/wp\/v2\/product\/15144","targetHints":{"allow":["GET"]}}],"collection":[{"href":"https:\/\/flanca.si\/de\/wp-json\/wp\/v2\/product"}],"about":[{"href":"https:\/\/flanca.si\/de\/wp-json\/wp\/v2\/types\/product"}],"wp:featuredmedia":[{"embeddable":true,"href":"https:\/\/flanca.si\/de\/wp-json\/wp\/v2\/media\/12710"}],"wp:attachment":[{"href":"https:\/\/flanca.si\/de\/wp-json\/wp\/v2\/media?parent=15144"}],"wp:term":[{"taxonomy":"product_brand","embeddable":true,"href":"https:\/\/flanca.si\/de\/wp-json\/wp\/v2\/product_brand?post=15144"},{"taxonomy":"product_cat","embeddable":true,"href":"https:\/\/flanca.si\/de\/wp-json\/wp\/v2\/product_cat?post=15144"},{"taxonomy":"product_tag","embeddable":true,"href":"https:\/\/flanca.si\/de\/wp-json\/wp\/v2\/product_tag?post=15144"}],"curies":[{"name":"wp","href":"https:\/\/api.w.org\/{rel}","templated":true}]}}