{"id":15143,"date":"2020-01-06T11:35:04","date_gmt":"2020-01-06T10:35:04","guid":{"rendered":"https:\/\/flanca.si\/izdelek\/vinka-volante-burgund\/"},"modified":"2020-01-06T11:35:04","modified_gmt":"2020-01-06T10:35:04","slug":"vinka-volante-burgund","status":"publish","type":"product","link":"https:\/\/flanca.si\/de\/produkt\/vinka-volante-burgund\/","title":{"rendered":"Vinka Volante Burgund"},"content":{"rendered":"<p>Vinka ist eine einj\u00e4hrige Zierpflanze, die sich f\u00fcr die Bepflanzung von Blumenbeeten, Blumenbeeten oder Gr\u00e4bern eignet. Er hat einen buschigen Wuchs. Die Bl\u00e4tter sind oval, dunkelgr\u00fcn, glatt und mit einer dicken Mittelader. Sie bildet einfache, breite sternf\u00f6rmige Bl\u00fcten. Bei der Sorte Volante Burgundy Halo sind die Bl\u00fcten weinrot mit einem hellen Auge in der Mitte. Sie erfreut uns mit ihren Bl\u00fcten von Mai bis September. Die Pflanzen werden an einem sonnigen Ort gepflanzt. Sie haben einen sehr geringen Wasserbedarf und sind resistent gegen Krankheiten.   <\/p>\n","protected":false},"excerpt":{"rendered":"<ul>\n<li><em>Catharantus roseus<\/em><\/li>\n<li>Pflanztr\u00f6ge, Gr\u00e4ber, Sitzstangen<\/li>\n<li>einfache, breite, sternf\u00f6rmige Bl\u00fcten<\/li>\n<li>Bl\u00fcten dunkelrot mit hellem Auge<\/li>\n<li>Sonnige Pl\u00e4tze<\/li>\n<li>Geringer Wasserbedarf<\/li>\n<\/ul>\n<h4><strong>Verpackt 1 S\u00e4mling auf einmal!<\/strong><\/h4>\n","protected":false},"featured_media":12705,"template":"","meta":{"site-sidebar-layout":"default","site-content-layout":"default","ast-site-content-layout":"default","site-content-style":"default","site-sidebar-style":"default","ast-global-header-display":"","ast-banner-title-visibility":"","ast-main-header-display":"","ast-hfb-above-header-display":"","ast-hfb-below-header-display":"","ast-hfb-mobile-header-display":"","site-post-title":"","ast-breadcrumbs-content":"","ast-featured-img":"","footer-sml-layout":"","ast-disable-related-posts":"","theme-transparent-header-meta":"default","adv-header-id-meta":"","stick-header-meta":"default","header-above-stick-meta":"","header-main-stick-meta":"","header-below-stick-meta":"","astra-migrate-meta-layouts":"default","ast-page-background-enabled":"default","ast-page-background-meta":{"desktop":{"background-color":"","background-image":"","background-repeat":"repeat","background-position":"center center","background-size":"auto","background-attachment":"scroll","background-type":"","background-media":"","overlay-type":"","overlay-color":"","overlay-opacity":"","overlay-gradient":""},"tablet":{"background-color":"","background-image":"","background-repeat":"repeat","background-position":"center center","background-size":"auto","background-attachment":"scroll","background-type":"","background-media":"","overlay-type":"","overlay-color":"","overlay-opacity":"","overlay-gradient":""},"mobile":{"background-color":"","background-image":"","background-repeat":"repeat","background-position":"center center","background-size":"auto","background-attachment":"scroll","background-type":"","background-media":"","overlay-type":"","overlay-color":"","overlay-opacity":"","overlay-gradient":""}},"ast-content-background-meta":{"desktop":{"background-color":"var(--ast-global-color-5)","background-image":"","background-repeat":"repeat","background-position":"center center","background-size":"auto","background-attachment":"scroll","background-type":"","background-media":"","overlay-type":"","overlay-color":"","overlay-opacity":"","overlay-gradient":""},"tablet":{"background-color":"var(--ast-global-color-5)","background-image":"","background-repeat":"repeat","background-position":"center center","background-size":"auto","background-attachment":"scroll","background-type":"","background-media":"","overlay-type":"","overlay-color":"","overlay-opacity":"","overlay-gradient":""},"mobile":{"background-color":"var(--ast-global-color-5)","background-image":"","background-repeat":"repeat","background-position":"center center","background-size":"auto","background-attachment":"scroll","background-type":"","background-media":"","overlay-type":"","overlay-color":"","overlay-opacity":"","overlay-gradient":""}}},"product_brand":[],"product_cat":[1056],"product_tag":[946,939,944,924,940,1270],"class_list":{"0":"post-15143","1":"product","2":"type-product","3":"status-publish","4":"has-post-thumbnail","6":"product_cat-pflanzen-fur-schnittblumen","7":"product_tag-bluhend","8":"product_tag-catharanthus-roseus-de","9":"product_tag-jahrbucher","10":"product_tag-troge-und-blumenbeete","11":"product_tag-vinka-de","12":"product_tag-weinrot","13":"desktop-align-left","14":"tablet-align-left","15":"mobile-align-left","16":"ast-product-gallery-layout-horizontal","17":"ast-product-tabs-layout-horizontal","18":"ast-qv-on-image","20":"first","21":"outofstock","22":"taxable","23":"shipping-taxable","24":"purchasable","25":"product-type-simple"},"aioseo_notices":[],"_links":{"self":[{"href":"https:\/\/flanca.si\/de\/wp-json\/wp\/v2\/product\/15143","targetHints":{"allow":["GET"]}}],"collection":[{"href":"https:\/\/flanca.si\/de\/wp-json\/wp\/v2\/product"}],"about":[{"href":"https:\/\/flanca.si\/de\/wp-json\/wp\/v2\/types\/product"}],"wp:featuredmedia":[{"embeddable":true,"href":"https:\/\/flanca.si\/de\/wp-json\/wp\/v2\/media\/12705"}],"wp:attachment":[{"href":"https:\/\/flanca.si\/de\/wp-json\/wp\/v2\/media?parent=15143"}],"wp:term":[{"taxonomy":"product_brand","embeddable":true,"href":"https:\/\/flanca.si\/de\/wp-json\/wp\/v2\/product_brand?post=15143"},{"taxonomy":"product_cat","embeddable":true,"href":"https:\/\/flanca.si\/de\/wp-json\/wp\/v2\/product_cat?post=15143"},{"taxonomy":"product_tag","embeddable":true,"href":"https:\/\/flanca.si\/de\/wp-json\/wp\/v2\/product_tag?post=15143"}],"curies":[{"name":"wp","href":"https:\/\/api.w.org\/{rel}","templated":true}]}}