{"id":15139,"date":"2020-01-06T11:53:40","date_gmt":"2020-01-06T10:53:40","guid":{"rendered":"https:\/\/flanca.si\/izdelek\/vinka-tupfen\/"},"modified":"2020-01-06T11:53:40","modified_gmt":"2020-01-06T10:53:40","slug":"vinka-tupfen","status":"publish","type":"product","link":"https:\/\/flanca.si\/de\/produkt\/vinka-tupfen\/","title":{"rendered":"Vinka Tupfen"},"content":{"rendered":"<p style=\"text-align: left;\">Vinka ist eine einj\u00e4hrige Zierpflanze, die sich f\u00fcr die Bepflanzung von Blumenbeeten, Blumenbeeten oder Gr\u00e4bern eignet. Er hat einen buschigen Wuchs. Die Bl\u00e4tter sind oval, dunkelgr\u00fcn, glatt und mit einer dicken Mittelader. Sie bildet einfache, breite sternf\u00f6rmige Bl\u00fcten.   <\/p>\n<p style=\"text-align: left;\">Bei der Sorte Polka Dot sind die Bl\u00fcten wei\u00df mit einem rosa-roten Auge in der Mitte. Sie erfreut uns mit ihren Bl\u00fcten von Mai bis September. <\/p>\n<p style=\"text-align: left;\">Die Pflanzen werden an einem sonnigen Ort gepflanzt. Sie haben einen sehr geringen Wasserbedarf und sind resistent gegen Krankheiten. <\/p>\n","protected":false},"excerpt":{"rendered":"<ul>\n<li><em>Catharantus roseus<\/em><\/li>\n<li>Pflanztr\u00f6ge, Gr\u00e4ber, Sitzstangen<\/li>\n<li>einfache, breite, sternf\u00f6rmige Bl\u00fcten<\/li>\n<li>Bl\u00fcten von wei\u00dfer Farbe mit einem rosa-roten Auge<\/li>\n<li>Sonnige Pl\u00e4tze<\/li>\n<li>Geringer Wasserbedarf<\/li>\n<\/ul>\n<h4><strong>Verpackt 1 S\u00e4mling auf einmal!<\/strong><\/h4>\n","protected":false},"featured_media":12708,"template":"","meta":{"site-sidebar-layout":"default","site-content-layout":"default","ast-site-content-layout":"default","site-content-style":"default","site-sidebar-style":"default","ast-global-header-display":"","ast-banner-title-visibility":"","ast-main-header-display":"","ast-hfb-above-header-display":"","ast-hfb-below-header-display":"","ast-hfb-mobile-header-display":"","site-post-title":"","ast-breadcrumbs-content":"","ast-featured-img":"","footer-sml-layout":"","ast-disable-related-posts":"","theme-transparent-header-meta":"default","adv-header-id-meta":"","stick-header-meta":"default","header-above-stick-meta":"","header-main-stick-meta":"","header-below-stick-meta":"","astra-migrate-meta-layouts":"default","ast-page-background-enabled":"default","ast-page-background-meta":{"desktop":{"background-color":"","background-image":"","background-repeat":"repeat","background-position":"center center","background-size":"auto","background-attachment":"scroll","background-type":"","background-media":"","overlay-type":"","overlay-color":"","overlay-opacity":"","overlay-gradient":""},"tablet":{"background-color":"","background-image":"","background-repeat":"repeat","background-position":"center center","background-size":"auto","background-attachment":"scroll","background-type":"","background-media":"","overlay-type":"","overlay-color":"","overlay-opacity":"","overlay-gradient":""},"mobile":{"background-color":"","background-image":"","background-repeat":"repeat","background-position":"center center","background-size":"auto","background-attachment":"scroll","background-type":"","background-media":"","overlay-type":"","overlay-color":"","overlay-opacity":"","overlay-gradient":""}},"ast-content-background-meta":{"desktop":{"background-color":"var(--ast-global-color-5)","background-image":"","background-repeat":"repeat","background-position":"center center","background-size":"auto","background-attachment":"scroll","background-type":"","background-media":"","overlay-type":"","overlay-color":"","overlay-opacity":"","overlay-gradient":""},"tablet":{"background-color":"var(--ast-global-color-5)","background-image":"","background-repeat":"repeat","background-position":"center center","background-size":"auto","background-attachment":"scroll","background-type":"","background-media":"","overlay-type":"","overlay-color":"","overlay-opacity":"","overlay-gradient":""},"mobile":{"background-color":"var(--ast-global-color-5)","background-image":"","background-repeat":"repeat","background-position":"center center","background-size":"auto","background-attachment":"scroll","background-type":"","background-media":"","overlay-type":"","overlay-color":"","overlay-opacity":"","overlay-gradient":""}}},"product_brand":[],"product_cat":[1056],"product_tag":[938,939,940,1161],"class_list":{"0":"post-15139","1":"product","2":"type-product","3":"status-publish","4":"has-post-thumbnail","6":"product_cat-pflanzen-fur-schnittblumen","7":"product_tag-blumen","8":"product_tag-catharanthus-roseus-de","9":"product_tag-vinka-de","10":"product_tag-weis-bluhend","11":"desktop-align-left","12":"tablet-align-left","13":"mobile-align-left","14":"ast-product-gallery-layout-horizontal","15":"ast-product-gallery-with-no-image","16":"ast-product-tabs-layout-horizontal","17":"ast-qv-on-image","19":"first","20":"outofstock","21":"taxable","22":"shipping-taxable","23":"purchasable","24":"product-type-simple"},"aioseo_notices":[],"_links":{"self":[{"href":"https:\/\/flanca.si\/de\/wp-json\/wp\/v2\/product\/15139","targetHints":{"allow":["GET"]}}],"collection":[{"href":"https:\/\/flanca.si\/de\/wp-json\/wp\/v2\/product"}],"about":[{"href":"https:\/\/flanca.si\/de\/wp-json\/wp\/v2\/types\/product"}],"wp:featuredmedia":[{"embeddable":true,"href":"https:\/\/flanca.si\/de\/wp-json\/wp\/v2\/media\/12708"}],"wp:attachment":[{"href":"https:\/\/flanca.si\/de\/wp-json\/wp\/v2\/media?parent=15139"}],"wp:term":[{"taxonomy":"product_brand","embeddable":true,"href":"https:\/\/flanca.si\/de\/wp-json\/wp\/v2\/product_brand?post=15139"},{"taxonomy":"product_cat","embeddable":true,"href":"https:\/\/flanca.si\/de\/wp-json\/wp\/v2\/product_cat?post=15139"},{"taxonomy":"product_tag","embeddable":true,"href":"https:\/\/flanca.si\/de\/wp-json\/wp\/v2\/product_tag?post=15139"}],"curies":[{"name":"wp","href":"https:\/\/api.w.org\/{rel}","templated":true}]}}