{"id":15136,"date":"2020-01-06T13:33:08","date_gmt":"2020-01-06T12:33:08","guid":{"rendered":"https:\/\/flanca.si\/izdelek\/portulak\/"},"modified":"2020-01-06T13:33:08","modified_gmt":"2020-01-06T12:33:08","slug":"portulak","status":"publish","type":"product","link":"https:\/\/flanca.si\/de\/produkt\/portulak\/","title":{"rendered":"Portulak"},"content":{"rendered":"<p>Portulak oder gro\u00dfbl\u00fctiger Portulak ist eine einj\u00e4hrige, unpr\u00e4tenti\u00f6se Pflanze, die sich f\u00fcr den Anbau in T\u00f6pfen, Blumenbeeten und Steing\u00e4rten eignet. Sie bildet Brut- oder H\u00e4ngebrut, wodurch sie sich f\u00fcr den Anbau in Kleiderb\u00fcgeln eignet. Sie wird am besten an extrem sonnigen Standorten und an entw\u00e4sserten Standorten gepflanzt. Die gro\u00dfen Bl\u00fcten \u00f6ffnen sich nur im Sonnenlicht und enth\u00fcllen ihre spektakul\u00e4ren tropischen Farben vor dem Hintergrund des fleischigen Laubs. In einem regnerischen Sommer verw\u00f6hnt sie uns zum Beispiel nicht mit ihren bunten Bl\u00fcten. Die Pflanze wird in den meisten F\u00e4llen nicht in Kombination mit anderen Pflanzen gepflanzt, die Pflanze selbst hat den maximalen dekorativen Wert. <\/p>\n","protected":false},"excerpt":{"rendered":"<ul>\n<li>Portulaca grandiflora<\/li>\n<li>gro\u00dfblumiger Portulak<\/li>\n<li>Unpr\u00e4tenti\u00f6se Pflanze<\/li>\n<li>bildet h\u00e4ngende h\u00e4ngende Setzlinge<\/li>\n<li>Wir pflanzen an sonnigen Standorten<\/li>\n<li>Blumen in tropischen Farben<\/li>\n<\/ul>\n<h4><strong>Jeweils 4 Setzlinge verpackt!<\/strong><\/h4>\n","protected":false},"featured_media":12715,"template":"","meta":{"site-sidebar-layout":"default","site-content-layout":"default","ast-site-content-layout":"default","site-content-style":"default","site-sidebar-style":"default","ast-global-header-display":"","ast-banner-title-visibility":"","ast-main-header-display":"","ast-hfb-above-header-display":"","ast-hfb-below-header-display":"","ast-hfb-mobile-header-display":"","site-post-title":"","ast-breadcrumbs-content":"","ast-featured-img":"","footer-sml-layout":"","ast-disable-related-posts":"","theme-transparent-header-meta":"default","adv-header-id-meta":"","stick-header-meta":"default","header-above-stick-meta":"","header-main-stick-meta":"","header-below-stick-meta":"","astra-migrate-meta-layouts":"default","ast-page-background-enabled":"default","ast-page-background-meta":{"desktop":{"background-color":"","background-image":"","background-repeat":"repeat","background-position":"center center","background-size":"auto","background-attachment":"scroll","background-type":"","background-media":"","overlay-type":"","overlay-color":"","overlay-opacity":"","overlay-gradient":""},"tablet":{"background-color":"","background-image":"","background-repeat":"repeat","background-position":"center center","background-size":"auto","background-attachment":"scroll","background-type":"","background-media":"","overlay-type":"","overlay-color":"","overlay-opacity":"","overlay-gradient":""},"mobile":{"background-color":"","background-image":"","background-repeat":"repeat","background-position":"center center","background-size":"auto","background-attachment":"scroll","background-type":"","background-media":"","overlay-type":"","overlay-color":"","overlay-opacity":"","overlay-gradient":""}},"ast-content-background-meta":{"desktop":{"background-color":"var(--ast-global-color-5)","background-image":"","background-repeat":"repeat","background-position":"center center","background-size":"auto","background-attachment":"scroll","background-type":"","background-media":"","overlay-type":"","overlay-color":"","overlay-opacity":"","overlay-gradient":""},"tablet":{"background-color":"var(--ast-global-color-5)","background-image":"","background-repeat":"repeat","background-position":"center center","background-size":"auto","background-attachment":"scroll","background-type":"","background-media":"","overlay-type":"","overlay-color":"","overlay-opacity":"","overlay-gradient":""},"mobile":{"background-color":"var(--ast-global-color-5)","background-image":"","background-repeat":"repeat","background-position":"center center","background-size":"auto","background-attachment":"scroll","background-type":"","background-media":"","overlay-type":"","overlay-color":"","overlay-opacity":"","overlay-gradient":""}}},"product_brand":[],"product_cat":[1056],"product_tag":[957,1058,1263,1019],"class_list":{"0":"post-15136","1":"product","2":"type-product","3":"status-publish","4":"has-post-thumbnail","6":"product_cat-pflanzen-fur-schnittblumen","7":"product_tag-blumenbeete","8":"product_tag-bunte-blumen","9":"product_tag-portulak-de","10":"product_tag-steingarten","11":"desktop-align-left","12":"tablet-align-left","13":"mobile-align-left","14":"ast-product-gallery-layout-horizontal","15":"ast-product-tabs-layout-horizontal","16":"ast-qv-on-image","18":"first","19":"instock","20":"taxable","21":"shipping-taxable","22":"purchasable","23":"product-type-simple"},"aioseo_notices":[],"_links":{"self":[{"href":"https:\/\/flanca.si\/de\/wp-json\/wp\/v2\/product\/15136","targetHints":{"allow":["GET"]}}],"collection":[{"href":"https:\/\/flanca.si\/de\/wp-json\/wp\/v2\/product"}],"about":[{"href":"https:\/\/flanca.si\/de\/wp-json\/wp\/v2\/types\/product"}],"wp:featuredmedia":[{"embeddable":true,"href":"https:\/\/flanca.si\/de\/wp-json\/wp\/v2\/media\/12715"}],"wp:attachment":[{"href":"https:\/\/flanca.si\/de\/wp-json\/wp\/v2\/media?parent=15136"}],"wp:term":[{"taxonomy":"product_brand","embeddable":true,"href":"https:\/\/flanca.si\/de\/wp-json\/wp\/v2\/product_brand?post=15136"},{"taxonomy":"product_cat","embeddable":true,"href":"https:\/\/flanca.si\/de\/wp-json\/wp\/v2\/product_cat?post=15136"},{"taxonomy":"product_tag","embeddable":true,"href":"https:\/\/flanca.si\/de\/wp-json\/wp\/v2\/product_tag?post=15136"}],"curies":[{"name":"wp","href":"https:\/\/api.w.org\/{rel}","templated":true}]}}