{"id":15133,"date":"2020-01-07T09:08:08","date_gmt":"2020-01-07T08:08:08","guid":{"rendered":"https:\/\/flanca.si\/izdelek\/kaninchen\/"},"modified":"2020-01-07T09:08:08","modified_gmt":"2020-01-07T08:08:08","slug":"kaninchen","status":"publish","type":"product","link":"https:\/\/flanca.si\/de\/produkt\/kaninchen\/","title":{"rendered":"Kaninchen"},"content":{"rendered":"<p>Hasen sind mittelgro\u00df und in verschiedenen Farben erh\u00e4ltlich, die sich zum Dekorieren von Sitzstangen und zum Schneiden eignen. Eine ein- oder zweij\u00e4hrige Pflanze, die in Beeten gepflanzt wird und als Schnittblumen verwendet werden kann. In Kombination mit dem Rest der Sommerschnittblumen entstehen wundersch\u00f6ne Str\u00e4u\u00dfe, die uns in einer Vase lange halten. Die Pflanze hat eine andere Bl\u00fctenfarbe und Wuchsh\u00f6he. F\u00fcr ein \u00fcppiges Wachstum empfiehlt es sich, sie an einem etwas sonnigeren Standort zu pflanzen, und sie vertragen auch Halbschatten. Hasen geh\u00f6ren zu den unpr\u00e4tenti\u00f6sen, bunt bl\u00fchenden Einj\u00e4hrigen. Auch beim Pflanzen in K\u00fcbeln werden sie an einen sonnigen bis halbschattigen Platz gestellt. <\/p>\n","protected":false},"excerpt":{"rendered":"<ul>\n<li><em>Antirrhinum majus<\/em><\/li>\n<li>zahlreiche bunte Blumen<\/li>\n<li>geeignet f\u00fcr sommerliche Str\u00e4u\u00dfe<\/li>\n<li>unterschiedliche Pflanzenh\u00f6he<\/li>\n<li>Wir pflanzen an sonnigen Standorten<\/li>\n<\/ul>\n<h4><strong>Jeweils 4 Setzlinge verpackt!<\/strong><\/h4>\n","protected":false},"featured_media":12729,"template":"","meta":{"site-sidebar-layout":"default","site-content-layout":"default","ast-site-content-layout":"default","site-content-style":"default","site-sidebar-style":"default","ast-global-header-display":"","ast-banner-title-visibility":"","ast-main-header-display":"","ast-hfb-above-header-display":"","ast-hfb-below-header-display":"","ast-hfb-mobile-header-display":"","site-post-title":"","ast-breadcrumbs-content":"","ast-featured-img":"","footer-sml-layout":"","ast-disable-related-posts":"","theme-transparent-header-meta":"default","adv-header-id-meta":"","stick-header-meta":"default","header-above-stick-meta":"","header-main-stick-meta":"","header-below-stick-meta":"","astra-migrate-meta-layouts":"default","ast-page-background-enabled":"default","ast-page-background-meta":{"desktop":{"background-color":"","background-image":"","background-repeat":"repeat","background-position":"center center","background-size":"auto","background-attachment":"scroll","background-type":"","background-media":"","overlay-type":"","overlay-color":"","overlay-opacity":"","overlay-gradient":""},"tablet":{"background-color":"","background-image":"","background-repeat":"repeat","background-position":"center center","background-size":"auto","background-attachment":"scroll","background-type":"","background-media":"","overlay-type":"","overlay-color":"","overlay-opacity":"","overlay-gradient":""},"mobile":{"background-color":"","background-image":"","background-repeat":"repeat","background-position":"center center","background-size":"auto","background-attachment":"scroll","background-type":"","background-media":"","overlay-type":"","overlay-color":"","overlay-opacity":"","overlay-gradient":""}},"ast-content-background-meta":{"desktop":{"background-color":"var(--ast-global-color-5)","background-image":"","background-repeat":"repeat","background-position":"center center","background-size":"auto","background-attachment":"scroll","background-type":"","background-media":"","overlay-type":"","overlay-color":"","overlay-opacity":"","overlay-gradient":""},"tablet":{"background-color":"var(--ast-global-color-5)","background-image":"","background-repeat":"repeat","background-position":"center center","background-size":"auto","background-attachment":"scroll","background-type":"","background-media":"","overlay-type":"","overlay-color":"","overlay-opacity":"","overlay-gradient":""},"mobile":{"background-color":"var(--ast-global-color-5)","background-image":"","background-repeat":"repeat","background-position":"center center","background-size":"auto","background-attachment":"scroll","background-type":"","background-media":"","overlay-type":"","overlay-color":"","overlay-opacity":"","overlay-gradient":""}}},"product_brand":[],"product_cat":[1056],"product_tag":[1252,1261,1162,963],"class_list":{"0":"post-15133","1":"product","2":"type-product","3":"status-publish","4":"has-post-thumbnail","6":"product_cat-pflanzen-fur-schnittblumen","7":"product_tag-bunte-blumen-de","8":"product_tag-kaninchen","9":"product_tag-schnittblumen","10":"product_tag-zierpflanze","11":"desktop-align-left","12":"tablet-align-left","13":"mobile-align-left","14":"ast-product-gallery-layout-horizontal","15":"ast-product-tabs-layout-horizontal","16":"ast-qv-on-image","18":"first","19":"outofstock","20":"taxable","21":"shipping-taxable","22":"purchasable","23":"product-type-simple"},"aioseo_notices":[],"_links":{"self":[{"href":"https:\/\/flanca.si\/de\/wp-json\/wp\/v2\/product\/15133","targetHints":{"allow":["GET"]}}],"collection":[{"href":"https:\/\/flanca.si\/de\/wp-json\/wp\/v2\/product"}],"about":[{"href":"https:\/\/flanca.si\/de\/wp-json\/wp\/v2\/types\/product"}],"wp:featuredmedia":[{"embeddable":true,"href":"https:\/\/flanca.si\/de\/wp-json\/wp\/v2\/media\/12729"}],"wp:attachment":[{"href":"https:\/\/flanca.si\/de\/wp-json\/wp\/v2\/media?parent=15133"}],"wp:term":[{"taxonomy":"product_brand","embeddable":true,"href":"https:\/\/flanca.si\/de\/wp-json\/wp\/v2\/product_brand?post=15133"},{"taxonomy":"product_cat","embeddable":true,"href":"https:\/\/flanca.si\/de\/wp-json\/wp\/v2\/product_cat?post=15133"},{"taxonomy":"product_tag","embeddable":true,"href":"https:\/\/flanca.si\/de\/wp-json\/wp\/v2\/product_tag?post=15133"}],"curies":[{"name":"wp","href":"https:\/\/api.w.org\/{rel}","templated":true}]}}