{"id":15130,"date":"2020-01-07T07:01:28","date_gmt":"2020-01-07T06:01:28","guid":{"rendered":"https:\/\/flanca.si\/izdelek\/roter-cappuccino\/"},"modified":"2020-01-07T07:01:28","modified_gmt":"2020-01-07T06:01:28","slug":"roter-cappuccino","status":"publish","type":"product","link":"https:\/\/flanca.si\/de\/produkt\/roter-cappuccino\/","title":{"rendered":"Roter Cappuccino"},"content":{"rendered":"<p>Kapuziner ist eine einj\u00e4hrige Pflanze, die orange-gelbe, rote oder bunte Bl\u00fcten bildet. Die Bl\u00fcten der Pflanze erinnern an die Haube, weshalb wir sie Kapuzineraffen nennen. In der Bepflanzung vertragen sie sich wunderbar mit Geranien, Gazanien und Kr\u00e4utern. Die Pflanze ist kleinw\u00fcchsig und w\u00e4chst nicht \u00fcberwuchert. Viele Menschen wissen nicht, dass der Kapuziner Blattl\u00e4use und Blutsauger abwehrt, daher kann er auch entlang der St\u00e4mme eines Baumes auf den sogenannten Baumrotationen gepflanzt werden. Es schreckt auch Raupen, Schnecken, Ameisen und M\u00e4use ab. Aufgrund dieser Eigenschaften sind Cappuccinos gute Nachbarn f\u00fcr Tomaten, Kartoffeln, hohe Bohnen und Rosen. Da die Pflanze Gem\u00fcsebeete vor Schnecken sch\u00fctzt, kann sie auch an den R\u00e4ndern von Blumenbeeten ausges\u00e4t werden. Aufgrund seiner Optik eignet sich Cappuccino auch zum Dekorieren von Gerichten. Die Bl\u00e4tter, Bl\u00fcten und Samen der Pflanze sind essbar.   <\/p>\n","protected":false},"excerpt":{"rendered":"<ul>\n<li><em>Tropaelum minus<\/em><\/li>\n<li>Jahrb\u00fccher<\/li>\n<li>orangefarbene, gelbe, bunte Bl\u00fcten<\/li>\n<li>Blumen \u00e4hneln einer Haube<\/li>\n<li>Wehrt Blattl\u00e4use und Blutsauger ab<\/li>\n<li>Empfohlen f\u00fcr die Pflanzung in G\u00e4rten<\/li>\n<li>essbare Bl\u00e4tter, Bl\u00fcten, Samen der Pflanze<\/li>\n<\/ul>\n","protected":false},"featured_media":12721,"template":"","meta":{"site-sidebar-layout":"default","site-content-layout":"default","ast-site-content-layout":"default","site-content-style":"default","site-sidebar-style":"default","ast-global-header-display":"","ast-banner-title-visibility":"","ast-main-header-display":"","ast-hfb-above-header-display":"","ast-hfb-below-header-display":"","ast-hfb-mobile-header-display":"","site-post-title":"","ast-breadcrumbs-content":"","ast-featured-img":"","footer-sml-layout":"","ast-disable-related-posts":"","theme-transparent-header-meta":"default","adv-header-id-meta":"","stick-header-meta":"default","header-above-stick-meta":"","header-main-stick-meta":"","header-below-stick-meta":"","astra-migrate-meta-layouts":"default","ast-page-background-enabled":"default","ast-page-background-meta":{"desktop":{"background-color":"","background-image":"","background-repeat":"repeat","background-position":"center center","background-size":"auto","background-attachment":"scroll","background-type":"","background-media":"","overlay-type":"","overlay-color":"","overlay-opacity":"","overlay-gradient":""},"tablet":{"background-color":"","background-image":"","background-repeat":"repeat","background-position":"center center","background-size":"auto","background-attachment":"scroll","background-type":"","background-media":"","overlay-type":"","overlay-color":"","overlay-opacity":"","overlay-gradient":""},"mobile":{"background-color":"","background-image":"","background-repeat":"repeat","background-position":"center center","background-size":"auto","background-attachment":"scroll","background-type":"","background-media":"","overlay-type":"","overlay-color":"","overlay-opacity":"","overlay-gradient":""}},"ast-content-background-meta":{"desktop":{"background-color":"var(--ast-global-color-5)","background-image":"","background-repeat":"repeat","background-position":"center center","background-size":"auto","background-attachment":"scroll","background-type":"","background-media":"","overlay-type":"","overlay-color":"","overlay-opacity":"","overlay-gradient":""},"tablet":{"background-color":"var(--ast-global-color-5)","background-image":"","background-repeat":"repeat","background-position":"center center","background-size":"auto","background-attachment":"scroll","background-type":"","background-media":"","overlay-type":"","overlay-color":"","overlay-opacity":"","overlay-gradient":""},"mobile":{"background-color":"var(--ast-global-color-5)","background-image":"","background-repeat":"repeat","background-position":"center center","background-size":"auto","background-attachment":"scroll","background-type":"","background-media":"","overlay-type":"","overlay-color":"","overlay-opacity":"","overlay-gradient":""}}},"product_brand":[],"product_cat":[925],"product_tag":[946,1257,1258,1134],"class_list":{"0":"post-15130","1":"product","2":"type-product","3":"status-publish","4":"has-post-thumbnail","6":"product_cat-pflanzen-fur-troge-und-beete","7":"product_tag-bluhend","8":"product_tag-cappuccino","9":"product_tag-essbare-bluten","10":"product_tag-kuche-de","11":"desktop-align-left","12":"tablet-align-left","13":"mobile-align-left","14":"ast-product-gallery-layout-horizontal","15":"ast-product-tabs-layout-horizontal","16":"ast-qv-on-image","18":"first","19":"instock","20":"taxable","21":"shipping-taxable","22":"purchasable","23":"product-type-simple"},"aioseo_notices":[],"_links":{"self":[{"href":"https:\/\/flanca.si\/de\/wp-json\/wp\/v2\/product\/15130","targetHints":{"allow":["GET"]}}],"collection":[{"href":"https:\/\/flanca.si\/de\/wp-json\/wp\/v2\/product"}],"about":[{"href":"https:\/\/flanca.si\/de\/wp-json\/wp\/v2\/types\/product"}],"wp:featuredmedia":[{"embeddable":true,"href":"https:\/\/flanca.si\/de\/wp-json\/wp\/v2\/media\/12721"}],"wp:attachment":[{"href":"https:\/\/flanca.si\/de\/wp-json\/wp\/v2\/media?parent=15130"}],"wp:term":[{"taxonomy":"product_brand","embeddable":true,"href":"https:\/\/flanca.si\/de\/wp-json\/wp\/v2\/product_brand?post=15130"},{"taxonomy":"product_cat","embeddable":true,"href":"https:\/\/flanca.si\/de\/wp-json\/wp\/v2\/product_cat?post=15130"},{"taxonomy":"product_tag","embeddable":true,"href":"https:\/\/flanca.si\/de\/wp-json\/wp\/v2\/product_tag?post=15130"}],"curies":[{"name":"wp","href":"https:\/\/api.w.org\/{rel}","templated":true}]}}